{"id":101,"date":"2023-03-22T10:08:43","date_gmt":"2023-03-22T09:08:43","guid":{"rendered":"https:\/\/svcertification.com\/peru\/?page_id=101"},"modified":"2026-04-09T17:56:45","modified_gmt":"2026-04-09T15:56:45","slug":"solicitud-de-presupuesto","status":"publish","type":"page","link":"https:\/\/svcertification.com\/peru\/solicitud-de-presupuesto\/","title":{"rendered":"Solicitud de presupuesto"},"content":{"rendered":"\n<h1 class=\"wp-block-heading has-text-align-center\">Solicitud de presupuesto<\/h1>\n\n\n\n<p class=\"has-text-align-center\">Para recibir informaci\u00f3n y tarifas relacionadas con nuestros servicios, complete el formulario \u00abSolicitud de cotizaci\u00f3n\u00bb a continuaci\u00f3n.&nbsp;Nuestro equipo le proporcionar\u00e1 un presupuesto detallado y toda la informaci\u00f3n adicional que solicite lo antes posible.<\/p>\n\n\n\n<div class=\"wp-block-columns alignwide is-layout-flex wp-container-core-columns-is-layout-28f84493 wp-block-columns-is-layout-flex\">\n<div class=\"wp-block-column is-layout-flow wp-block-column-is-layout-flow\" style=\"flex-basis:10%\"><\/div>\n\n\n\n<div class=\"wp-block-column is-layout-flow wp-block-column-is-layout-flow\" style=\"flex-basis:80%\"><div class='fluentform ff-default fluentform_wrapper_2  ff_guten_block ff_guten_block-2 ffs_default_wrap'><form data-form_id=\"2\" id=\"fluentform_2\" class=\"frm-fluent-form fluent_form_2 ff-el-form-top ff_form_instance_2_1 ff-form-loading ff_has_v3_recptcha ffs_default\" data-form_instance=\"ff_form_instance_2_1\" method=\"POST\" data-recptcha_key=\"6LdOuNEhAAAAAJPwI6wD6WXuVZAqC_XZJWhqLqrF\" ><fieldset  style=\"border: none!important;margin: 0!important;padding: 0!important;background-color: transparent!important;box-shadow: none!important;outline: none!important; min-inline-size: 100%;\">\n                    <legend class=\"ff_screen_reader_title\" style=\"display: block; margin: 0!important;padding: 0!important;height: 0!important;text-indent: -999999px;width: 0!important;overflow:hidden;\">Richiesta preventivo<\/legend><input type='hidden' name='__fluent_form_embded_post_id' value='101' \/><input type=\"hidden\" id=\"_fluentform_2_fluentformnonce\" name=\"_fluentform_2_fluentformnonce\" value=\"10a3622a8a\" \/><input type=\"hidden\" name=\"_wp_http_referer\" value=\"\/peru\/wp-json\/wp\/v2\/pages\/101\" \/><div data-name=\"ff_cn_id_1\"  class='ff-t-container ff-column-container ff_columns_total_2 '><div class='ff-t-cell ff-t-column-1' style='flex-basis: 50%;'><div data-type=\"name-element\" data-name=\"nome\" class=\" ff-field_container ff-name-field-wrapper\" ><div class='ff-t-container'><div class='ff-t-cell '><div class='ff-el-group ff-el-form-top'><div class=\"ff-el-input--label ff-el-is-required asterisk-right\"><label for='ff_2_nome_first_name_' id='label_ff_2_nome_first_name_' >Nombre y Apellido<\/label><\/div><div class='ff-el-input--content'><input type=\"text\" name=\"nome[first_name]\" id=\"ff_2_nome_first_name_\" class=\"ff-el-form-control\" aria-invalid=\"false\" aria-required=true><\/div><\/div><\/div><\/div><\/div><\/div><div class='ff-t-cell ff-t-column-2' style='flex-basis: 50%;'><div class='ff-el-group'><div class=\"ff-el-input--label ff-el-is-required asterisk-right\"><label for='ff_2_azienda_ragione_sociale' id='label_ff_2_azienda_ragione_sociale' aria-label=\"Empresa\">Empresa<\/label><\/div><div class='ff-el-input--content'><input type=\"text\" name=\"azienda_ragione_sociale\" class=\"ff-el-form-control\" data-name=\"azienda_ragione_sociale\" id=\"ff_2_azienda_ragione_sociale\"  aria-invalid=\"false\" aria-required=true><\/div><\/div><\/div><\/div><div data-name=\"ff_cn_id_2\"  class='ff-t-container ff-column-container ff_columns_total_2 '><div class='ff-t-cell ff-t-column-1' style='flex-basis: 50%;'><div class='ff-el-group'><div class=\"ff-el-input--label ff-el-is-required asterisk-right\"><label for='ff_2_p_iva' id='label_ff_2_p_iva' aria-label=\"Numero de IVA\">Numero de IVA<\/label><\/div><div class='ff-el-input--content'><input type=\"text\" name=\"p_iva\" class=\"ff-el-form-control\" data-name=\"p_iva\" id=\"ff_2_p_iva\"  aria-invalid=\"false\" aria-required=true><\/div><\/div><\/div><div class='ff-t-cell ff-t-column-2' style='flex-basis: 50%;'><div class='ff-el-group'><div class=\"ff-el-input--label ff-el-is-required asterisk-right\"><label for='ff_2_indirizzo' id='label_ff_2_indirizzo' aria-label=\"Direcci\u00f3n\">Direcci\u00f3n<\/label><\/div><div class='ff-el-input--content'><input type=\"text\" name=\"indirizzo\" class=\"ff-el-form-control\" data-name=\"indirizzo\" id=\"ff_2_indirizzo\"  aria-invalid=\"false\" aria-required=true><\/div><\/div><\/div><\/div><div data-name=\"ff_cn_id_3\"  class='ff-t-container ff-column-container ff_columns_total_2 '><div class='ff-t-cell ff-t-column-1' style='flex-basis: 50%;'><div class='ff-el-group'><div class=\"ff-el-input--label ff-el-is-required asterisk-right\"><label for='ff_2_telefono' id='label_ff_2_telefono' aria-label=\"N\u00f9mero de tel\u00e9fono\">N\u00f9mero de tel\u00e9fono<\/label><\/div><div class='ff-el-input--content'><input type=\"text\" name=\"telefono\" class=\"ff-el-form-control\" data-name=\"telefono\" id=\"ff_2_telefono\"  aria-invalid=\"false\" aria-required=true><\/div><\/div><\/div><div class='ff-t-cell ff-t-column-2' style='flex-basis: 50%;'><div class='ff-el-group'><div class=\"ff-el-input--label ff-el-is-required asterisk-right\"><label for='ff_2_email' id='label_ff_2_email' aria-label=\"Correo electr\u00f3nico\">Correo electr\u00f3nico<\/label><\/div><div class='ff-el-input--content'><input type=\"email\" name=\"email\" id=\"ff_2_email\" class=\"ff-el-form-control\" data-name=\"email\"  aria-invalid=\"false\" aria-required=true><\/div><\/div><\/div><\/div><div class='ff-el-group'><div class=\"ff-el-input--label ff-el-is-required asterisk-right\"><label   aria-label=\"Categor\u00eca\">Categor\u00eca<\/label><\/div><div class='ff-el-input--content'><div class='ff-el-form-check ff-el-form-check-'><label class='ff-el-form-check-label' for='categoria_c44c27d1af2cedc00d1c6e37e9639d72'><input  type=\"radio\" name=\"categoria\" data-name=\"categoria\" class=\"ff-el-form-check-input ff-el-form-check-radio\" value=\"Certificaci\u00f3n de Sistemas\"  id='categoria_c44c27d1af2cedc00d1c6e37e9639d72' aria-label='Certificaci\u00f3n de Sistemas' aria-invalid='false' aria-required=true> <span>Certificaci\u00f3n de Sistemas<\/span><\/label><\/div><div class='ff-el-form-check ff-el-form-check-'><label class='ff-el-form-check-label' for='categoria_da81e231495dbd185211ccceb5209042'><input  type=\"radio\" name=\"categoria\" data-name=\"categoria\" class=\"ff-el-form-check-input ff-el-form-check-radio\" value=\"Certificaci\u00f3n de Productos\"  id='categoria_da81e231495dbd185211ccceb5209042' aria-label='Certificaci\u00f3n de Productos' aria-invalid='false' aria-required=true> <span>Certificaci\u00f3n de Productos<\/span><\/label><\/div><div class='ff-el-form-check ff-el-form-check-'><label class='ff-el-form-check-label' for='categoria_50991484b8d9c4d099e5ef70765838f5'><input  type=\"radio\" name=\"categoria\" data-name=\"categoria\" class=\"ff-el-form-check-input ff-el-form-check-radio\" value=\"Etiquetado CE\"  id='categoria_50991484b8d9c4d099e5ef70765838f5' aria-label='Etiquetado CE' aria-invalid='false' aria-required=true> <span>Etiquetado CE<\/span><\/label><\/div><div class='ff-el-form-check ff-el-form-check-'><label class='ff-el-form-check-label' for='categoria_5a404a73007e1601f4da3dc8695031dc'><input  type=\"radio\" name=\"categoria\" data-name=\"categoria\" class=\"ff-el-form-check-input ff-el-form-check-radio\" value=\"Auditor\u00eda financiera y seguridad inform\u00e1tica\"  id='categoria_5a404a73007e1601f4da3dc8695031dc' aria-label='Auditor\u00eda financiera y seguridad inform\u00e1tica' aria-invalid='false' aria-required=true> <span>Auditor\u00eda financiera y seguridad inform\u00e1tica<\/span><\/label><\/div><\/div><\/div><div class='ff-el-group'><div class=\"ff-el-input--label asterisk-right\"><label for='ff_2_altre_info' id='label_ff_2_altre_info' aria-label=\"M\u00e1s informaci\u00f3n\">M\u00e1s informaci\u00f3n<\/label><\/div><div class='ff-el-input--content'><textarea aria-required=\"false\" aria-labelledby=\"label_ff_2_altre_info\" name=\"altre_info\" id=\"ff_2_altre_info\" class=\"ff-el-form-control\" rows=\"3\" cols=\"2\" data-name=\"altre_info\" ><\/textarea><\/div><\/div><div class='ff-el-group    ff-el-input--content'><div class='ff-el-form-check ff-el-tc'><label aria-label='Terms and Conditions: Acepto el procesamiento de datos personales de acuerdo con la\u00a0Pol\u00edtica de Privacidad y Cookies\u00a0de este sitio. Contains 1 link. Use tab navigation to review.' class='ff-el-form-check-label ff_tc_label' for=terms-n-condition_4f087c137a6c8347bd193686b791c3c0><span class='ff_tc_checkbox'><input type=\"checkbox\" name=\"terms-n-condition\" class=\"ff-el-form-check-input\" data-name=\"terms-n-condition\" id=\"terms-n-condition_4f087c137a6c8347bd193686b791c3c0\"  value='on' aria-invalid='false' aria-required=true><\/span> <div class='ff_t_c'><p>Acepto el procesamiento de datos personales de acuerdo con la\u00a0<a href=\"https:\/\/svcertification.com\/peru\/politica-de-privacidad-y-cookies\/\">Pol\u00edtica de Privacidad y Cookies<\/a>\u00a0de este sitio.<\/p><\/div><\/label><\/div><\/div><div class='ff-el-group ff-text-left ff_submit_btn_wrapper'><button type=\"submit\" class=\"ff-btn ff-btn-submit ff-btn-md ff_btn_style wpf_has_custom_css\"  aria-label=\"Enviar Solicitud\">Enviar Solicitud<\/button><\/div><\/fieldset><\/form><div id='fluentform_2_errors' class='ff-errors-in-stack ff_form_instance_2_1 ff-form-loading_errors ff_form_instance_2_1_errors'><\/div><\/div>            <script type=\"text\/javascript\">\n                window.fluent_form_ff_form_instance_2_1 = {\"id\":\"2\",\"ajaxUrl\":\"https:\\\/\\\/svcertification.com\\\/peru\\\/wp-admin\\\/admin-ajax.php\",\"settings\":{\"layout\":{\"labelPlacement\":\"top\",\"asteriskPlacement\":\"asterisk-right\",\"helpMessagePlacement\":\"with_label\",\"errorMessagePlacement\":\"inline\",\"cssClassName\":\"\"},\"restrictions\":{\"denyEmptySubmission\":{\"enabled\":false}}},\"form_instance\":\"ff_form_instance_2_1\",\"form_id_selector\":\"fluentform_2\",\"rules\":{\"nome[first_name]\":{\"required\":{\"value\":true,\"message\":\"This field is required\",\"global_message\":\"Questo campo \\u00e8 obbligatorio\",\"global\":true}},\"nome[middle_name]\":{\"required\":{\"value\":false,\"message\":\"This field is required\",\"global_message\":\"Questo campo \\u00e8 obbligatorio\",\"global\":true}},\"nome[last_name]\":{\"required\":{\"value\":false,\"message\":\"This field is required\",\"global_message\":\"Questo campo \\u00e8 obbligatorio\",\"global\":true}},\"azienda_ragione_sociale\":{\"required\":{\"value\":true,\"message\":\"This field is required\",\"global_message\":\"Questo campo \\u00e8 obbligatorio\",\"global\":true}},\"p_iva\":{\"required\":{\"value\":true,\"message\":\"This field is required\",\"global_message\":\"Questo campo \\u00e8 obbligatorio\",\"global\":true}},\"indirizzo\":{\"required\":{\"value\":true,\"message\":\"This field is required\",\"global_message\":\"Questo campo \\u00e8 obbligatorio\",\"global\":true}},\"telefono\":{\"required\":{\"value\":true,\"message\":\"This field is required\",\"global_message\":\"Questo campo \\u00e8 obbligatorio\",\"global\":true}},\"email\":{\"required\":{\"value\":true,\"message\":\"This field is required\",\"global_message\":\"Questo campo \\u00e8 obbligatorio\",\"global\":true},\"email\":{\"value\":true,\"message\":\"This field must contain a valid email\",\"global_message\":\"Questo campo deve contenere un indirizzo email valido\",\"global\":true}},\"categoria\":{\"required\":{\"value\":true,\"message\":\"This field is required\",\"global_message\":\"Questo campo \\u00e8 obbligatorio\",\"global\":true}},\"altre_info\":{\"required\":{\"value\":false,\"message\":\"This field is required\",\"global_message\":\"Questo campo \\u00e8 obbligatorio\",\"global\":true}},\"terms-n-condition\":{\"required\":{\"value\":true,\"message\":\"This field is required\",\"global_message\":\"Questo campo \\u00e8 obbligatorio\",\"global\":true}},\"g-recaptcha-response\":[]},\"debounce_time\":300};\n                            <\/script>\n            <\/div>\n\n\n\n<div class=\"wp-block-column is-layout-flow wp-block-column-is-layout-flow\" style=\"flex-basis:10%\"><\/div>\n<\/div>\n","protected":false},"excerpt":{"rendered":"<p>Solicitud de presupuesto Para recibir informaci\u00f3n y tarifas relacionadas con nuestros servicios, complete el formulario \u00abSolicitud de cotizaci\u00f3n\u00bb a continuaci\u00f3n.&nbsp;Nuestro equipo le proporcionar\u00e1 un presupuesto detallado y toda la informaci\u00f3n adicional que solicite lo antes posible.<\/p>\n","protected":false},"author":4,"featured_media":0,"parent":0,"menu_order":0,"comment_status":"closed","ping_status":"closed","template":"","meta":{"site-sidebar-layout":"no-sidebar","site-content-layout":"","ast-site-content-layout":"default","site-content-style":"default","site-sidebar-style":"default","ast-global-header-display":"","ast-banner-title-visibility":"","ast-main-header-display":"","ast-hfb-above-header-display":"","ast-hfb-below-header-display":"","ast-hfb-mobile-header-display":"","site-post-title":"disabled","ast-breadcrumbs-content":"","ast-featured-img":"","footer-sml-layout":"","ast-disable-related-posts":"","theme-transparent-header-meta":"","adv-header-id-meta":"","stick-header-meta":"","header-above-stick-meta":"","header-main-stick-meta":"","header-below-stick-meta":"","astra-migrate-meta-layouts":"set","ast-page-background-enabled":"default","ast-page-background-meta":{"desktop":{"background-color":"var(--ast-global-color-4)","background-image":"","background-repeat":"repeat","background-position":"center center","background-size":"auto","background-attachment":"scroll","background-type":"","background-media":"","overlay-type":"","overlay-color":"","overlay-opacity":"","overlay-gradient":""},"tablet":{"background-color":"","background-image":"","background-repeat":"repeat","background-position":"center center","background-size":"auto","background-attachment":"scroll","background-type":"","background-media":"","overlay-type":"","overlay-color":"","overlay-opacity":"","overlay-gradient":""},"mobile":{"background-color":"","background-image":"","background-repeat":"repeat","background-position":"center center","background-size":"auto","background-attachment":"scroll","background-type":"","background-media":"","overlay-type":"","overlay-color":"","overlay-opacity":"","overlay-gradient":""}},"ast-content-background-meta":{"desktop":{"background-color":"var(--ast-global-color-5)","background-image":"","background-repeat":"repeat","background-position":"center center","background-size":"auto","background-attachment":"scroll","background-type":"","background-media":"","overlay-type":"","overlay-color":"","overlay-opacity":"","overlay-gradient":""},"tablet":{"background-color":"var(--ast-global-color-5)","background-image":"","background-repeat":"repeat","background-position":"center center","background-size":"auto","background-attachment":"scroll","background-type":"","background-media":"","overlay-type":"","overlay-color":"","overlay-opacity":"","overlay-gradient":""},"mobile":{"background-color":"var(--ast-global-color-5)","background-image":"","background-repeat":"repeat","background-position":"center center","background-size":"auto","background-attachment":"scroll","background-type":"","background-media":"","overlay-type":"","overlay-color":"","overlay-opacity":"","overlay-gradient":""}},"footnotes":""},"class_list":["post-101","page","type-page","status-publish","hentry"],"_links":{"self":[{"href":"https:\/\/svcertification.com\/peru\/wp-json\/wp\/v2\/pages\/101","targetHints":{"allow":["GET"]}}],"collection":[{"href":"https:\/\/svcertification.com\/peru\/wp-json\/wp\/v2\/pages"}],"about":[{"href":"https:\/\/svcertification.com\/peru\/wp-json\/wp\/v2\/types\/page"}],"author":[{"embeddable":true,"href":"https:\/\/svcertification.com\/peru\/wp-json\/wp\/v2\/users\/4"}],"replies":[{"embeddable":true,"href":"https:\/\/svcertification.com\/peru\/wp-json\/wp\/v2\/comments?post=101"}],"version-history":[{"count":1,"href":"https:\/\/svcertification.com\/peru\/wp-json\/wp\/v2\/pages\/101\/revisions"}],"predecessor-version":[{"id":475,"href":"https:\/\/svcertification.com\/peru\/wp-json\/wp\/v2\/pages\/101\/revisions\/475"}],"wp:attachment":[{"href":"https:\/\/svcertification.com\/peru\/wp-json\/wp\/v2\/media?parent=101"}],"curies":[{"name":"wp","href":"https:\/\/api.w.org\/{rel}","templated":true}]}}