{"id":161,"date":"2023-03-22T14:14:27","date_gmt":"2023-03-22T13:14:27","guid":{"rendered":"https:\/\/svcertification.com\/peru\/?page_id=161"},"modified":"2023-05-10T16:36:12","modified_gmt":"2023-05-10T14:36:12","slug":"certificacion-de-sistemas-de-gestion-ambiental-iso-140012015","status":"publish","type":"page","link":"https:\/\/svcertification.com\/peru\/certificacion-de-sistemas-de-gestion-ambiental-iso-140012015\/","title":{"rendered":"Certificaci\u00f3n de sistemas de gesti\u00f3n ambiental ISO 14001:2015"},"content":{"rendered":"\n<h1 class=\"wp-block-heading\">Certificaci\u00f3n de sistemas de gesti\u00f3n ambiental ISO 14001:2015<\/h1>\n\n\n\n<p>La certificaci\u00f3n del sistema de gesti\u00f3n ambiental permite a la organizaci\u00f3n demostrar a las instituciones, p\u00fablico en general y clientes su compromiso con el respeto al medio ambiente.<\/p>\n\n\n\n<p>La empresa certificada ISO 14001: 2015 es capaz de minimizar los riesgos y mejorar constantemente el desempe\u00f1o ambiental.&nbsp;Tambi\u00e9n se enfoca en verificar el ciclo de vida completo de los bienes y servicios, de acuerdo con el desarrollo sostenible.<\/p>\n\n\n\n<p>Una orientaci\u00f3n empresarial lista para el \u00e9xito sostenible fortalece la confianza en los clientes, proveedores y socios.&nbsp;Tambi\u00e9n fortalece su imagen en el mercado.<\/p>\n","protected":false},"excerpt":{"rendered":"<p>Certificaci\u00f3n de sistemas de gesti\u00f3n ambiental ISO 14001:2015 La certificaci\u00f3n del sistema de gesti\u00f3n ambiental permite a la organizaci\u00f3n demostrar a las instituciones, p\u00fablico en general y clientes su compromiso con el respeto al medio ambiente. La empresa certificada ISO 14001: 2015 es capaz de minimizar los riesgos y mejorar constantemente el desempe\u00f1o ambiental.&nbsp;Tambi\u00e9n se [&hellip;]<\/p>\n","protected":false},"author":4,"featured_media":215,"parent":0,"menu_order":0,"comment_status":"closed","ping_status":"closed","template":"","meta":{"site-sidebar-layout":"default","site-content-layout":"","ast-site-content-layout":"default","site-content-style":"default","site-sidebar-style":"default","ast-global-header-display":"","ast-banner-title-visibility":"","ast-main-header-display":"","ast-hfb-above-header-display":"","ast-hfb-below-header-display":"","ast-hfb-mobile-header-display":"","site-post-title":"disabled","ast-breadcrumbs-content":"","ast-featured-img":"","footer-sml-layout":"","ast-disable-related-posts":"","theme-transparent-header-meta":"","adv-header-id-meta":"","stick-header-meta":"","header-above-stick-meta":"","header-main-stick-meta":"","header-below-stick-meta":"","astra-migrate-meta-layouts":"default","ast-page-background-enabled":"default","ast-page-background-meta":{"desktop":{"background-color":"var(--ast-global-color-4)","background-image":"","background-repeat":"repeat","background-position":"center center","background-size":"auto","background-attachment":"scroll","background-type":"","background-media":"","overlay-type":"","overlay-color":"","overlay-opacity":"","overlay-gradient":""},"tablet":{"background-color":"","background-image":"","background-repeat":"repeat","background-position":"center center","background-size":"auto","background-attachment":"scroll","background-type":"","background-media":"","overlay-type":"","overlay-color":"","overlay-opacity":"","overlay-gradient":""},"mobile":{"background-color":"","background-image":"","background-repeat":"repeat","background-position":"center center","background-size":"auto","background-attachment":"scroll","background-type":"","background-media":"","overlay-type":"","overlay-color":"","overlay-opacity":"","overlay-gradient":""}},"ast-content-background-meta":{"desktop":{"background-color":"var(--ast-global-color-5)","background-image":"","background-repeat":"repeat","background-position":"center center","background-size":"auto","background-attachment":"scroll","background-type":"","background-media":"","overlay-type":"","overlay-color":"","overlay-opacity":"","overlay-gradient":""},"tablet":{"background-color":"var(--ast-global-color-5)","background-image":"","background-repeat":"repeat","background-position":"center center","background-size":"auto","background-attachment":"scroll","background-type":"","background-media":"","overlay-type":"","overlay-color":"","overlay-opacity":"","overlay-gradient":""},"mobile":{"background-color":"var(--ast-global-color-5)","background-image":"","background-repeat":"repeat","background-position":"center center","background-size":"auto","background-attachment":"scroll","background-type":"","background-media":"","overlay-type":"","overlay-color":"","overlay-opacity":"","overlay-gradient":""}},"footnotes":""},"class_list":["post-161","page","type-page","status-publish","has-post-thumbnail","hentry"],"_links":{"self":[{"href":"https:\/\/svcertification.com\/peru\/wp-json\/wp\/v2\/pages\/161","targetHints":{"allow":["GET"]}}],"collection":[{"href":"https:\/\/svcertification.com\/peru\/wp-json\/wp\/v2\/pages"}],"about":[{"href":"https:\/\/svcertification.com\/peru\/wp-json\/wp\/v2\/types\/page"}],"author":[{"embeddable":true,"href":"https:\/\/svcertification.com\/peru\/wp-json\/wp\/v2\/users\/4"}],"replies":[{"embeddable":true,"href":"https:\/\/svcertification.com\/peru\/wp-json\/wp\/v2\/comments?post=161"}],"version-history":[{"count":0,"href":"https:\/\/svcertification.com\/peru\/wp-json\/wp\/v2\/pages\/161\/revisions"}],"wp:featuredmedia":[{"embeddable":true,"href":"https:\/\/svcertification.com\/peru\/wp-json\/wp\/v2\/media\/215"}],"wp:attachment":[{"href":"https:\/\/svcertification.com\/peru\/wp-json\/wp\/v2\/media?parent=161"}],"curies":[{"name":"wp","href":"https:\/\/api.w.org\/{rel}","templated":true}]}}