{"id":192,"date":"2023-04-18T10:19:09","date_gmt":"2023-04-18T08:19:09","guid":{"rendered":"https:\/\/svcertification.com\/peru\/?page_id=192"},"modified":"2023-05-10T17:28:59","modified_gmt":"2023-05-10T15:28:59","slug":"uni-cei-11352-uni-cei-en-iso-500012011","status":"publish","type":"page","link":"https:\/\/svcertification.com\/peru\/uni-cei-11352-uni-cei-en-iso-500012011\/","title":{"rendered":"UNI CEI 11352 \u2013 UNI CEI EN ISO 50001:2011"},"content":{"rendered":"\n<h1 class=\"wp-block-heading\">UNI CEI 11352 \u2013 UNI CEI EN ISO 50001:2011<\/h1>\n\n\n\n<p>Esta es una norma italiana que establece los requisitos m\u00ednimos para las empresas que quieren desempe\u00f1ar el papel de Empresa de Servicios Energ\u00e9ticos (ESCo).<\/p>\n\n\n\n<p>La norma 50001 especifica los requisitos para crear, poner en marcha, mantener y mejorar un sistema de gesti\u00f3n energ\u00e9tica.&nbsp;El objetivo de este sistema es permitir que una organizaci\u00f3n persiga, con un enfoque sistem\u00e1tico, la mejora continua de su rendimiento energ\u00e9tico, incluida la eficiencia energ\u00e9tica y el consumo y uso de la energ\u00eda.<\/p>\n\n\n\n<p>El grupo SV gestiona los dos est\u00e1ndares integr\u00e1ndolos con el sistema 14001:2004, desarrollando el seguimiento con hojas de c\u00e1lculo.<\/p>\n","protected":false},"excerpt":{"rendered":"<p>UNI CEI 11352 \u2013 UNI CEI EN ISO 50001:2011 Esta es una norma italiana que establece los requisitos m\u00ednimos para las empresas que quieren desempe\u00f1ar el papel de Empresa de Servicios Energ\u00e9ticos (ESCo). La norma 50001 especifica los requisitos para crear, poner en marcha, mantener y mejorar un sistema de gesti\u00f3n energ\u00e9tica.&nbsp;El objetivo de este [&hellip;]<\/p>\n","protected":false},"author":4,"featured_media":0,"parent":0,"menu_order":0,"comment_status":"closed","ping_status":"closed","template":"","meta":{"site-sidebar-layout":"default","site-content-layout":"","ast-site-content-layout":"default","site-content-style":"default","site-sidebar-style":"default","ast-global-header-display":"","ast-banner-title-visibility":"","ast-main-header-display":"","ast-hfb-above-header-display":"","ast-hfb-below-header-display":"","ast-hfb-mobile-header-display":"","site-post-title":"disabled","ast-breadcrumbs-content":"","ast-featured-img":"","footer-sml-layout":"","ast-disable-related-posts":"","theme-transparent-header-meta":"","adv-header-id-meta":"","stick-header-meta":"","header-above-stick-meta":"","header-main-stick-meta":"","header-below-stick-meta":"","astra-migrate-meta-layouts":"default","ast-page-background-enabled":"default","ast-page-background-meta":{"desktop":{"background-color":"var(--ast-global-color-4)","background-image":"","background-repeat":"repeat","background-position":"center center","background-size":"auto","background-attachment":"scroll","background-type":"","background-media":"","overlay-type":"","overlay-color":"","overlay-opacity":"","overlay-gradient":""},"tablet":{"background-color":"","background-image":"","background-repeat":"repeat","background-position":"center center","background-size":"auto","background-attachment":"scroll","background-type":"","background-media":"","overlay-type":"","overlay-color":"","overlay-opacity":"","overlay-gradient":""},"mobile":{"background-color":"","background-image":"","background-repeat":"repeat","background-position":"center center","background-size":"auto","background-attachment":"scroll","background-type":"","background-media":"","overlay-type":"","overlay-color":"","overlay-opacity":"","overlay-gradient":""}},"ast-content-background-meta":{"desktop":{"background-color":"var(--ast-global-color-5)","background-image":"","background-repeat":"repeat","background-position":"center center","background-size":"auto","background-attachment":"scroll","background-type":"","background-media":"","overlay-type":"","overlay-color":"","overlay-opacity":"","overlay-gradient":""},"tablet":{"background-color":"var(--ast-global-color-5)","background-image":"","background-repeat":"repeat","background-position":"center center","background-size":"auto","background-attachment":"scroll","background-type":"","background-media":"","overlay-type":"","overlay-color":"","overlay-opacity":"","overlay-gradient":""},"mobile":{"background-color":"var(--ast-global-color-5)","background-image":"","background-repeat":"repeat","background-position":"center center","background-size":"auto","background-attachment":"scroll","background-type":"","background-media":"","overlay-type":"","overlay-color":"","overlay-opacity":"","overlay-gradient":""}},"footnotes":""},"class_list":["post-192","page","type-page","status-publish","hentry"],"_links":{"self":[{"href":"https:\/\/svcertification.com\/peru\/wp-json\/wp\/v2\/pages\/192","targetHints":{"allow":["GET"]}}],"collection":[{"href":"https:\/\/svcertification.com\/peru\/wp-json\/wp\/v2\/pages"}],"about":[{"href":"https:\/\/svcertification.com\/peru\/wp-json\/wp\/v2\/types\/page"}],"author":[{"embeddable":true,"href":"https:\/\/svcertification.com\/peru\/wp-json\/wp\/v2\/users\/4"}],"replies":[{"embeddable":true,"href":"https:\/\/svcertification.com\/peru\/wp-json\/wp\/v2\/comments?post=192"}],"version-history":[{"count":0,"href":"https:\/\/svcertification.com\/peru\/wp-json\/wp\/v2\/pages\/192\/revisions"}],"wp:attachment":[{"href":"https:\/\/svcertification.com\/peru\/wp-json\/wp\/v2\/media?parent=192"}],"curies":[{"name":"wp","href":"https:\/\/api.w.org\/{rel}","templated":true}]}}