{"id":231,"date":"2023-05-10T09:05:13","date_gmt":"2023-05-10T07:05:13","guid":{"rendered":"https:\/\/svcertification.com\/peru\/?page_id=231"},"modified":"2023-05-10T17:13:13","modified_gmt":"2023-05-10T15:13:13","slug":"certificacion-sa-8000","status":"publish","type":"page","link":"https:\/\/svcertification.com\/peru\/certificacion-sa-8000\/","title":{"rendered":"Certificaci\u00f3n SA 8000"},"content":{"rendered":"\n<h1 class=\"wp-block-heading\">Certificaci\u00f3n SA 8000<\/h1>\n\n\n\n<p>Es \u00fatil para las empresas que operan en el mercado global o en \u00e1reas donde es importante resaltar el compromiso con el trabajo socialmente sostenible y \u00e9ticamente respetuoso de los Stakeholders (personas interesadas, como organizaciones no gubernamentales, sindicatos, medios de comunicaci\u00f3n, etc.).<\/p>\n","protected":false},"excerpt":{"rendered":"<p>Certificaci\u00f3n SA 8000 Es \u00fatil para las empresas que operan en el mercado global o en \u00e1reas donde es importante resaltar el compromiso con el trabajo socialmente sostenible y \u00e9ticamente respetuoso de los Stakeholders (personas interesadas, como organizaciones no gubernamentales, sindicatos, medios de comunicaci\u00f3n, etc.).<\/p>\n","protected":false},"author":4,"featured_media":233,"parent":0,"menu_order":0,"comment_status":"closed","ping_status":"closed","template":"","meta":{"site-sidebar-layout":"default","site-content-layout":"","ast-site-content-layout":"default","site-content-style":"default","site-sidebar-style":"default","ast-global-header-display":"","ast-banner-title-visibility":"","ast-main-header-display":"","ast-hfb-above-header-display":"","ast-hfb-below-header-display":"","ast-hfb-mobile-header-display":"","site-post-title":"disabled","ast-breadcrumbs-content":"","ast-featured-img":"","footer-sml-layout":"","ast-disable-related-posts":"","theme-transparent-header-meta":"","adv-header-id-meta":"","stick-header-meta":"","header-above-stick-meta":"","header-main-stick-meta":"","header-below-stick-meta":"","astra-migrate-meta-layouts":"default","ast-page-background-enabled":"default","ast-page-background-meta":{"desktop":{"background-color":"var(--ast-global-color-4)","background-image":"","background-repeat":"repeat","background-position":"center center","background-size":"auto","background-attachment":"scroll","background-type":"","background-media":"","overlay-type":"","overlay-color":"","overlay-opacity":"","overlay-gradient":""},"tablet":{"background-color":"","background-image":"","background-repeat":"repeat","background-position":"center center","background-size":"auto","background-attachment":"scroll","background-type":"","background-media":"","overlay-type":"","overlay-color":"","overlay-opacity":"","overlay-gradient":""},"mobile":{"background-color":"","background-image":"","background-repeat":"repeat","background-position":"center center","background-size":"auto","background-attachment":"scroll","background-type":"","background-media":"","overlay-type":"","overlay-color":"","overlay-opacity":"","overlay-gradient":""}},"ast-content-background-meta":{"desktop":{"background-color":"var(--ast-global-color-5)","background-image":"","background-repeat":"repeat","background-position":"center center","background-size":"auto","background-attachment":"scroll","background-type":"","background-media":"","overlay-type":"","overlay-color":"","overlay-opacity":"","overlay-gradient":""},"tablet":{"background-color":"var(--ast-global-color-5)","background-image":"","background-repeat":"repeat","background-position":"center center","background-size":"auto","background-attachment":"scroll","background-type":"","background-media":"","overlay-type":"","overlay-color":"","overlay-opacity":"","overlay-gradient":""},"mobile":{"background-color":"var(--ast-global-color-5)","background-image":"","background-repeat":"repeat","background-position":"center center","background-size":"auto","background-attachment":"scroll","background-type":"","background-media":"","overlay-type":"","overlay-color":"","overlay-opacity":"","overlay-gradient":""}},"footnotes":""},"class_list":["post-231","page","type-page","status-publish","has-post-thumbnail","hentry"],"_links":{"self":[{"href":"https:\/\/svcertification.com\/peru\/wp-json\/wp\/v2\/pages\/231","targetHints":{"allow":["GET"]}}],"collection":[{"href":"https:\/\/svcertification.com\/peru\/wp-json\/wp\/v2\/pages"}],"about":[{"href":"https:\/\/svcertification.com\/peru\/wp-json\/wp\/v2\/types\/page"}],"author":[{"embeddable":true,"href":"https:\/\/svcertification.com\/peru\/wp-json\/wp\/v2\/users\/4"}],"replies":[{"embeddable":true,"href":"https:\/\/svcertification.com\/peru\/wp-json\/wp\/v2\/comments?post=231"}],"version-history":[{"count":0,"href":"https:\/\/svcertification.com\/peru\/wp-json\/wp\/v2\/pages\/231\/revisions"}],"wp:featuredmedia":[{"embeddable":true,"href":"https:\/\/svcertification.com\/peru\/wp-json\/wp\/v2\/media\/233"}],"wp:attachment":[{"href":"https:\/\/svcertification.com\/peru\/wp-json\/wp\/v2\/media?parent=231"}],"curies":[{"name":"wp","href":"https:\/\/api.w.org\/{rel}","templated":true}]}}