{"id":235,"date":"2023-05-10T09:12:21","date_gmt":"2023-05-10T07:12:21","guid":{"rendered":"https:\/\/svcertification.com\/peru\/?page_id=235"},"modified":"2023-05-10T17:18:44","modified_gmt":"2023-05-10T15:18:44","slug":"directiva-de-maquinas-2006-42-ce","status":"publish","type":"page","link":"https:\/\/svcertification.com\/peru\/directiva-de-maquinas-2006-42-ce\/","title":{"rendered":"Directiva de M\u00e1quinas 2006\/42\/CE"},"content":{"rendered":"\n<h1 class=\"wp-block-heading\">Directiva de M\u00e1quinas 2006\/42\/CE<\/h1>\n\n\n\n<p>En general, para que un producto pueda ser introducido libremente en el mercado, es necesario que cumpla con los requisitos de seguridad establecidos por las directivas comunitarias y exigidos por regulaciones espec\u00edficas. Las directivas comunitarias establecen que, para ciertos tipos de productos, el fabricante necesita una certificaci\u00f3n espec\u00edfica del producto antes de poder proceder con la venta y la comercializaci\u00f3n en el mercado.<\/p>\n\n\n\n<p>Para obtener esta certificaci\u00f3n, es posible recurrir a un Organismo Notificado, emprendiendo as\u00ed el camino de la CERTIFICACI\u00d3N OBLIGATORIA. Por otro lado, otros tipos de productos no requieren certificaci\u00f3n obligatoria. En este caso, el fabricante introduce el producto en el mercado bajo su propia responsabilidad, garantizando el cumplimiento de todos los requisitos legales establecidos.<\/p>\n\n\n\n<p>La Directiva 2006\/42\/CE del 17 de mayo de 2006 fue adoptada e implementada en Italia mediante el Decreto Legislativo del 27 de enero de 2010, n. 17 y entr\u00f3 en vigor en toda Europa a partir del 29 de diciembre de 2009. Esta normativa establece los requisitos de seguridad y salud p\u00fablica que deben cumplir las m\u00e1quinas antes de ser comercializadas y se aplica a los siguientes productos:<\/p>\n\n\n\n<ul class=\"wp-block-list\">\n<li>M\u00e1quinas;<\/li>\n\n\n\n<li>Equipos intercambiables;<\/li>\n\n\n\n<li>Componentes de seguridad;<\/li>\n\n\n\n<li>Accesorios de elevaci\u00f3n;<\/li>\n\n\n\n<li>Cadenas, cuerdas y correas dise\u00f1adas y construidas con fines de elevaci\u00f3n como parte integral de m\u00e1quinas de elevaci\u00f3n o accesorios de elevaci\u00f3n;<\/li>\n\n\n\n<li>Dispositivos removibles de transmisi\u00f3n mec\u00e1nica;<\/li>\n\n\n\n<li>Casi-m\u00e1quinas.<\/li>\n<\/ul>\n\n\n\n<p>En particular, las m\u00e1quinas son verificadas de acuerdo con los procedimientos descritos en el art\u00edculo 12 que se detallan a continuaci\u00f3n y, en particular:<\/p>\n\n\n\n<ul class=\"wp-block-list\">\n<li>Si la m\u00e1quina est\u00e1 incluida en el Anexo IV de la Directiva, el fabricante debe dirigirse a un Organismo Notificado para solicitar la Certificaci\u00f3n CE de la m\u00e1quina.<br>En ese caso, Vericert, como Organismo de Certificaci\u00f3n autorizado, emitir\u00e1 una de las siguientes certificaciones:\n<ul class=\"wp-block-list\">\n<li>Certificaci\u00f3n CE seg\u00fan el Anexo IX &#8211; Certificaci\u00f3n de Tipo o de Ejemplar \u00danico.<\/li>\n\n\n\n<li>Certificaci\u00f3n CE seg\u00fan el Anexo X &#8211; Garant\u00eda de Calidad Total.<\/li>\n<\/ul>\n<\/li>\n\n\n\n<li>Si la m\u00e1quina no est\u00e1 incluida en el Anexo IV de la Directiva, el fabricante aplica el procedimiento de evaluaci\u00f3n descrito en el Anexo VIII: el fabricante elabora la Documentaci\u00f3n T\u00e9cnica de la m\u00e1quina (Anexo VII parte A) y asegura su conformidad con los requisitos de la Directiva. En este caso, el fabricante puede recurrir a un Organismo Notificado para solicitar voluntariamente la Declaraci\u00f3n de Conformidad de su producto.<\/li>\n<\/ul>\n\n\n\n<p>Anexo IV &#8211; Lista de m\u00e1quinas para las que se debe aplicar el procedimiento de certificaci\u00f3n y para las cuales Vericert est\u00e1 calificada.<\/p>\n\n\n\n<ul class=\"wp-block-list\">\n<li>Sierras circulares (monolama y multilame) para la elaboraci\u00f3n de madera y materiales con caracter\u00edsticas f\u00edsicas similares, o para la elaboraci\u00f3n de carne y materiales con caracter\u00edsticas f\u00edsicas similares, de los siguientes tipos:\n<ul class=\"wp-block-list\">\n<li>sierras circulares (de una o varias hojas) para trabajar la madera y materiales con caracter\u00edsticas f\u00edsicas similares, o para trabajar carne y materiales con caracter\u00edsticas f\u00edsicas similares, de los siguientes tipos: sierras con hojas fijas en posici\u00f3n durante el corte, con mesa o soporte de la pieza fijos, con avance manual de la pieza o con dispositivo de arrastre amovible;<\/li>\n\n\n\n<li>sierra de hoja(s) en posici\u00f3n fija durante el corte, con mesa o soporte de la pieza fijo, con avance manual de la pieza o con dispositivo de arrastre desmontable;<\/li>\n\n\n\n<li>Sierras de cuchilla(s) en posici\u00f3n fija durante el corte, con mesa o soporte para la pieza fijos, con avance manual de la pieza o con dispositivo de arrastre desmontable;<\/li>\n\n\n\n<li>Sierra(s) de cuchilla(s) m\u00f3vil(es) durante el corte, con dispositivo de avance integrado, carga y\/o descarga manual.<\/li>\n<\/ul>\n<\/li>\n\n\n\n<li>Cepilladoras con avance manual para el procesamiento de madera.<\/li>\n\n\n\n<li>Piallatrici en una cara, con alimentaci\u00f3n integrada, carga y\/o descarga manual para el procesamiento de la madera.<\/li>\n\n\n\n<li>Sierra de cinta con carga y\/o descarga manual para la elaboraci\u00f3n de madera y materiales con caracter\u00edsticas f\u00edsicas similares, o para la elaboraci\u00f3n de carne y materiales con caracter\u00edsticas f\u00edsicas similares, de los siguientes tipos:\n<ul class=\"wp-block-list\">\n<li>sierras de cuchilla(s) en posici\u00f3n fija durante el corte, con mesa o soporte fijos o de movimiento alternado;<\/li>\n\n\n\n<li>sierras de cuchilla(s) montada(s) en un carro de movimiento alternativo.<\/li>\n<\/ul>\n<\/li>\n\n\n\n<li>M\u00e1quinas combinadas de los tipos indicados en los puntos del 1 al 4 y en el punto 7 para la elaboraci\u00f3n de madera y materiales con caracter\u00edsticas f\u00edsicas similares.<\/li>\n\n\n\n<li>Tenonadoras con husillos m\u00faltiples de avance manual para el procesamiento de madera.<\/li>\n\n\n\n<li>Fresadoras de husillo vertical, \u00abtoupies\u00bb con avance manual para el procesamiento de madera y materiales con caracter\u00edsticas f\u00edsicas similares.<\/li>\n\n\n\n<li>Sierras de cadena port\u00e1tiles para madera.<\/li>\n\n\n\n<li>Presas, incluyendo plegadoras, para el trabajo en fr\u00edo de metales, con carga y\/o descarga manual, cuyos elementos m\u00f3viles de trabajo pueden tener un recorrido superior a 6 mm y una velocidad superior a 30 mm\/s.<\/li>\n\n\n\n<li>Formatrici de materiales pl\u00e1sticos por inyecci\u00f3n o compresi\u00f3n con carga y\/o descarga manual.<\/li>\n\n\n\n<li>Formatrices de caucho por inyecci\u00f3n o compresi\u00f3n, con carga o descarga manual.<\/li>\n\n\n\n<li>M\u00e1quinas para trabajos subterr\u00e1neos de los siguientes tipos:\n<ul class=\"wp-block-list\">\n<li>locomotoras y tolvas de frenado;<\/li>\n\n\n\n<li>armadura autopropulsada hidr\u00e1ulica.<\/li>\n<\/ul>\n<\/li>\n\n\n\n<li>Benne de recolecci\u00f3n de residuos dom\u00e9sticos de carga manual con un mecanismo de compresi\u00f3n.<\/li>\n\n\n\n<li>Dispositivos amovibles de transmisi\u00f3n mec\u00e1nica, incluyendo sus protecciones.<\/li>\n\n\n\n<li>Protecciones para dispositivos amovibles de transmisi\u00f3n mec\u00e1nica.<\/li>\n\n\n\n<li>Pontos elevadores para veh\u00edculos.<\/li>\n\n\n\n<li>Aparatos de elevaci\u00f3n de personas o de personas y cosas, con riesgo de ca\u00edda vertical superior a 3 metros.<\/li>\n\n\n\n<li>Apparecchi port\u00e1tiles de carga explosiva para fijaci\u00f3n u otras m\u00e1quinas de impacto.<\/li>\n\n\n\n<li>Dispositivos de protecci\u00f3n dise\u00f1ados para la detecci\u00f3n de personas.<\/li>\n\n\n\n<li>Riparos m\u00f3viles autom\u00e1ticos interbloqueados dise\u00f1ados para utilizarse como medios de protecci\u00f3n en las m\u00e1quinas de los puntos 9, 10 y 11.<\/li>\n\n\n\n<li>Blocchi l\u00f3gicos\u00bb para funciones de seguridad.<\/li>\n\n\n\n<li>Strutture de protecci\u00f3n en caso de vuelco (ROPS).<\/li>\n\n\n\n<li>Strutture de protecci\u00f3n contra la ca\u00edda de objetos (FOPS).<\/li>\n<\/ul>\n","protected":false},"excerpt":{"rendered":"<p>Directiva de M\u00e1quinas 2006\/42\/CE En general, para que un producto pueda ser introducido libremente en el mercado, es necesario que cumpla con los requisitos de seguridad establecidos por las directivas comunitarias y exigidos por regulaciones espec\u00edficas. Las directivas comunitarias establecen que, para ciertos tipos de productos, el fabricante necesita una certificaci\u00f3n espec\u00edfica del producto antes [&hellip;]<\/p>\n","protected":false},"author":4,"featured_media":251,"parent":0,"menu_order":0,"comment_status":"closed","ping_status":"closed","template":"","meta":{"site-sidebar-layout":"default","site-content-layout":"","ast-site-content-layout":"default","site-content-style":"default","site-sidebar-style":"default","ast-global-header-display":"","ast-banner-title-visibility":"","ast-main-header-display":"","ast-hfb-above-header-display":"","ast-hfb-below-header-display":"","ast-hfb-mobile-header-display":"","site-post-title":"disabled","ast-breadcrumbs-content":"","ast-featured-img":"","footer-sml-layout":"","ast-disable-related-posts":"","theme-transparent-header-meta":"","adv-header-id-meta":"","stick-header-meta":"","header-above-stick-meta":"","header-main-stick-meta":"","header-below-stick-meta":"","astra-migrate-meta-layouts":"default","ast-page-background-enabled":"default","ast-page-background-meta":{"desktop":{"background-color":"var(--ast-global-color-4)","background-image":"","background-repeat":"repeat","background-position":"center center","background-size":"auto","background-attachment":"scroll","background-type":"","background-media":"","overlay-type":"","overlay-color":"","overlay-opacity":"","overlay-gradient":""},"tablet":{"background-color":"","background-image":"","background-repeat":"repeat","background-position":"center center","background-size":"auto","background-attachment":"scroll","background-type":"","background-media":"","overlay-type":"","overlay-color":"","overlay-opacity":"","overlay-gradient":""},"mobile":{"background-color":"","background-image":"","background-repeat":"repeat","background-position":"center center","background-size":"auto","background-attachment":"scroll","background-type":"","background-media":"","overlay-type":"","overlay-color":"","overlay-opacity":"","overlay-gradient":""}},"ast-content-background-meta":{"desktop":{"background-color":"var(--ast-global-color-5)","background-image":"","background-repeat":"repeat","background-position":"center center","background-size":"auto","background-attachment":"scroll","background-type":"","background-media":"","overlay-type":"","overlay-color":"","overlay-opacity":"","overlay-gradient":""},"tablet":{"background-color":"var(--ast-global-color-5)","background-image":"","background-repeat":"repeat","background-position":"center center","background-size":"auto","background-attachment":"scroll","background-type":"","background-media":"","overlay-type":"","overlay-color":"","overlay-opacity":"","overlay-gradient":""},"mobile":{"background-color":"var(--ast-global-color-5)","background-image":"","background-repeat":"repeat","background-position":"center center","background-size":"auto","background-attachment":"scroll","background-type":"","background-media":"","overlay-type":"","overlay-color":"","overlay-opacity":"","overlay-gradient":""}},"footnotes":""},"class_list":["post-235","page","type-page","status-publish","has-post-thumbnail","hentry"],"_links":{"self":[{"href":"https:\/\/svcertification.com\/peru\/wp-json\/wp\/v2\/pages\/235","targetHints":{"allow":["GET"]}}],"collection":[{"href":"https:\/\/svcertification.com\/peru\/wp-json\/wp\/v2\/pages"}],"about":[{"href":"https:\/\/svcertification.com\/peru\/wp-json\/wp\/v2\/types\/page"}],"author":[{"embeddable":true,"href":"https:\/\/svcertification.com\/peru\/wp-json\/wp\/v2\/users\/4"}],"replies":[{"embeddable":true,"href":"https:\/\/svcertification.com\/peru\/wp-json\/wp\/v2\/comments?post=235"}],"version-history":[{"count":0,"href":"https:\/\/svcertification.com\/peru\/wp-json\/wp\/v2\/pages\/235\/revisions"}],"wp:featuredmedia":[{"embeddable":true,"href":"https:\/\/svcertification.com\/peru\/wp-json\/wp\/v2\/media\/251"}],"wp:attachment":[{"href":"https:\/\/svcertification.com\/peru\/wp-json\/wp\/v2\/media?parent=235"}],"curies":[{"name":"wp","href":"https:\/\/api.w.org\/{rel}","templated":true}]}}