{"id":26,"date":"2023-03-21T11:37:21","date_gmt":"2023-03-21T10:37:21","guid":{"rendered":"https:\/\/svcertification.com\/peru\/?page_id=26"},"modified":"2026-04-09T19:01:24","modified_gmt":"2026-04-09T17:01:24","slug":"inicio","status":"publish","type":"page","link":"https:\/\/svcertification.com\/peru\/","title":{"rendered":"Inicio"},"content":{"rendered":"\n\n\n\n<div class=\"wp-block-columns alignfull is-layout-flex wp-container-core-columns-is-layout-c003311e wp-block-columns-is-layout-flex\" style=\"margin-top:var(--wp--preset--spacing--60);padding-top:0;padding-right:0;padding-bottom:0;padding-left:0\">\n<div class=\"wp-block-column is-vertically-aligned-center col-padding is-layout-flow wp-block-column-is-layout-flow\">\n<h1 class=\"wp-block-heading\">Sobre nosotros<\/h1>\n\n\n\n<div style=\"height:20px\" aria-hidden=\"true\" class=\"wp-block-spacer\"><\/div>\n\n\n\n<h4 class=\"wp-block-heading has-text-align-left has-ast-global-color-1-color has-text-color\">\u201cSomos un grupo independiente con m\u00e1s de quince a\u00f1os de experiencia en la b\u00fasqueda de soluciones en el campo de la auditor\u00eda\u201d.<\/h4>\n\n\n\n<div style=\"height:20px\" aria-hidden=\"true\" class=\"wp-block-spacer\"><\/div>\n\n\n\n<p>SV Certification Sagl, empresa suiza fundada en 2014, cuenta con m\u00e1s de quince a\u00f1os de experiencia en la b\u00fasqueda de soluciones en el campo de la auditor\u00eda.&nbsp;El grupo SV proporciona auditor\u00edas de II y III parte en el campo de la calidad, el medio ambiente, la energ\u00eda y la seguridad.<\/p>\n\n\n\n<div class=\"wp-block-buttons is-layout-flex wp-block-buttons-is-layout-flex\">\n<div class=\"wp-block-button\"><a class=\"wp-block-button__link wp-element-button\" href=\"https:\/\/www.svcertification.com\/peru\/el-grupo\/\">Leer M\u00e0s<\/a><\/div>\n<\/div>\n<\/div>\n\n\n\n<div class=\"wp-block-column img-right-border is-layout-flow wp-block-column-is-layout-flow\">\n<figure class=\"wp-block-image size-full has-custom-border img-right-border\"><img loading=\"lazy\" decoding=\"async\" width=\"1240\" height=\"828\" src=\"https:\/\/svcertification.com\/peru\/wp-content\/uploads\/sites\/4\/2023\/03\/Chi-siamo.webp\" alt=\"Chi siamo\" class=\"wp-image-33\" style=\"border-top-left-radius:40px;border-bottom-left-radius:40px\" srcset=\"https:\/\/svcertification.com\/peru\/wp-content\/uploads\/sites\/4\/2023\/03\/Chi-siamo.webp 1240w, https:\/\/svcertification.com\/peru\/wp-content\/uploads\/sites\/4\/2023\/03\/Chi-siamo-300x200.webp 300w, https:\/\/svcertification.com\/peru\/wp-content\/uploads\/sites\/4\/2023\/03\/Chi-siamo-1024x684.webp 1024w, https:\/\/svcertification.com\/peru\/wp-content\/uploads\/sites\/4\/2023\/03\/Chi-siamo-768x513.webp 768w\" sizes=\"auto, (max-width: 1240px) 100vw, 1240px\" \/><\/figure>\n<\/div>\n<\/div>\n\n\n\n<div style=\"height:3vw\" aria-hidden=\"true\" class=\"wp-block-spacer\"><\/div>\n\n\n\n<div class=\"wp-block-columns alignfull reverse is-layout-flex wp-container-core-columns-is-layout-c003311e wp-block-columns-is-layout-flex\" style=\"margin-top:var(--wp--preset--spacing--60);padding-top:0;padding-right:0;padding-bottom:0;padding-left:0\">\n<div class=\"wp-block-column is-layout-flow wp-block-column-is-layout-flow\">\n<figure class=\"wp-block-image size-full has-custom-border img-left-border\"><img loading=\"lazy\" decoding=\"async\" width=\"1240\" height=\"827\" src=\"https:\/\/svcertification.com\/peru\/wp-content\/uploads\/sites\/4\/2023\/03\/Mission.webp\" alt=\"Mission\" class=\"wp-image-34\" style=\"border-top-right-radius:40px;border-bottom-right-radius:40px\" srcset=\"https:\/\/svcertification.com\/peru\/wp-content\/uploads\/sites\/4\/2023\/03\/Mission.webp 1240w, https:\/\/svcertification.com\/peru\/wp-content\/uploads\/sites\/4\/2023\/03\/Mission-300x200.webp 300w, https:\/\/svcertification.com\/peru\/wp-content\/uploads\/sites\/4\/2023\/03\/Mission-1024x683.webp 1024w, https:\/\/svcertification.com\/peru\/wp-content\/uploads\/sites\/4\/2023\/03\/Mission-768x512.webp 768w\" sizes=\"auto, (max-width: 1240px) 100vw, 1240px\" \/><\/figure>\n<\/div>\n\n\n\n<div class=\"wp-block-column is-vertically-aligned-center col-padding is-layout-flow wp-block-column-is-layout-flow\">\n<h1 class=\"wp-block-heading\">Misi\u00f3n<\/h1>\n\n\n\n<h4 class=\"wp-block-heading has-text-align-left has-ast-global-color-1-color has-text-color\">Ofrecemos valor a\u00f1adido al cliente durante las auditor\u00edas de esquemas como calidad, medio ambiente y seguridad u otros esquemas sectoriales.<\/h4>\n\n\n\n<ul class=\"wp-block-list\">\n<li>Evaluamos las competencias adecuadas e independientes con respecto a los procesos a verificar.<\/li>\n\n\n\n<li>Detectamos y reportamos datos reales sobre el estado de cumplimiento de las normas voluntarias y obligatorias manteniendo la confidencialidad de la informaci\u00f3n sensible.<\/li>\n\n\n\n<li>Verificamos el grado de alineaci\u00f3n de los proveedores para mejorar el desempe\u00f1o y elevar el nivel de transparencia.<\/li>\n<\/ul>\n\n\n\n<p>Gracias a colaboraciones y asociaciones rentables, podemos ofrecer la mejor soluci\u00f3n en el campo de las certificaciones.<\/p>\n\n\n\n<p>SV Certification, ha consolidado sus actividades gracias a una estrategia de marketing que apunta a los l\u00edderes del mercado y multinacionales de los sectores inmobiliario y de TI (sectores que han estado creciendo fuertemente desde 2013) con el fin de posicionar la marca en Suiza y en los pa\u00edses de habla alemana. de Europa Continental (Liechtenstein, Alemania y Austria).<\/p>\n\n\n\n<p><strong>\u201cConfidencialidad \u2013 Independencia \u2013 Competencia\u201d.<\/strong><\/p>\n\n\n\n<div class=\"wp-block-buttons is-layout-flex wp-block-buttons-is-layout-flex\">\n<div class=\"wp-block-button is-style-fill\"><a class=\"wp-block-button__link has-ast-global-color-5-color has-ast-global-color-3-background-color has-text-color has-background has-link-color has-border-color has-ast-global-color-3-border-color wp-element-button\" href=\"https:\/\/svcertification.com\/peru\/solicitud-de-presupuesto\/\">Solicitud de Presupuesto<\/a><\/div>\n<\/div>\n<\/div>\n<\/div>\n\n\n\n<div class=\"wp-block-columns alignfull uag-hide-desktop uag-hide-tab uag-hide-mob is-layout-flex wp-container-core-columns-is-layout-28f84493 wp-block-columns-is-layout-flex\">\n<div class=\"wp-block-column is-vertically-aligned-center is-layout-flow wp-block-column-is-layout-flow\">\n<figure class=\"wp-block-image aligncenter size-large hide-on-desktop\"><img loading=\"lazy\" decoding=\"async\" width=\"1024\" height=\"669\" src=\"https:\/\/svcertification.com\/peru\/wp-content\/uploads\/sites\/4\/2023\/03\/Sicurezza_sul_lavoro-1024x669.webp\" alt=\"Sicurezza_sul_lavoro\" class=\"wp-image-35\" srcset=\"https:\/\/svcertification.com\/peru\/wp-content\/uploads\/sites\/4\/2023\/03\/Sicurezza_sul_lavoro-1024x669.webp 1024w, https:\/\/svcertification.com\/peru\/wp-content\/uploads\/sites\/4\/2023\/03\/Sicurezza_sul_lavoro-300x196.webp 300w, https:\/\/svcertification.com\/peru\/wp-content\/uploads\/sites\/4\/2023\/03\/Sicurezza_sul_lavoro-768x502.webp 768w, https:\/\/svcertification.com\/peru\/wp-content\/uploads\/sites\/4\/2023\/03\/Sicurezza_sul_lavoro.webp 1240w\" sizes=\"auto, (max-width: 1024px) 100vw, 1024px\" \/><\/figure>\n<\/div>\n<\/div>\n\n\n\n<div style=\"height:50px\" aria-hidden=\"true\" class=\"wp-block-spacer\"><\/div>\n\n\n\n<h1 class=\"wp-block-heading has-text-align-center has-ast-global-color-5-background-color has-background\">Organizaci\u00f3n<\/h1>\n\n\n\n<div class=\"wp-block-columns has-ast-global-color-5-background-color has-background is-layout-flex wp-container-core-columns-is-layout-28f84493 wp-block-columns-is-layout-flex\">\n<div class=\"wp-block-column is-layout-flow wp-block-column-is-layout-flow\" style=\"flex-basis:20%\"><\/div>\n\n\n\n<div class=\"wp-block-column is-layout-flow wp-block-column-is-layout-flow\" style=\"flex-basis:60%\">\n<p>SV CERTIFICATION SRO es la empresa eslovaca del Grupo que ofrece auditor\u00edas de la Parte III en los \u00e1mbitos de Calidad, Medio Ambiente y Energ\u00eda, Seguridad y Protecci\u00f3n.<\/p>\n\n\n\n<p>Adem\u00e1s de ofrecer auditor\u00edas de certificaci\u00f3n, el Grupo tambi\u00e9n tiene una amplia experiencia en formaci\u00f3n en los \u00e1mbitos de la seguridad, la calidad y la protecci\u00f3n.<\/p>\n\n\n\n<p>Imparte cursos acreditados en cooperaci\u00f3n con organizaciones de formaci\u00f3n reconocidas para la cualificaci\u00f3n de auditores de las Partes I, II y III. SV Certification lleva a cabo formaci\u00f3n para la impartici\u00f3n de cursos de Salud y Seguridad en el Trabajo.<\/p>\n\n\n\n<figure class=\"wp-block-gallery has-nested-images columns-default wp-block-gallery-1 is-layout-flex wp-block-gallery-is-layout-flex\">\n<figure class=\"wp-block-image size-full\"><img loading=\"lazy\" decoding=\"async\" width=\"1024\" height=\"768\" data-id=\"36\" src=\"https:\/\/svcertification.com\/peru\/wp-content\/uploads\/sites\/4\/2023\/03\/x3.jpeg\" alt=\"\" class=\"wp-image-36\" srcset=\"https:\/\/svcertification.com\/peru\/wp-content\/uploads\/sites\/4\/2023\/03\/x3.jpeg 1024w, https:\/\/svcertification.com\/peru\/wp-content\/uploads\/sites\/4\/2023\/03\/x3-300x225.jpeg 300w, https:\/\/svcertification.com\/peru\/wp-content\/uploads\/sites\/4\/2023\/03\/x3-768x576.jpeg 768w\" sizes=\"auto, (max-width: 1024px) 100vw, 1024px\" \/><\/figure>\n\n\n\n<figure class=\"wp-block-image size-full\"><img loading=\"lazy\" decoding=\"async\" width=\"1024\" height=\"768\" data-id=\"37\" src=\"https:\/\/svcertification.com\/peru\/wp-content\/uploads\/sites\/4\/2023\/03\/x2.jpeg\" alt=\"\" class=\"wp-image-37\" srcset=\"https:\/\/svcertification.com\/peru\/wp-content\/uploads\/sites\/4\/2023\/03\/x2.jpeg 1024w, https:\/\/svcertification.com\/peru\/wp-content\/uploads\/sites\/4\/2023\/03\/x2-300x225.jpeg 300w, https:\/\/svcertification.com\/peru\/wp-content\/uploads\/sites\/4\/2023\/03\/x2-768x576.jpeg 768w\" sizes=\"auto, (max-width: 1024px) 100vw, 1024px\" \/><\/figure>\n\n\n\n<figure class=\"wp-block-image size-full\"><img loading=\"lazy\" decoding=\"async\" width=\"1024\" height=\"768\" data-id=\"38\" src=\"https:\/\/svcertification.com\/peru\/wp-content\/uploads\/sites\/4\/2023\/03\/x1.jpeg\" alt=\"\" class=\"wp-image-38\" srcset=\"https:\/\/svcertification.com\/peru\/wp-content\/uploads\/sites\/4\/2023\/03\/x1.jpeg 1024w, https:\/\/svcertification.com\/peru\/wp-content\/uploads\/sites\/4\/2023\/03\/x1-300x225.jpeg 300w, https:\/\/svcertification.com\/peru\/wp-content\/uploads\/sites\/4\/2023\/03\/x1-768x576.jpeg 768w\" sizes=\"auto, (max-width: 1024px) 100vw, 1024px\" \/><\/figure>\n<\/figure>\n\n\n\n<h3 class=\"wp-block-heading\">Cr\u00e9ditos<\/h3>\n\n\n\n<p>La empresa se encuentra en fase de acreditaci\u00f3n para los sectores EA 28 (construcci\u00f3n), EA 09 (tipograf\u00eda), EA 35 (servicios) y EA 37 (formaci\u00f3n).<\/p>\n\n\n\n<ul class=\"wp-block-list\">\n<li>ISO 9001: 1, 2, 3, 16, 17, 18, 19, 24, 28, 29, 30, 31, 33, 34, 35, 37, 38*, 39<\/li>\n\n\n\n<li>ISO 14001: 1, 2, 3, 16, 17, 18, 19, 24, 28, 29, 30, 31, 33, 34, 35, 37, 38*, 39<\/li>\n\n\n\n<li>ISO 45001: 1, 2, 3, 16, 17, 18, 19, 24, 28, 29, 30, 31, 33, 34, 35, 37, 38*, 39<\/li>\n\n\n\n<li>ISMS ISO IEC 27001<\/li>\n<\/ul>\n<\/div>\n\n\n\n<div class=\"wp-block-column is-layout-flow wp-block-column-is-layout-flow\" style=\"flex-basis:20%\"><\/div>\n<\/div>\n","protected":false},"excerpt":{"rendered":"<p>Sobre nosotros \u201cSomos un grupo independiente con m\u00e1s de quince a\u00f1os de experiencia en la b\u00fasqueda de soluciones en el campo de la auditor\u00eda\u201d. SV Certification Sagl, empresa suiza fundada en 2014, cuenta con m\u00e1s de quince a\u00f1os de experiencia en la b\u00fasqueda de soluciones en el campo de la auditor\u00eda.&nbsp;El grupo SV proporciona auditor\u00edas [&hellip;]<\/p>\n","protected":false},"author":4,"featured_media":0,"parent":0,"menu_order":0,"comment_status":"closed","ping_status":"closed","template":"","meta":{"site-sidebar-layout":"no-sidebar","site-content-layout":"page-builder","ast-site-content-layout":"full-width-container","site-content-style":"unboxed","site-sidebar-style":"unboxed","ast-global-header-display":"","ast-banner-title-visibility":"","ast-main-header-display":"","ast-hfb-above-header-display":"","ast-hfb-below-header-display":"","ast-hfb-mobile-header-display":"","site-post-title":"disabled","ast-breadcrumbs-content":"","ast-featured-img":"","footer-sml-layout":"","ast-disable-related-posts":"","theme-transparent-header-meta":"","adv-header-id-meta":"","stick-header-meta":"","header-above-stick-meta":"","header-main-stick-meta":"","header-below-stick-meta":"","astra-migrate-meta-layouts":"set","ast-page-background-enabled":"default","ast-page-background-meta":{"desktop":{"background-color":"var(--ast-global-color-4)","background-image":"","background-repeat":"repeat","background-position":"center center","background-size":"auto","background-attachment":"scroll","background-type":"","background-media":"","overlay-type":"","overlay-color":"","overlay-opacity":"","overlay-gradient":""},"tablet":{"background-color":"","background-image":"","background-repeat":"repeat","background-position":"center center","background-size":"auto","background-attachment":"scroll","background-type":"","background-media":"","overlay-type":"","overlay-color":"","overlay-opacity":"","overlay-gradient":""},"mobile":{"background-color":"","background-image":"","background-repeat":"repeat","background-position":"center center","background-size":"auto","background-attachment":"scroll","background-type":"","background-media":"","overlay-type":"","overlay-color":"","overlay-opacity":"","overlay-gradient":""}},"ast-content-background-meta":{"desktop":{"background-color":"var(--ast-global-color-5)","background-image":"","background-repeat":"repeat","background-position":"center center","background-size":"auto","background-attachment":"scroll","background-type":"","background-media":"","overlay-type":"","overlay-color":"","overlay-opacity":"","overlay-gradient":""},"tablet":{"background-color":"var(--ast-global-color-5)","background-image":"","background-repeat":"repeat","background-position":"center center","background-size":"auto","background-attachment":"scroll","background-type":"","background-media":"","overlay-type":"","overlay-color":"","overlay-opacity":"","overlay-gradient":""},"mobile":{"background-color":"var(--ast-global-color-5)","background-image":"","background-repeat":"repeat","background-position":"center center","background-size":"auto","background-attachment":"scroll","background-type":"","background-media":"","overlay-type":"","overlay-color":"","overlay-opacity":"","overlay-gradient":""}},"footnotes":""},"class_list":["post-26","page","type-page","status-publish","hentry"],"_links":{"self":[{"href":"https:\/\/svcertification.com\/peru\/wp-json\/wp\/v2\/pages\/26","targetHints":{"allow":["GET"]}}],"collection":[{"href":"https:\/\/svcertification.com\/peru\/wp-json\/wp\/v2\/pages"}],"about":[{"href":"https:\/\/svcertification.com\/peru\/wp-json\/wp\/v2\/types\/page"}],"author":[{"embeddable":true,"href":"https:\/\/svcertification.com\/peru\/wp-json\/wp\/v2\/users\/4"}],"replies":[{"embeddable":true,"href":"https:\/\/svcertification.com\/peru\/wp-json\/wp\/v2\/comments?post=26"}],"version-history":[{"count":8,"href":"https:\/\/svcertification.com\/peru\/wp-json\/wp\/v2\/pages\/26\/revisions"}],"predecessor-version":[{"id":483,"href":"https:\/\/svcertification.com\/peru\/wp-json\/wp\/v2\/pages\/26\/revisions\/483"}],"wp:attachment":[{"href":"https:\/\/svcertification.com\/peru\/wp-json\/wp\/v2\/media?parent=26"}],"curies":[{"name":"wp","href":"https:\/\/api.w.org\/{rel}","templated":true}]}}