{"id":281,"date":"2023-05-10T12:57:09","date_gmt":"2023-05-10T10:57:09","guid":{"rendered":"https:\/\/svcertification.com\/peru\/?page_id=281"},"modified":"2023-05-10T17:20:34","modified_gmt":"2023-05-10T15:20:34","slug":"en-1090-1-marcado-ce-para-componentes-estructurales-de-acero-o-aluminio","status":"publish","type":"page","link":"https:\/\/svcertification.com\/peru\/en-1090-1-marcado-ce-para-componentes-estructurales-de-acero-o-aluminio\/","title":{"rendered":"EN 1090-1 &#8211; Marcado CE para componentes estructurales de acero o aluminio"},"content":{"rendered":"\n<h1 class=\"wp-block-heading\"><strong>EN 1090-1 &#8211; Marcado CE para componentes estructurales de acero o aluminio<\/strong><\/h1>\n\n\n\n<p>El marcado CE seg\u00fan la norma EN 1090-1: 2009\/CE 1-2011 est\u00e1 destinado a los fabricantes de componentes estructurales de acero o aluminio.<\/p>\n\n\n\n<p><strong>\u00bfQu\u00e9 es la norma EN 1090?<\/strong><\/p>\n\n\n\n<p>La norma armonizada EN 1090-1:2009\/CE 1-2011 \u00abEjecuci\u00f3n de estructuras de acero y aluminio Parte 1: Requisitos para la evaluaci\u00f3n de la conformidad de los componentes estructurales \u00abdescribe los requisitos y procedimientos para la colocaci\u00f3n del marcado CE de conformidad con el Reglamento Europeo (UE) N\u00ba 305\/2011. Todos los fabricantes de estructuras de acero y aluminio, que ya est\u00e1n obligados a cumplir con los requisitos espec\u00edficos para el sector de la construcci\u00f3n de acero (\u00a711.3.4.10 del Decreto Ministerial 14.01.2008), tambi\u00e9n deben prever la implementaci\u00f3n del marcado CE seg\u00fan EN 1090-1 para sus productos y plantas de producci\u00f3n. Esta implantaci\u00f3n, voluntaria desde el 1 de diciembre de 2010, pas\u00f3 a ser obligatoria a partir del 1 de julio de 2014. En primer lugar, el fabricante debe cualificar sus productos mediante ensayos o c\u00e1lculos iniciales de tipo y certificar su CPF (Control de Producci\u00f3n en F\u00e1brica) a trav\u00e9s de un Organismo Notificado autorizado.<\/p>\n\n\n\n<p>El marcado CE colocado tambi\u00e9n debe indicar la conformidad con el uso previsto, tal como se especifica en las distintas opciones de la propia norma.<\/p>\n\n\n\n<p>Seg\u00fan la norma EN 1090, las organizaciones que realizan estructuras soldadas, o partes de las mismas, de acero o aluminio deben llevar a cabo estas actividades de conformidad con las partes pertinentes de la serie de normas EN ISO 3834. La relaci\u00f3n entre las clases de rendimiento de las estructuras y las normas EN ISO 3834 aplicables figura en la norma EN 1090-1.<\/p>\n\n\n\n<p>Adem\u00e1s, la norma EN 1090 tambi\u00e9n hace referencia a otras normas sobre procesos de soldadura y cualificaci\u00f3n de operarios, como ISO 14731, ISO 9606-1 y EN ISO 15614.<\/p>\n\n\n\n<p>Los productos cubiertos por la norma son algunos de los m\u00e1s importantes en el sector de la ingenier\u00eda civil, como la carpinter\u00eda met\u00e1lica estructural y su uso diverso en obras de construcci\u00f3n como edificios, escuelas, oficinas, infraestructuras viarias.<\/p>\n\n\n\n<p>La norma UNI EN 1090-1 no contiene directamente normas que regulen el dise\u00f1o estructural y los c\u00e1lculos para las construcciones, pero remite a ellas puntualmente. Las normas de dise\u00f1o y c\u00e1lculo se establecen en las secciones respectivas de los Euroc\u00f3digos Serie 3 y Serie 9.<\/p>\n\n\n\n<p><strong>Requisitos de la norma EN 1090<\/strong><\/p>\n\n\n\n<p>En cuanto a los requisitos de construcci\u00f3n, las referencias son la norma EN 1090-2 para estructuras de acero y la norma EN 1090-3 para estructuras de aluminio.<\/p>\n\n\n\n<p>Los requisitos de evaluaci\u00f3n de la conformidad de todo tipo de estructuras se definen con arreglo a una \u00fanica norma, ya se trate de una simple marquesina de un gran edificio o de la viga de un puente.<\/p>\n\n\n\n<p>Nota: El reconocimiento de la RCP &#8211; Reglamento Europeo (UE) n\u00ba 305\/2011 est\u00e1 publicado en&nbsp;<a href=\"http:\/\/ec.europa.eu\/growth\/tools-databases\/nando\/index.cfm?fuseaction=directive.nb&amp;refe_cd=EPOS_43818\" target=\"_blank\" rel=\"noreferrer noopener\">Nando (New Approach Notified and Designated Organisations) Information System.<\/a><\/p>\n","protected":false},"excerpt":{"rendered":"<p>EN 1090-1 &#8211; Marcado CE para componentes estructurales de acero o aluminio El marcado CE seg\u00fan la norma EN 1090-1: 2009\/CE 1-2011 est\u00e1 destinado a los fabricantes de componentes estructurales de acero o aluminio. \u00bfQu\u00e9 es la norma EN 1090? La norma armonizada EN 1090-1:2009\/CE 1-2011 \u00abEjecuci\u00f3n de estructuras de acero y aluminio Parte 1: [&hellip;]<\/p>\n","protected":false},"author":4,"featured_media":0,"parent":0,"menu_order":0,"comment_status":"closed","ping_status":"closed","template":"","meta":{"site-sidebar-layout":"default","site-content-layout":"","ast-site-content-layout":"default","site-content-style":"default","site-sidebar-style":"default","ast-global-header-display":"","ast-banner-title-visibility":"","ast-main-header-display":"","ast-hfb-above-header-display":"","ast-hfb-below-header-display":"","ast-hfb-mobile-header-display":"","site-post-title":"disabled","ast-breadcrumbs-content":"","ast-featured-img":"","footer-sml-layout":"","ast-disable-related-posts":"","theme-transparent-header-meta":"","adv-header-id-meta":"","stick-header-meta":"","header-above-stick-meta":"","header-main-stick-meta":"","header-below-stick-meta":"","astra-migrate-meta-layouts":"default","ast-page-background-enabled":"default","ast-page-background-meta":{"desktop":{"background-color":"var(--ast-global-color-4)","background-image":"","background-repeat":"repeat","background-position":"center center","background-size":"auto","background-attachment":"scroll","background-type":"","background-media":"","overlay-type":"","overlay-color":"","overlay-opacity":"","overlay-gradient":""},"tablet":{"background-color":"","background-image":"","background-repeat":"repeat","background-position":"center center","background-size":"auto","background-attachment":"scroll","background-type":"","background-media":"","overlay-type":"","overlay-color":"","overlay-opacity":"","overlay-gradient":""},"mobile":{"background-color":"","background-image":"","background-repeat":"repeat","background-position":"center center","background-size":"auto","background-attachment":"scroll","background-type":"","background-media":"","overlay-type":"","overlay-color":"","overlay-opacity":"","overlay-gradient":""}},"ast-content-background-meta":{"desktop":{"background-color":"var(--ast-global-color-5)","background-image":"","background-repeat":"repeat","background-position":"center center","background-size":"auto","background-attachment":"scroll","background-type":"","background-media":"","overlay-type":"","overlay-color":"","overlay-opacity":"","overlay-gradient":""},"tablet":{"background-color":"var(--ast-global-color-5)","background-image":"","background-repeat":"repeat","background-position":"center center","background-size":"auto","background-attachment":"scroll","background-type":"","background-media":"","overlay-type":"","overlay-color":"","overlay-opacity":"","overlay-gradient":""},"mobile":{"background-color":"var(--ast-global-color-5)","background-image":"","background-repeat":"repeat","background-position":"center center","background-size":"auto","background-attachment":"scroll","background-type":"","background-media":"","overlay-type":"","overlay-color":"","overlay-opacity":"","overlay-gradient":""}},"footnotes":""},"class_list":["post-281","page","type-page","status-publish","hentry"],"_links":{"self":[{"href":"https:\/\/svcertification.com\/peru\/wp-json\/wp\/v2\/pages\/281","targetHints":{"allow":["GET"]}}],"collection":[{"href":"https:\/\/svcertification.com\/peru\/wp-json\/wp\/v2\/pages"}],"about":[{"href":"https:\/\/svcertification.com\/peru\/wp-json\/wp\/v2\/types\/page"}],"author":[{"embeddable":true,"href":"https:\/\/svcertification.com\/peru\/wp-json\/wp\/v2\/users\/4"}],"replies":[{"embeddable":true,"href":"https:\/\/svcertification.com\/peru\/wp-json\/wp\/v2\/comments?post=281"}],"version-history":[{"count":0,"href":"https:\/\/svcertification.com\/peru\/wp-json\/wp\/v2\/pages\/281\/revisions"}],"wp:attachment":[{"href":"https:\/\/svcertification.com\/peru\/wp-json\/wp\/v2\/media?parent=281"}],"curies":[{"name":"wp","href":"https:\/\/api.w.org\/{rel}","templated":true}]}}