{"id":322,"date":"2023-05-10T15:49:40","date_gmt":"2023-05-10T13:49:40","guid":{"rendered":"https:\/\/svcertification.com\/peru\/?page_id=322"},"modified":"2023-05-10T17:22:51","modified_gmt":"2023-05-10T15:22:51","slug":"politica-de-privacidad-y-cookies","status":"publish","type":"page","link":"https:\/\/svcertification.com\/peru\/politica-de-privacidad-y-cookies\/","title":{"rendered":"Pol\u00ectica de Privacidad y Cookies"},"content":{"rendered":"\n<h1 class=\"wp-block-heading\">Pol\u00ectica de Privacidad y Cookies<\/h1>\n\n\n\n<h3 class=\"wp-block-heading\"><strong>LA POL\u00cdTICA DE PRIVACIDAD DE ESTE SITIO<\/strong><\/h3>\n\n\n\n<p><strong>Por qu\u00e9 este anuncio<\/strong><\/p>\n\n\n\n<p>En esta p\u00e1gina se describen las caracter\u00edsticas del tratamiento de los datos personales de aquellos (en adelante, los \u00abUsuarios\u00bb) que hagan uso de los servicios web ofrecidos por SV GROUP, accesibles por medios telem\u00e1ticos desde las direcciones: https:\/\/svgroupcert.ch correspondientes a la p\u00e1gina de inicio del sitio web oficial de SV GROUP.<\/p>\n\n\n\n<p>Este es un aviso informativo, proporcionado de conformidad con el art\u00edculo 13 del Reglamento (UE) 2016\/679 (en adelante, \u00abRGPD\u00bb), que incluye informaci\u00f3n com\u00fan a todos los tratamientos realizados a trav\u00e9s de los Sitios (por ejemplo, la base jur\u00eddica del tratamiento, los per\u00edodos de conservaci\u00f3n de datos, etc.). Complementa (y se hace referencia a ella de vez en cuando) las divulgaciones m\u00e1s espec\u00edficas que se realizan con motivo de cada recopilaci\u00f3n de datos personales para servicios individuales en el Sitio (las denominadas \u00abdivulgaciones breves\u00bb).<\/p>\n\n\n\n<p><\/p>\n\n\n\n<ol class=\"wp-block-list\">\n<li><strong>Controlador y procesador de datos<\/strong><\/li>\n<\/ol>\n\n\n\n<p>El Responsable del Tratamiento es SV GROUP, (en adelante, \u00abel Responsable del Tratamiento\u00bb) &#8211; con domicilio social en Via Cantonale, 12C &#8211; 6557 Cama (GR)<br>SUIZA &#8211; direcci\u00f3n de correo electr\u00f3nico del Titular:&nbsp;<a href=\"mailto:info@svgroupcert.ch\">info@svgroupcert.ch<\/a><\/p>\n\n\n\n<p><\/p>\n\n\n\n<ol class=\"wp-block-list\" start=\"2\">\n<li><strong>Finalidad y fundamento jur\u00eddico del tratamiento<\/strong><\/li>\n<\/ol>\n\n\n\n<p>El tratamiento de los datos personales tiene como finalidad responder a las solicitudes de informaci\u00f3n y presupuestos realizadas espont\u00e1neamente por los Usuarios.<\/p>\n\n\n\n<p>El tratamiento se basa en la ejecuci\u00f3n de medidas precontractuales adoptadas a petici\u00f3n del Usuario.<\/p>\n\n\n\n<p><\/p>\n\n\n\n<ol class=\"wp-block-list\" start=\"3\">\n<li><strong>M\u00e9todo de tratamiento y car\u00e1cter obligatorio o facultativo del suministro de datos<\/strong><\/li>\n<\/ol>\n\n\n\n<p>El tratamiento se lleva a cabo mediante m\u00e9todos electr\u00f3nicos y manuales. Los datos personales de los usuarios se almacenar\u00e1n temporalmente en los servidores&nbsp;<em>cloud<\/em> di Register.it y ser\u00e1n tratados exclusivamente por el Responsable del tratamiento. Dichos datos tampoco se comunicar\u00e1n a terceros.<\/p>\n\n\n\n<p>A los efectos indicados, es obligatorio facilitar la informaci\u00f3n marcada con un asterisco, en caso contrario no ser\u00e1 posible atender las solicitudes del Usuario.<\/p>\n\n\n\n<p><\/p>\n\n\n\n<ol class=\"wp-block-list\" start=\"4\">\n<li><strong>Per\u00edodo de conservaci\u00f3n de los datos personales<\/strong><\/li>\n<\/ol>\n\n\n\n<p>Los datos proporcionados por los Usuarios se almacenar\u00e1n durante el tiempo necesario para responder a las solicitudes realizadas por los Usuarios y, en cualquier caso, no m\u00e1s de 3 meses.<\/p>\n\n\n\n<p><\/p>\n\n\n\n<ol class=\"wp-block-list\" start=\"5\">\n<li><strong>Derechos del interesado<\/strong><\/li>\n<\/ol>\n\n\n\n<p>El Usuario tiene derecho:<\/p>\n\n\n\n<ul class=\"wp-block-list\">\n<li>presentar una reclamaci\u00f3n, de conformidad con el art\u00edculo 77 del RGPD, ante la autoridad nacional de control del Estado miembro de la UE en el que tenga su residencia habitual o lugar de trabajo o en el que se haya producido la presunta vulneraci\u00f3n de su derecho; si ese Estado es Italia, la persona a la que puede dirigir su reclamaci\u00f3n es la Autoridad Italiana de Protecci\u00f3n de Datos.<\/li>\n<\/ul>\n\n\n\n<p>Para ejercer sus derechos, el Usuario puede ponerse en contacto con el Responsable del Tratamiento y con los datos de contacto del Responsable que figuran m\u00e1s arriba.<\/p>\n\n\n\n<p>Adem\u00e1s, el Usuario podr\u00e1 ejercer en cualquier momento y de forma gratuita los siguientes derechos frente al Responsable del Tratamiento, si se dan las circunstancias:<\/p>\n\n\n\n<p><strong>Derecho de acceso:<\/strong> obtener del responsable del tratamiento confirmaci\u00f3n de si se est\u00e1n tratando o no datos personales que le conciernen y, en caso afirmativo, obtener acceso a sus datos personales.<\/p>\n\n\n\n<p><strong>Derecho de rectificaci\u00f3n: <\/strong>permite rectificar o completar los datos personales inexactos o incompletos.<\/p>\n\n\n\n<p><strong>Derecho de supresi\u00f3n: <\/strong>permite obtener, en los casos previstos por la ley, la supresi\u00f3n de los datos personales tratados.<\/p>\n\n\n\n<p><strong>Derecho a la limitaci\u00f3n del tratamiento: <\/strong>permite al usuario obtener, en los casos previstos por la ley, la limitaci\u00f3n (es decir, el marcado de los datos personales almacenados con el fin de limitar su tratamiento en el futuro) del tratamiento de los datos personales tratados.<\/p>\n\n\n\n<p><strong>Derecho a la portabilidad de los datos: <\/strong>derecho a recibir en un formato estructurado, de uso com\u00fan y lectura mec\u00e1nica, en los casos previstos por la legislaci\u00f3n y limitados a los datos facilitados por el Usuario al Responsable del Tratamiento, los datos personales objeto de tratamiento y, asimismo, derecho a transmitir dichos datos a otro responsable del tratamiento.<\/p>\n\n\n\n<p><strong>Derecho de oposici\u00f3n: <\/strong>le permite oponerse, en los casos previstos por la ley, al tratamiento de sus datos personales.<\/p>\n\n\n\n<p><\/p>\n\n\n\n<h3 class=\"wp-block-heading\"><strong>LA POL\u00cdTICA DE COOKIES DE ESTE SITIO<\/strong><\/h3>\n\n\n\n<p><strong>Por qu\u00e9 este anuncio<\/strong><\/p>\n\n\n\n<p>Esta p\u00e1gina describe el uso de las cookies presentes en el sitio web oficial de SV GROUP (en adelante, \u00ab<strong>el Sitio<\/strong>\u00ab). Las cookies son indicadores constituidos por peque\u00f1os fragmentos de datos que, vinculados a la direcci\u00f3n IP del terminal utilizado por el usuario (en adelante, el \u00ab<strong>Usuario<\/strong>\u00ab) para navegar por el Sitio, permiten asociar determinada informaci\u00f3n, divulgada durante la navegaci\u00f3n, al terminal utilizado por \u00e9ste.<\/p>\n\n\n\n<p><strong>Uso de cookies en este sitio web<\/strong><\/p>\n\n\n\n<p>Las cookies utilizadas por SV GROUP son de varios tipos y difieren seg\u00fan su funci\u00f3n:<\/p>\n\n\n\n<ul class=\"wp-block-list\">\n<li>cookies \u00abt\u00e9cnicas\u00bb, que permiten al Usuario navegar correctamente por el Sitio (por ejemplo, las que recogen informaci\u00f3n sobre el idioma y el pa\u00eds de referencia, para garantizar que el Usuario aterrice en el Sitio en su idioma desde el primer acceso, las que permiten optimizar el Sitio para determinados navegadores o pantallas, y garantizar la protecci\u00f3n de la navegaci\u00f3n contra posibles fraudes inform\u00e1ticos y spamming).<\/li>\n\n\n\n<li>cookies \u00abanalytics\u00bb, que permiten a Europa Donna recopilar informaci\u00f3n, de forma agregada -y por lo tanto estrictamente an\u00f3nima-, con el \u00fanico fin de realizar an\u00e1lisis estad\u00edsticos internos (por ejemplo, sobre el n\u00famero de Usuarios que visitan el Sitio, su origen geogr\u00e1fico, la calidad y cantidad de p\u00e1ginas visitadas).<\/li>\n<\/ul>\n\n\n\n<p>Estas cookies \u00abt\u00e9cnicas\u00bb y \u00abanal\u00edticas\u00bb est\u00e1n activas por defecto cuando el navegador del Usuario est\u00e1 configurado a tal efecto: el Usuario puede excluirlas desactiv\u00e1ndolas directamente a trav\u00e9s de las opciones de configuraci\u00f3n espec\u00edficas del navegador utilizado espec\u00edficamente para la navegaci\u00f3n (ver enlaces m\u00e1s abajo).<\/p>\n\n\n\n<p>No obstante, le indicamos que las cookies t\u00e9cnicas, en caso de ser desactivadas, podr\u00edan afectar al correcto funcionamiento del Sitio e impedir al Usuario beneficiarse plena y eficazmente de los servicios ofrecidos por Europa Donna: por ello, para beneficiarse de todas las funcionalidades del Sitio, es aconsejable que configure su navegador para permitir su introducci\u00f3n.<\/p>\n\n\n\n<ul class=\"wp-block-list\">\n<li>Cookies de \u00abterceros\u00bb: son cookies enviadas por terceras empresas distintas de Europa Donna, algunas con la funci\u00f3n de integrar funcionalidades de terceros en el Sitio.<\/li>\n<\/ul>\n\n\n\n<p>Las cookies gestionadas por terceros en este Sitio son:<\/p>\n\n\n\n<p>Google Analytics: (<a href=\"https:\/\/policies.google.com\/technologies\/partner-sites?hl=it\" target=\"_blank\" rel=\"noopener\">Policy di Google<\/a>)<\/p>\n\n\n\n<p>Tambi\u00e9n se informa a los Usuarios de que nuestro Sitio aplica a todas las direcciones IP de nuestros Usuarios el mecanismo de anonimizaci\u00f3n establecido por Google Analytics, que funciona enmascarando parte de la direcci\u00f3n IP cuando se adquiere en nuestro Sitio, y ha desactivado todas las configuraciones de intercambio de datos con Google; por lo tanto, la informaci\u00f3n recopilada es an\u00f3nima y se utiliza \u00fanicamente para el servicio de Google Analytics con el \u00fanico fin de realizar nuestros an\u00e1lisis estad\u00edsticos internos, \u00fatiles para optimizar el Sitio y los servicios ofrecidos.<\/p>\n\n\n\n<p>En cualquier caso, Google ofrece a los visitantes que no deseen que su informaci\u00f3n de navegaci\u00f3n se env\u00ede a Google Analytics la posibilidad de instalar un \u00abcomplemento de inhabilitaci\u00f3n del navegador\u00bb disponible para los navegadores modernos (v\u00e9ase&nbsp;<a href=\"http:\/\/tools.google.com\/dlpage\/gaoptout\" target=\"_blank\" rel=\"noopener\">http:\/\/tools.google.com\/dlpage\/gaoptout<\/a>).<\/p>\n\n\n\n<ul class=\"wp-block-list\">\n<li>Botones y widgets sociales: Este Sitio tambi\u00e9n incorpora plugins y\/o botones para servicios y enlaces de terceros, incluidas redes sociales, con el fin, por ejemplo, de permitir compartir f\u00e1cilmente contenidos en las redes sociales preferidas por el Usuario. La recopilaci\u00f3n y el uso de la informaci\u00f3n obtenida a trav\u00e9s de los plugins se rigen por las respectivas pol\u00edticas de los sitios de terceros, a las que le rogamos se remita:<\/li>\n\n\n\n<li><a href=\"https:\/\/www.facebook.com\/about\/privacy\/\" target=\"_blank\" rel=\"noopener\">Facebook<\/a><\/li>\n\n\n\n<li><a href=\"https:\/\/twitter.com\/privacy?lang=it\" target=\"_blank\" rel=\"noopener\">Twitter<\/a><\/li>\n\n\n\n<li><a href=\"https:\/\/safety.google\/\" target=\"_blank\" rel=\"noopener\">Google Maps<\/a><\/li>\n<\/ul>\n\n\n\n<p>Par\u00e1metros para la gesti\u00f3n de cookies en los navegadores m\u00e1s populares:<\/p>\n\n\n\n<p><a href=\"https:\/\/support.microsoft.com\/it-it\/hub\/4338813\/windows-help\" target=\"_blank\" rel=\"noopener\"><u>Internet Explorer<\/u><\/a><\/p>\n\n\n\n<p><a href=\"https:\/\/support.google.com\/chrome\/answer\/95647?hl=it\" target=\"_blank\" rel=\"noopener\"><u>Google Chrome<\/u><\/a><\/p>\n\n\n\n<p><a href=\"https:\/\/support.mozilla.org\/it\/kb\/Attivare%20e%20disattivare%20i%20cookie\" target=\"_blank\" rel=\"noopener\"><u>Mozilla Firefox<\/u><\/a><\/p>\n\n\n\n<p><a href=\"http:\/\/support.apple.com\/kb\/PH5049\/\" target=\"_blank\" rel=\"noopener\"><u>Apple Safari<\/u><\/a><\/p>\n\n\n\n<p><a href=\"https:\/\/support.google.com\/analytics\/answer\/2905384?hl=it&amp;ref_topic=2919631\" target=\"_blank\" rel=\"noopener\">https:\/\/support.google.com\/analytics\/answer\/2905384?hl=it&amp;ref_topic=2919631<\/a><\/p>\n\n\n\n<p><a href=\"https:\/\/support.google.com\/analytics\/answer\/2763052?hl=it\" target=\"_blank\" rel=\"noopener\">https:\/\/support.google.com\/analytics\/answer\/2763052?hl=it<\/a><\/p>\n\n\n\n<p><\/p>\n\n\n\n<h3 class=\"wp-block-heading\"><strong>AVISO SOBRE PROTECCI\u00d3N DE DATOS<\/strong><\/h3>\n\n\n\n<p>El Responsable del Tratamiento Nessi S.r.l., con domicilio social en Mil\u00e1n, Viale Monza, 1 &#8211; 20125 (en lo sucesivo, la \u00abSociedad\u00bb o el \u00abResponsable del Tratamiento\u00bb), direcci\u00f3n de correo electr\u00f3nico del Responsable del Tratamiento:&nbsp;<a href=\"mailto:info@svgroupcert.ch\">info@svgroupcert.ch<\/a>, proporciona de conformidad con el art\u00edculo 13 del Reglamento (UE) 2016\/679 (en adelante, \u00abGDPR\u00bb), informaci\u00f3n relativa al tratamiento de los datos de quienes (en adelante, \u00abClientes\u00bb) utilizan los servicios ofrecidos.<\/p>\n\n\n\n<p><strong>Finalidad y fundamento jur\u00eddico del tratamiento<\/strong><\/p>\n\n\n\n<p>El tratamiento de los datos personales tiene por objeto:<\/p>\n\n\n\n<ul class=\"wp-block-list\">\n<li>Realizaci\u00f3n de actividades precontractuales y contractuales en el marco de las operaciones de transporte, mudanza y almacenamiento.<\/li>\n\n\n\n<li>Cumplimiento de obligaciones legales relacionadas con disposiciones civiles, fiscales y administrativas.<\/li>\n\n\n\n<li>Hacer valer y defender los propios derechos, incluso mediante iniciativas extrajudiciales y tambi\u00e9n a trav\u00e9s de terceros.<\/li>\n<\/ul>\n\n\n\n<p>Por tanto, el tratamiento se basa:<\/p>\n\n\n\n<ol class=\"wp-block-list\">\n<li>A efectos de (I) la ejecuci\u00f3n de medidas precontractuales\/ejecuci\u00f3n del contrato celebrado.<\/li>\n\n\n\n<li>A efectos (II) del cumplimiento de obligaciones legales por parte del Responsable del Tratamiento.<\/li>\n\n\n\n<li>Para fines (III) en inter\u00e9s leg\u00edtimo del Responsable del tratamiento.<\/li>\n<\/ol>\n\n\n\n<p><strong>M\u00e9todo de tratamiento y car\u00e1cter obligatorio o facultativo del suministro de datos<\/strong><\/p>\n\n\n\n<p>El tratamiento se realiza tanto electr\u00f3nica como manualmente. Todos los datos solicitados por la Empresa son necesarios para la consecuci\u00f3n de los fines mencionados. La falta de comunicaci\u00f3n de dichos datos imposibilita el ejercicio de la actividad solicitada por los Clientes o el cumplimiento de las obligaciones relacionadas con su ejecuci\u00f3n.<\/p>\n\n\n\n<p><strong>Destinatarios \/ categor\u00edas de destinatarios de los datos personales<\/strong><\/p>\n\n\n\n<p>Para los fines mencionados, el responsable del tratamiento comunica determinados datos a:<\/p>\n\n\n\n<ol class=\"wp-block-list\">\n<li>terceros profesionales -incluidos extranjeros y eventualmente residentes en territorios extracomunitarios- que, previa comunicaci\u00f3n por parte de la Sociedad de los datos estrictamente necesarios, act\u00faen como transportistas, mudadores o depositarios, asumiendo el papel de responsables aut\u00f3nomos del tratamiento relacionados para la parte del tratamiento que les corresponda;<\/li>\n\n\n\n<li>las aduanas encargadas de efectuar las operaciones correspondientes;<\/li>\n\n\n\n<li>empresas y terceros profesionales que intervengan con fines instrumentales en los procesos de la Empresa, designados para el correcto cumplimiento de obligaciones fiscales y contables o para hacer valer derechos, intereses, reclamaciones derivadas del contrato;<\/li>\n\n\n\n<li>t\u00e9cnicos inform\u00e1ticos, s\u00f3lo en la medida necesaria para garantizar el funcionamiento de los programas y procedimientos inform\u00e1ticos instrumentales para el desarrollo de las actividades de la Sociedad, debidamente autorizados;<\/li>\n\n\n\n<li>Administraciones estatales, entidades p\u00fablicas y privadas, tambi\u00e9n como resultado de inspecciones y auditor\u00edas;<\/li>\n\n\n\n<li>Personas que pueden acceder a los datos en virtud de disposiciones legales o reglamentos secundarios o de la UE.<\/li>\n<\/ol>\n\n\n\n<p>S\u00f3lo se indica la categor\u00eda de destinatarios, ya que est\u00e1 sujeta a frecuentes actualizaciones y revisiones. Por lo tanto, el Cliente puede solicitar la lista actualizada de destinatarios de terceros poni\u00e9ndose en contacto con el Responsable del Tratamiento en la direcci\u00f3n de correo electr\u00f3nico antes mencionada.<\/p>\n\n\n\n<p>El Responsable del tratamiento pondr\u00e1 el m\u00e1ximo cuidado en garantizar que la comunicaci\u00f3n de los datos personales de los Clientes a los destinatarios mencionados s\u00f3lo se refiera a los datos necesarios para alcanzar los fines espec\u00edficos a los que est\u00e1n destinados.<\/p>\n\n\n\n<p><strong>Categor\u00edas de datos personales tratados<\/strong><\/p>\n\n\n\n<p>La Sociedad trata los datos personales comunes facilitados por sus Clientes. En particular, para las finalidades descritas, se tratan necesariamente los datos personales de Clientes que son a su vez personas f\u00edsicas, as\u00ed como los de personas f\u00edsicas que act\u00faan por cuenta de Clientes que no son personas f\u00edsicas.<\/p>\n\n\n\n<p><strong>Per\u00edodo de conservaci\u00f3n de los datos personales<\/strong><\/p>\n\n\n\n<p>Datos facilitados por los clientes:<\/p>\n\n\n\n<ol class=\"wp-block-list\">\n<li>Para la finalidad (I) se almacenar\u00e1n los datos:\n<ul class=\"wp-block-list\">\n<li>hasta la fecha de mudanza indicada en el presupuesto. Despu\u00e9s, se cancelar\u00e1n en un plazo de 3 meses;<\/li>\n\n\n\n<li>durante toda la duraci\u00f3n de la cesi\u00f3n conferida por los Clientes a la Sociedad y, posteriormente, durante un periodo de 10 a\u00f1os, incrementado prudencialmente en seis meses, para cumplir con las obligaciones de conservaci\u00f3n de los documentos de transporte y garantizar el derecho de defensa de la Sociedad ante posibles litigios futuros en procedimientos judiciales o administrativos;<\/li>\n<\/ul>\n<\/li>\n\n\n\n<li>Para la finalidad (II), los datos cuyo tratamiento sea necesario en relaci\u00f3n con obligaciones legales o fiscales se conservar\u00e1n mientras dure la ley, as\u00ed como, para garantizar el derecho de defensa de la Sociedad frente a posibles litigios futuros en procedimientos judiciales o administrativos, durante un periodo igual al plazo de prescripci\u00f3n de las acciones pertinentes, incrementado en un periodo prudencial de seis meses.<\/li>\n<\/ol>\n\n\n\n<p>Los plazos indicados podr\u00e1n prorrogarse en los casos en que el almacenamiento durante un per\u00edodo posterior sea necesario en relaci\u00f3n con litigios, solicitudes de las autoridades competentes o en virtud de la legislaci\u00f3n aplicable.<\/p>\n\n\n\n<p>Al final de los periodos de conservaci\u00f3n pertinentes, seg\u00fan lo establecido anteriormente, los datos del Cliente se eliminar\u00e1n de forma irreversible.<\/p>\n\n\n\n<p><strong>Derechos del interesado<\/strong><\/p>\n\n\n\n<p>El cliente tiene derecho:<\/p>\n\n\n\n<ul class=\"wp-block-list\">\n<li>oponerse al tratamiento de sus datos para los fines (III) por motivos relacionados con su situaci\u00f3n particular.<\/li>\n\n\n\n<li>presentar una reclamaci\u00f3n, de conformidad con el art\u00edculo 77 del RGPD, ante la autoridad nacional de control del Estado miembro de la UE en el que tenga su residencia habitual o lugar de trabajo o en el que se haya producido la presunta vulneraci\u00f3n de su derecho; si ese Estado es Italia, la persona a la que puede dirigir su reclamaci\u00f3n es la Autoridad Italiana de Protecci\u00f3n de Datos.<\/li>\n<\/ul>\n\n\n\n<p>Para ejercer sus derechos, el Cliente puede ponerse en contacto con el Responsable del Tratamiento en los datos de contacto indicados anteriormente.<\/p>\n\n\n\n<p>Adem\u00e1s, el Cliente podr\u00e1 ejercer en cualquier momento y de forma gratuita los siguientes derechos frente al Responsable del tratamiento, si se dan las circunstancias:<\/p>\n\n\n\n<p><strong>Derecho de acceso<\/strong>: permite al cliente obtener del responsable del tratamiento confirmaci\u00f3n de si se est\u00e1n tratando o no datos personales que le conciernen y, en caso afirmativo, obtener acceso a sus datos personales.<\/p>\n\n\n\n<p><strong>Derecho de rectificaci\u00f3n<\/strong>: permite rectificar o completar los datos personales inexactos o incompletos.<\/p>\n\n\n\n<p><strong>Derecho de supresi\u00f3n<\/strong>: permite obtener, en los casos previstos por la ley, la supresi\u00f3n de los datos personales tratados.<\/p>\n\n\n\n<p><strong>Derecho a la limitaci\u00f3n del tratamiento<\/strong>: permite al usuario obtener, en los casos previstos por la ley, la limitaci\u00f3n (es decir, el marcado de los datos personales almacenados con el fin de limitar su tratamiento en el futuro) del tratamiento de los datos personales tratados.<\/p>\n\n\n\n<p><strong>Derecho a la portabilidad de los datos<\/strong>: derecho a recibir en un formato estructurado, de uso com\u00fan y lectura mec\u00e1nica, en los casos previstos por la legislaci\u00f3n y limitados a los datos facilitados por el Cliente al Responsable del Tratamiento, los datos personales objeto de tratamiento y, asimismo, derecho a transmitir dichos datos a otro responsable del tratamiento.<\/p>\n\n\n\n<p><strong>Derecho de oposici\u00f3n<\/strong>: le permite oponerse, en los casos previstos por la ley, al tratamiento de sus datos personales.<\/p>\n","protected":false},"excerpt":{"rendered":"<p>Pol\u00ectica de Privacidad y Cookies LA POL\u00cdTICA DE PRIVACIDAD DE ESTE SITIO Por qu\u00e9 este anuncio En esta p\u00e1gina se describen las caracter\u00edsticas del tratamiento de los datos personales de aquellos (en adelante, los \u00abUsuarios\u00bb) que hagan uso de los servicios web ofrecidos por SV GROUP, accesibles por medios telem\u00e1ticos desde las direcciones: https:\/\/svgroupcert.ch correspondientes [&hellip;]<\/p>\n","protected":false},"author":4,"featured_media":0,"parent":0,"menu_order":0,"comment_status":"closed","ping_status":"closed","template":"","meta":{"site-sidebar-layout":"no-sidebar","site-content-layout":"","ast-site-content-layout":"default","site-content-style":"default","site-sidebar-style":"default","ast-global-header-display":"","ast-banner-title-visibility":"","ast-main-header-display":"","ast-hfb-above-header-display":"","ast-hfb-below-header-display":"","ast-hfb-mobile-header-display":"","site-post-title":"disabled","ast-breadcrumbs-content":"","ast-featured-img":"","footer-sml-layout":"","ast-disable-related-posts":"","theme-transparent-header-meta":"","adv-header-id-meta":"","stick-header-meta":"","header-above-stick-meta":"","header-main-stick-meta":"","header-below-stick-meta":"","astra-migrate-meta-layouts":"default","ast-page-background-enabled":"default","ast-page-background-meta":{"desktop":{"background-color":"var(--ast-global-color-4)","background-image":"","background-repeat":"repeat","background-position":"center center","background-size":"auto","background-attachment":"scroll","background-type":"","background-media":"","overlay-type":"","overlay-color":"","overlay-opacity":"","overlay-gradient":""},"tablet":{"background-color":"","background-image":"","background-repeat":"repeat","background-position":"center center","background-size":"auto","background-attachment":"scroll","background-type":"","background-media":"","overlay-type":"","overlay-color":"","overlay-opacity":"","overlay-gradient":""},"mobile":{"background-color":"","background-image":"","background-repeat":"repeat","background-position":"center center","background-size":"auto","background-attachment":"scroll","background-type":"","background-media":"","overlay-type":"","overlay-color":"","overlay-opacity":"","overlay-gradient":""}},"ast-content-background-meta":{"desktop":{"background-color":"var(--ast-global-color-5)","background-image":"","background-repeat":"repeat","background-position":"center center","background-size":"auto","background-attachment":"scroll","background-type":"","background-media":"","overlay-type":"","overlay-color":"","overlay-opacity":"","overlay-gradient":""},"tablet":{"background-color":"var(--ast-global-color-5)","background-image":"","background-repeat":"repeat","background-position":"center center","background-size":"auto","background-attachment":"scroll","background-type":"","background-media":"","overlay-type":"","overlay-color":"","overlay-opacity":"","overlay-gradient":""},"mobile":{"background-color":"var(--ast-global-color-5)","background-image":"","background-repeat":"repeat","background-position":"center center","background-size":"auto","background-attachment":"scroll","background-type":"","background-media":"","overlay-type":"","overlay-color":"","overlay-opacity":"","overlay-gradient":""}},"footnotes":""},"class_list":["post-322","page","type-page","status-publish","hentry"],"_links":{"self":[{"href":"https:\/\/svcertification.com\/peru\/wp-json\/wp\/v2\/pages\/322","targetHints":{"allow":["GET"]}}],"collection":[{"href":"https:\/\/svcertification.com\/peru\/wp-json\/wp\/v2\/pages"}],"about":[{"href":"https:\/\/svcertification.com\/peru\/wp-json\/wp\/v2\/types\/page"}],"author":[{"embeddable":true,"href":"https:\/\/svcertification.com\/peru\/wp-json\/wp\/v2\/users\/4"}],"replies":[{"embeddable":true,"href":"https:\/\/svcertification.com\/peru\/wp-json\/wp\/v2\/comments?post=322"}],"version-history":[{"count":0,"href":"https:\/\/svcertification.com\/peru\/wp-json\/wp\/v2\/pages\/322\/revisions"}],"wp:attachment":[{"href":"https:\/\/svcertification.com\/peru\/wp-json\/wp\/v2\/media?parent=322"}],"curies":[{"name":"wp","href":"https:\/\/api.w.org\/{rel}","templated":true}]}}