{"id":80,"date":"2023-03-22T09:41:18","date_gmt":"2023-03-22T08:41:18","guid":{"rendered":"https:\/\/svcertification.com\/peru\/?page_id=80"},"modified":"2026-04-09T11:49:19","modified_gmt":"2026-04-09T09:49:19","slug":"academia","status":"publish","type":"page","link":"https:\/\/svcertification.com\/peru\/academia\/","title":{"rendered":"Academia"},"content":{"rendered":"\n<h1 class=\"wp-block-heading\">Academia<\/h1>\n\n\n\n<div class=\"wp-block-columns is-layout-flex wp-container-core-columns-is-layout-28f84493 wp-block-columns-is-layout-flex\">\n<div class=\"wp-block-column is-layout-flow wp-block-column-is-layout-flow\">\n<div class=\"wp-block-cover is-light\"><img loading=\"lazy\" decoding=\"async\" width=\"1240\" height=\"810\" class=\"wp-block-cover__image-background wp-image-35\" alt=\"Sicurezza_sul_lavoro\" src=\"https:\/\/svcertification.com\/peru\/wp-content\/uploads\/sites\/4\/2023\/03\/Sicurezza_sul_lavoro.webp\" data-object-fit=\"cover\" srcset=\"https:\/\/svcertification.com\/peru\/wp-content\/uploads\/sites\/4\/2023\/03\/Sicurezza_sul_lavoro.webp 1240w, https:\/\/svcertification.com\/peru\/wp-content\/uploads\/sites\/4\/2023\/03\/Sicurezza_sul_lavoro-300x196.webp 300w, https:\/\/svcertification.com\/peru\/wp-content\/uploads\/sites\/4\/2023\/03\/Sicurezza_sul_lavoro-1024x669.webp 1024w, https:\/\/svcertification.com\/peru\/wp-content\/uploads\/sites\/4\/2023\/03\/Sicurezza_sul_lavoro-768x502.webp 768w\" sizes=\"auto, (max-width: 1240px) 100vw, 1240px\" \/><span aria-hidden=\"true\" class=\"wp-block-cover__background has-background-dim\"><\/span><div class=\"wp-block-cover__inner-container is-layout-flow wp-block-cover-is-layout-flow\">\n<p class=\"has-text-align-center has-ast-global-color-5-color has-text-color has-large-font-size\">Seguridad en el trabajo<\/p>\n<\/div><\/div>\n<\/div>\n\n\n\n<div class=\"wp-block-column is-layout-flow wp-block-column-is-layout-flow\">\n<div class=\"wp-block-cover\"><img loading=\"lazy\" decoding=\"async\" width=\"1500\" height=\"500\" class=\"wp-block-cover__image-background wp-image-31\" alt=\"\" src=\"https:\/\/svcertification.com\/peru\/wp-content\/uploads\/sites\/4\/2023\/03\/Slider_Home03.webp\" data-object-fit=\"cover\" srcset=\"https:\/\/svcertification.com\/peru\/wp-content\/uploads\/sites\/4\/2023\/03\/Slider_Home03.webp 1500w, https:\/\/svcertification.com\/peru\/wp-content\/uploads\/sites\/4\/2023\/03\/Slider_Home03-300x100.webp 300w, https:\/\/svcertification.com\/peru\/wp-content\/uploads\/sites\/4\/2023\/03\/Slider_Home03-1024x341.webp 1024w, https:\/\/svcertification.com\/peru\/wp-content\/uploads\/sites\/4\/2023\/03\/Slider_Home03-768x256.webp 768w\" sizes=\"auto, (max-width: 1500px) 100vw, 1500px\" \/><span aria-hidden=\"true\" class=\"wp-block-cover__background has-background-dim\"><\/span><div class=\"wp-block-cover__inner-container is-layout-flow wp-block-cover-is-layout-flow\">\n<p class=\"has-text-align-center has-ast-global-color-5-color has-text-color has-link-color has-large-font-size wp-elements-a6f44e30e92067477a94a5d7aaffbc73\">Securidad<\/p>\n<\/div><\/div>\n<\/div>\n\n\n\n<div class=\"wp-block-column is-layout-flow wp-block-column-is-layout-flow\">\n<div class=\"wp-block-cover is-light\"><img loading=\"lazy\" decoding=\"async\" width=\"1024\" height=\"768\" class=\"wp-block-cover__image-background wp-image-36\" alt=\"\" src=\"https:\/\/svcertification.com\/peru\/wp-content\/uploads\/sites\/4\/2023\/03\/x3.jpeg\" data-object-fit=\"cover\" srcset=\"https:\/\/svcertification.com\/peru\/wp-content\/uploads\/sites\/4\/2023\/03\/x3.jpeg 1024w, https:\/\/svcertification.com\/peru\/wp-content\/uploads\/sites\/4\/2023\/03\/x3-300x225.jpeg 300w, https:\/\/svcertification.com\/peru\/wp-content\/uploads\/sites\/4\/2023\/03\/x3-768x576.jpeg 768w\" sizes=\"auto, (max-width: 1024px) 100vw, 1024px\" \/><span aria-hidden=\"true\" class=\"wp-block-cover__background has-background-dim\"><\/span><div class=\"wp-block-cover__inner-container is-layout-flow wp-block-cover-is-layout-flow\">\n<p class=\"has-text-align-center has-ast-global-color-5-color has-text-color has-link-color has-large-font-size wp-elements-777f740e5898fec4444ab013580d827a\">Energ\u00eda<\/p>\n<\/div><\/div>\n<\/div>\n<\/div>\n\n\n\n<h3 class=\"wp-block-heading\">Cursos<\/h3>\n\n\n\n<p><strong><a href=\"https:\/\/svcertification.com\/peru\/certificacion-de-sistemas-de-gestion-de-calidad-iso-90012015\/curso-auditor-lider-iso-90012015\/\">Curso Auditor L\u00edder ISO 9001:2015<\/a><\/strong><br>El curso est\u00e1 dirigido a consultores y auditores que quieran ser capaces de realizar auditor\u00edas de II y III parte en empresas para evaluar sus requisitos con respecto a su sistema de gesti\u00f3n y calidad.<\/p>\n\n\n\n<p><a href=\"https:\/\/svcertification.com\/peru\/certificacion-de-sistemas-de-gestion-ambiental-iso-140012015\/curso-de-auditor-lead-auditor-iso-140012015\/\"><strong><strong>Curso de Auditor Lead Auditor ISO 14001:2015<\/strong><\/strong><br><\/a>El curso est\u00e1 dirigido a consultores y auditores que quieran ser capaces de realizar auditor\u00edas de II y III parte en empresas para evaluar sus requisitos con respecto a su sistema de gesti\u00f3n ambiental.<\/p>\n\n\n\n<p><a href=\"https:\/\/svcertification.com\/peru\/certificacion-para-la-proteccion-de-la-seguridad-y-la-salud-en-el-trabajo\/curso-auditor-lider-iso-450012018\/\"><strong><strong>Curso Auditor L\u00edder ISO 45001:2018<\/strong><\/strong><br><\/a>El curso est\u00e1 dirigido a consultores y auditores que quieran poder realizar auditor\u00edas de II y III parte en empresas para evaluar sus requisitos con respecto a su sistema de SST.<\/p>\n\n\n\n<p><a href=\"https:\/\/svcertification.com\/peru\/certificacion-de-sistemas-de-gestion-de-la-seguridad-informatica\/curso-de-auditor-lider-iso-iec-270012022\/\"><strong><strong>Curso de Auditor L\u00edder ISO IEC 27001:2022<\/strong><\/strong><br><\/a>El curso est\u00e1 dirigido a consultores y auditores que quieran ser capaces de realizar auditor\u00edas de II y III parte en empresas para evaluar sus requisitos con respecto a su sistema de seguridad inform\u00e1tica.<\/p>\n\n\n\n<ul class=\"wp-block-list\">\n<li>Cursos de formaci\u00f3n de AUDITOR y AUDITOR L\u00cdDER: ISO 9001:2015, 14001:2015, 45001:2018, ISO 27001:2022<\/li>\n\n\n\n<li>Cursos EGE<\/li>\n\n\n\n<li>Cursos EX DLGS 81\/2008<\/li>\n\n\n\n<li>Curso para miembros del \u00f3rgano de vigilancia Decreto Legislativo 231\/2001<\/li>\n\n\n\n<li>Curso para responsable del tratamiento y RPD (delegado de protecci\u00f3n de datos), Reglamento 679\/2016<\/li>\n<\/ul>\n\n\n\n<p>Los cursos se organizar\u00e1n y se dar\u00e1n a conocer por correo electr\u00f3nico. Para m\u00e1s informaci\u00f3n, no dude en ponerse en contacto con nosotros.<\/p>\n","protected":false},"excerpt":{"rendered":"<p>Academia Cursos Curso Auditor L\u00edder ISO 9001:2015El curso est\u00e1 dirigido a consultores y auditores que quieran ser capaces de realizar auditor\u00edas de II y III parte en empresas para evaluar sus requisitos con respecto a su sistema de gesti\u00f3n y calidad. Curso de Auditor Lead Auditor ISO 14001:2015El curso est\u00e1 dirigido a consultores y auditores [&hellip;]<\/p>\n","protected":false},"author":4,"featured_media":0,"parent":0,"menu_order":0,"comment_status":"closed","ping_status":"closed","template":"","meta":{"site-sidebar-layout":"no-sidebar","site-content-layout":"","ast-site-content-layout":"default","site-content-style":"default","site-sidebar-style":"default","ast-global-header-display":"","ast-banner-title-visibility":"","ast-main-header-display":"","ast-hfb-above-header-display":"","ast-hfb-below-header-display":"","ast-hfb-mobile-header-display":"","site-post-title":"disabled","ast-breadcrumbs-content":"","ast-featured-img":"","footer-sml-layout":"","ast-disable-related-posts":"","theme-transparent-header-meta":"","adv-header-id-meta":"","stick-header-meta":"","header-above-stick-meta":"","header-main-stick-meta":"","header-below-stick-meta":"","astra-migrate-meta-layouts":"set","ast-page-background-enabled":"default","ast-page-background-meta":{"desktop":{"background-color":"var(--ast-global-color-4)","background-image":"","background-repeat":"repeat","background-position":"center center","background-size":"auto","background-attachment":"scroll","background-type":"","background-media":"","overlay-type":"","overlay-color":"","overlay-opacity":"","overlay-gradient":""},"tablet":{"background-color":"","background-image":"","background-repeat":"repeat","background-position":"center center","background-size":"auto","background-attachment":"scroll","background-type":"","background-media":"","overlay-type":"","overlay-color":"","overlay-opacity":"","overlay-gradient":""},"mobile":{"background-color":"","background-image":"","background-repeat":"repeat","background-position":"center center","background-size":"auto","background-attachment":"scroll","background-type":"","background-media":"","overlay-type":"","overlay-color":"","overlay-opacity":"","overlay-gradient":""}},"ast-content-background-meta":{"desktop":{"background-color":"var(--ast-global-color-5)","background-image":"","background-repeat":"repeat","background-position":"center center","background-size":"auto","background-attachment":"scroll","background-type":"","background-media":"","overlay-type":"","overlay-color":"","overlay-opacity":"","overlay-gradient":""},"tablet":{"background-color":"var(--ast-global-color-5)","background-image":"","background-repeat":"repeat","background-position":"center center","background-size":"auto","background-attachment":"scroll","background-type":"","background-media":"","overlay-type":"","overlay-color":"","overlay-opacity":"","overlay-gradient":""},"mobile":{"background-color":"var(--ast-global-color-5)","background-image":"","background-repeat":"repeat","background-position":"center center","background-size":"auto","background-attachment":"scroll","background-type":"","background-media":"","overlay-type":"","overlay-color":"","overlay-opacity":"","overlay-gradient":""}},"footnotes":""},"class_list":["post-80","page","type-page","status-publish","hentry"],"_links":{"self":[{"href":"https:\/\/svcertification.com\/peru\/wp-json\/wp\/v2\/pages\/80","targetHints":{"allow":["GET"]}}],"collection":[{"href":"https:\/\/svcertification.com\/peru\/wp-json\/wp\/v2\/pages"}],"about":[{"href":"https:\/\/svcertification.com\/peru\/wp-json\/wp\/v2\/types\/page"}],"author":[{"embeddable":true,"href":"https:\/\/svcertification.com\/peru\/wp-json\/wp\/v2\/users\/4"}],"replies":[{"embeddable":true,"href":"https:\/\/svcertification.com\/peru\/wp-json\/wp\/v2\/comments?post=80"}],"version-history":[{"count":2,"href":"https:\/\/svcertification.com\/peru\/wp-json\/wp\/v2\/pages\/80\/revisions"}],"predecessor-version":[{"id":471,"href":"https:\/\/svcertification.com\/peru\/wp-json\/wp\/v2\/pages\/80\/revisions\/471"}],"wp:attachment":[{"href":"https:\/\/svcertification.com\/peru\/wp-json\/wp\/v2\/media?parent=80"}],"curies":[{"name":"wp","href":"https:\/\/api.w.org\/{rel}","templated":true}]}}