{"id":91,"date":"2023-03-22T09:59:31","date_gmt":"2023-03-22T08:59:31","guid":{"rendered":"https:\/\/svcertification.com\/peru\/?page_id=91"},"modified":"2026-04-09T12:46:33","modified_gmt":"2026-04-09T10:46:33","slug":"las-oficinas","status":"publish","type":"page","link":"https:\/\/svcertification.com\/peru\/las-oficinas\/","title":{"rendered":"Las Oficinas"},"content":{"rendered":"\n<h1 class=\"wp-block-heading\" id=\"le-sedi\">Las Oficinas<\/h1>\n\n\n\n<div class=\"wp-block-group is-layout-constrained wp-block-group-is-layout-constrained\"><div class=\"wp-block-group__inner-container\">\n<div class=\"wp-block-columns is-layout-flex wp-container-core-columns-is-layout-12beab2d wp-block-columns-is-layout-flex\">\n<div class=\"wp-block-column is-layout-flow wp-container-core-column-is-layout-119bc444 wp-block-column-is-layout-flow\">\n<figure class=\"wp-block-image aligncenter size-full is-resized\"><img decoding=\"async\" src=\"https:\/\/svcertification.com\/wp-content\/uploads\/2021\/10\/slovakia-flag.jpeg\" alt=\"slovakia-flag\" class=\"wp-image-493\" style=\"width:50px\"\/><\/figure>\n\n\n\n<h4 class=\"wp-block-heading has-text-align-center\">Eslovaquia<\/h4>\n\n\n\n<hr class=\"wp-block-separator aligncenter has-text-color has-ast-global-color-4-color has-alpha-channel-opacity has-ast-global-color-4-background-color has-background\"\/>\n\n\n\n<p class=\"has-text-align-center\">Karad\u017ei\u010dova 8A,<br>mestsk\u00e1 \u010das\u0165 Nov\u00e9 Mesto 821 08<br>Bratislava<\/p>\n<\/div>\n\n\n\n<div class=\"wp-block-column is-layout-flow wp-container-core-column-is-layout-119bc444 wp-block-column-is-layout-flow\">\n<figure class=\"wp-block-image aligncenter size-full is-resized\"><img decoding=\"async\" src=\"https:\/\/svcertification.com\/wp-content\/uploads\/2021\/10\/switzerland-flag.jpeg\" alt=\"switzerland-flag\" class=\"wp-image-487\" style=\"width:50px\"\/><\/figure>\n\n\n\n<h4 class=\"wp-block-heading has-text-align-center\">Suiza<\/h4>\n\n\n\n<hr class=\"wp-block-separator aligncenter has-text-color has-ast-global-color-4-color has-alpha-channel-opacity has-ast-global-color-4-background-color has-background\"\/>\n\n\n\n<p class=\"has-text-align-center\">Via al Gaggio 15B<br>6912 Pazzallo (TI)<\/p>\n<\/div>\n\n\n\n<div class=\"wp-block-column is-layout-flow wp-container-core-column-is-layout-119bc444 wp-block-column-is-layout-flow\">\n<figure class=\"wp-block-image aligncenter size-full is-resized\"><img decoding=\"async\" src=\"https:\/\/svcertification.com\/wp-content\/uploads\/2021\/10\/italy-flag.jpeg\" alt=\"italy-flag\" class=\"wp-image-492\" style=\"width:50px\"\/><\/figure>\n\n\n\n<h4 class=\"wp-block-heading has-text-align-center\">Italia<\/h4>\n\n\n\n<hr class=\"wp-block-separator aligncenter has-text-color has-ast-global-color-4-color has-alpha-channel-opacity has-ast-global-color-4-background-color has-background\"\/>\n\n\n\n<p class=\"has-text-align-center\">Via Pietro Ponisio 1<br>22070 Senna Comasco (CO)<\/p>\n<\/div>\n<\/div>\n<\/div><\/div>\n","protected":false},"excerpt":{"rendered":"<p>Las Oficinas Eslovaquia Karad\u017ei\u010dova 8A,mestsk\u00e1 \u010das\u0165 Nov\u00e9 Mesto 821 08Bratislava Suiza Via al Gaggio 15B6912 Pazzallo (TI) Italia Via Pietro Ponisio 122070 Senna Comasco (CO)<\/p>\n","protected":false},"author":4,"featured_media":0,"parent":0,"menu_order":0,"comment_status":"closed","ping_status":"closed","template":"","meta":{"site-sidebar-layout":"no-sidebar","site-content-layout":"","ast-site-content-layout":"default","site-content-style":"default","site-sidebar-style":"default","ast-global-header-display":"","ast-banner-title-visibility":"","ast-main-header-display":"","ast-hfb-above-header-display":"","ast-hfb-below-header-display":"","ast-hfb-mobile-header-display":"","site-post-title":"disabled","ast-breadcrumbs-content":"","ast-featured-img":"","footer-sml-layout":"","ast-disable-related-posts":"","theme-transparent-header-meta":"","adv-header-id-meta":"","stick-header-meta":"","header-above-stick-meta":"","header-main-stick-meta":"","header-below-stick-meta":"","astra-migrate-meta-layouts":"set","ast-page-background-enabled":"default","ast-page-background-meta":{"desktop":{"background-color":"var(--ast-global-color-4)","background-image":"","background-repeat":"repeat","background-position":"center center","background-size":"auto","background-attachment":"scroll","background-type":"","background-media":"","overlay-type":"","overlay-color":"","overlay-opacity":"","overlay-gradient":""},"tablet":{"background-color":"","background-image":"","background-repeat":"repeat","background-position":"center center","background-size":"auto","background-attachment":"scroll","background-type":"","background-media":"","overlay-type":"","overlay-color":"","overlay-opacity":"","overlay-gradient":""},"mobile":{"background-color":"","background-image":"","background-repeat":"repeat","background-position":"center center","background-size":"auto","background-attachment":"scroll","background-type":"","background-media":"","overlay-type":"","overlay-color":"","overlay-opacity":"","overlay-gradient":""}},"ast-content-background-meta":{"desktop":{"background-color":"var(--ast-global-color-5)","background-image":"","background-repeat":"repeat","background-position":"center center","background-size":"auto","background-attachment":"scroll","background-type":"","background-media":"","overlay-type":"","overlay-color":"","overlay-opacity":"","overlay-gradient":""},"tablet":{"background-color":"var(--ast-global-color-5)","background-image":"","background-repeat":"repeat","background-position":"center center","background-size":"auto","background-attachment":"scroll","background-type":"","background-media":"","overlay-type":"","overlay-color":"","overlay-opacity":"","overlay-gradient":""},"mobile":{"background-color":"var(--ast-global-color-5)","background-image":"","background-repeat":"repeat","background-position":"center center","background-size":"auto","background-attachment":"scroll","background-type":"","background-media":"","overlay-type":"","overlay-color":"","overlay-opacity":"","overlay-gradient":""}},"footnotes":""},"class_list":["post-91","page","type-page","status-publish","hentry"],"_links":{"self":[{"href":"https:\/\/svcertification.com\/peru\/wp-json\/wp\/v2\/pages\/91","targetHints":{"allow":["GET"]}}],"collection":[{"href":"https:\/\/svcertification.com\/peru\/wp-json\/wp\/v2\/pages"}],"about":[{"href":"https:\/\/svcertification.com\/peru\/wp-json\/wp\/v2\/types\/page"}],"author":[{"embeddable":true,"href":"https:\/\/svcertification.com\/peru\/wp-json\/wp\/v2\/users\/4"}],"replies":[{"embeddable":true,"href":"https:\/\/svcertification.com\/peru\/wp-json\/wp\/v2\/comments?post=91"}],"version-history":[{"count":3,"href":"https:\/\/svcertification.com\/peru\/wp-json\/wp\/v2\/pages\/91\/revisions"}],"predecessor-version":[{"id":472,"href":"https:\/\/svcertification.com\/peru\/wp-json\/wp\/v2\/pages\/91\/revisions\/472"}],"wp:attachment":[{"href":"https:\/\/svcertification.com\/peru\/wp-json\/wp\/v2\/media?parent=91"}],"curies":[{"name":"wp","href":"https:\/\/api.w.org\/{rel}","templated":true}]}}