{"id":111,"date":"2023-06-12T17:08:33","date_gmt":"2023-06-12T15:08:33","guid":{"rendered":"https:\/\/svcertification.com\/sk\/?page_id=111"},"modified":"2023-06-13T10:12:41","modified_gmt":"2023-06-13T08:12:41","slug":"certifikacia-systemov-environmentalneho-riadenia-iso-140012015","status":"publish","type":"page","link":"https:\/\/svcertification.com\/sk\/certifikacia-systemov-environmentalneho-riadenia-iso-140012015\/","title":{"rendered":"Certifik\u00e1cia syst\u00e9mov environment\u00e1lneho riadenia ISO 14001:2015"},"content":{"rendered":"\n<h1 class=\"wp-block-heading\">Certifik\u00e1cia syst\u00e9mov environment\u00e1lneho riadenia ISO 14001:2015<\/h1>\n\n\n\n<p>Certifik\u00e1cia syst\u00e9mu environment\u00e1lneho riadenia umo\u017e\u0148uje organiz\u00e1cii preuk\u00e1za\u0165 svoje z\u00e1v\u00e4zky vo\u010di ochrane \u017eivotn\u00e9ho prostredia pred in\u0161tit\u00faciami, ob\u010danmi a z\u00e1kazn\u00edkmi. <\/p>\n\n\n\n<p>L\u2019azienda certificata ISO 14001:2015 \u00e8 in grado di minimizzare i rischi e migliorare costantemente la prestazione ambientale. <\/p>\n\n\n\n<p>Podnik s certifik\u00e1ciou ISO 14001:2015 je schopn\u00fd minimalizova\u0165 rizik\u00e1 a neust\u00e1le zlep\u0161ova\u0165 environment\u00e1lnu v\u00fdkonnos\u0165. <\/p>\n\n\n\n<p>Podnikate\u013esk\u00fd pr\u00edstup zameran\u00fd na udr\u017eate\u013en\u00fd \u00faspech posil\u0148uje d\u00f4veru vo\u010di z\u00e1kazn\u00edkom, dod\u00e1vate\u013eom a partnerom. <\/p>\n\n\n\n<p>Posil\u0148uje tie\u017e vlastn\u00fd obraz na trhu.<\/p>\n","protected":false},"excerpt":{"rendered":"<p>Certifik\u00e1cia syst\u00e9mov environment\u00e1lneho riadenia ISO 14001:2015 Certifik\u00e1cia syst\u00e9mu environment\u00e1lneho riadenia umo\u017e\u0148uje organiz\u00e1cii preuk\u00e1za\u0165 svoje z\u00e1v\u00e4zky vo\u010di ochrane \u017eivotn\u00e9ho prostredia pred in\u0161tit\u00faciami, ob\u010danmi a z\u00e1kazn\u00edkmi. L\u2019azienda certificata ISO 14001:2015 \u00e8 in grado di minimizzare i rischi e migliorare costantemente la prestazione ambientale. Podnik s certifik\u00e1ciou ISO 14001:2015 je schopn\u00fd minimalizova\u0165 rizik\u00e1 a neust\u00e1le zlep\u0161ova\u0165 environment\u00e1lnu v\u00fdkonnos\u0165. [&hellip;]<\/p>\n","protected":false},"author":4,"featured_media":112,"parent":0,"menu_order":0,"comment_status":"closed","ping_status":"closed","template":"","meta":{"site-sidebar-layout":"default","site-content-layout":"","ast-site-content-layout":"default","site-content-style":"default","site-sidebar-style":"default","ast-global-header-display":"","ast-banner-title-visibility":"","ast-main-header-display":"","ast-hfb-above-header-display":"","ast-hfb-below-header-display":"","ast-hfb-mobile-header-display":"","site-post-title":"disabled","ast-breadcrumbs-content":"","ast-featured-img":"","footer-sml-layout":"","ast-disable-related-posts":"","theme-transparent-header-meta":"","adv-header-id-meta":"","stick-header-meta":"","header-above-stick-meta":"","header-main-stick-meta":"","header-below-stick-meta":"","astra-migrate-meta-layouts":"default","ast-page-background-enabled":"default","ast-page-background-meta":{"desktop":{"background-color":"var(--ast-global-color-4)","background-image":"","background-repeat":"repeat","background-position":"center center","background-size":"auto","background-attachment":"scroll","background-type":"","background-media":"","overlay-type":"","overlay-color":"","overlay-opacity":"","overlay-gradient":""},"tablet":{"background-color":"","background-image":"","background-repeat":"repeat","background-position":"center center","background-size":"auto","background-attachment":"scroll","background-type":"","background-media":"","overlay-type":"","overlay-color":"","overlay-opacity":"","overlay-gradient":""},"mobile":{"background-color":"","background-image":"","background-repeat":"repeat","background-position":"center center","background-size":"auto","background-attachment":"scroll","background-type":"","background-media":"","overlay-type":"","overlay-color":"","overlay-opacity":"","overlay-gradient":""}},"ast-content-background-meta":{"desktop":{"background-color":"var(--ast-global-color-5)","background-image":"","background-repeat":"repeat","background-position":"center center","background-size":"auto","background-attachment":"scroll","background-type":"","background-media":"","overlay-type":"","overlay-color":"","overlay-opacity":"","overlay-gradient":""},"tablet":{"background-color":"var(--ast-global-color-5)","background-image":"","background-repeat":"repeat","background-position":"center center","background-size":"auto","background-attachment":"scroll","background-type":"","background-media":"","overlay-type":"","overlay-color":"","overlay-opacity":"","overlay-gradient":""},"mobile":{"background-color":"var(--ast-global-color-5)","background-image":"","background-repeat":"repeat","background-position":"center center","background-size":"auto","background-attachment":"scroll","background-type":"","background-media":"","overlay-type":"","overlay-color":"","overlay-opacity":"","overlay-gradient":""}},"footnotes":""},"class_list":["post-111","page","type-page","status-publish","has-post-thumbnail","hentry"],"_links":{"self":[{"href":"https:\/\/svcertification.com\/sk\/wp-json\/wp\/v2\/pages\/111","targetHints":{"allow":["GET"]}}],"collection":[{"href":"https:\/\/svcertification.com\/sk\/wp-json\/wp\/v2\/pages"}],"about":[{"href":"https:\/\/svcertification.com\/sk\/wp-json\/wp\/v2\/types\/page"}],"author":[{"embeddable":true,"href":"https:\/\/svcertification.com\/sk\/wp-json\/wp\/v2\/users\/4"}],"replies":[{"embeddable":true,"href":"https:\/\/svcertification.com\/sk\/wp-json\/wp\/v2\/comments?post=111"}],"version-history":[{"count":0,"href":"https:\/\/svcertification.com\/sk\/wp-json\/wp\/v2\/pages\/111\/revisions"}],"wp:featuredmedia":[{"embeddable":true,"href":"https:\/\/svcertification.com\/sk\/wp-json\/wp\/v2\/media\/112"}],"wp:attachment":[{"href":"https:\/\/svcertification.com\/sk\/wp-json\/wp\/v2\/media?parent=111"}],"curies":[{"name":"wp","href":"https:\/\/api.w.org\/{rel}","templated":true}]}}