{"id":115,"date":"2023-06-12T17:15:30","date_gmt":"2023-06-12T15:15:30","guid":{"rendered":"https:\/\/svcertification.com\/sk\/?page_id=115"},"modified":"2026-04-09T10:52:39","modified_gmt":"2026-04-09T08:52:39","slug":"certifikacia-bezpecnosti-prace-a-ochrany-zdravia","status":"publish","type":"page","link":"https:\/\/svcertification.com\/sk\/certifikacia-bezpecnosti-prace-a-ochrany-zdravia\/","title":{"rendered":"Certifik\u00e1cia bezpe\u010dnosti pr\u00e1ce a ochrany zdravia"},"content":{"rendered":"\n<h1 class=\"wp-block-heading\">Certifik\u00e1cia bezpe\u010dnosti pr\u00e1ce a ochrany zdravia<\/h1>\n\n\n\n<p><strong>ISO 45001:2018\/Amd 1:2024<\/strong><\/p>\n\n\n\n<p>Syst\u00e9my riadenia bezpe\u010dnosti a ochrany zdravia pri pr\u00e1ci: po\u017eiadavky a usmernenia na pou\u017e\u00edvanie<\/p>\n\n\n\n<p><strong>Pozme\u0148uj\u00faci n\u00e1vrh \u010d. 1: Zmeny v oblasti boja proti zmene kl\u00edmy<\/strong><\/p>\n\n\n\n<p>Podniky, ktor\u00e9 chc\u00fa zd\u00f4razni\u0165 svoje z\u00e1v\u00e4zky zabezpe\u010di\u0165 bezpe\u010dnos\u0165 a zdravie na pracovisku prostredn\u00edctvom syst\u00e9mu riadenia bezpe\u010dnosti, m\u00f4\u017eu vyu\u017ei\u0165 t\u00fato normu BS.<\/p>\n\n\n\n<p>V\u010faka tomuto syst\u00e9mu doch\u00e1dza k zv\u00fd\u0161eniu produktivity (s men\u0161\u00edm po\u010dtom straten\u00fdch pracovn\u00fdch dn\u00ed) a rastu s\u00fahlasu s zamestn\u00e1vate\u013eom.<\/p>\n\n\n\n<p>Je mo\u017en\u00e9 zlep\u0161i\u0165 a posilni\u0165 d\u00f4veru vo\u010di z\u00e1kazn\u00edkom, zamestnancom a partnerom prostredn\u00edctvom d\u00f4kladn\u00e9ho pos\u00fadenia a sk\u00famania nasleduj\u00facich t\u00e9m:<\/p>\n\n\n\n<ul class=\"wp-block-list\">\n<li>anal\u00fdza riz\u00edk v podniku<\/li>\n\n\n\n<li>uvedomenie si skuto\u010dn\u00fdch a potenci\u00e1lnych riz\u00edk<\/li>\n\n\n\n<li>pr\u00edru\u010dka so z\u00e1kladn\u00fdmi bezpe\u010dnostn\u00fdmi postupmi<\/li>\n\n\n\n<li>anal\u00fdza \u0161tatist\u00edk \u00farazov a cie\u013eov zlep\u0161ovania<\/li>\n<\/ul>\n","protected":false},"excerpt":{"rendered":"<p>Certifik\u00e1cia bezpe\u010dnosti pr\u00e1ce a ochrany zdravia ISO 45001:2018\/Amd 1:2024 Syst\u00e9my riadenia bezpe\u010dnosti a ochrany zdravia pri pr\u00e1ci: po\u017eiadavky a usmernenia na pou\u017e\u00edvanie Pozme\u0148uj\u00faci n\u00e1vrh \u010d. 1: Zmeny v oblasti boja proti zmene kl\u00edmy Podniky, ktor\u00e9 chc\u00fa zd\u00f4razni\u0165 svoje z\u00e1v\u00e4zky zabezpe\u010di\u0165 bezpe\u010dnos\u0165 a zdravie na pracovisku prostredn\u00edctvom syst\u00e9mu riadenia bezpe\u010dnosti, m\u00f4\u017eu vyu\u017ei\u0165 t\u00fato normu BS. V\u010faka [&hellip;]<\/p>\n","protected":false},"author":4,"featured_media":116,"parent":0,"menu_order":0,"comment_status":"closed","ping_status":"closed","template":"","meta":{"site-sidebar-layout":"default","site-content-layout":"","ast-site-content-layout":"default","site-content-style":"default","site-sidebar-style":"default","ast-global-header-display":"","ast-banner-title-visibility":"","ast-main-header-display":"","ast-hfb-above-header-display":"","ast-hfb-below-header-display":"","ast-hfb-mobile-header-display":"","site-post-title":"disabled","ast-breadcrumbs-content":"","ast-featured-img":"","footer-sml-layout":"","ast-disable-related-posts":"","theme-transparent-header-meta":"","adv-header-id-meta":"","stick-header-meta":"","header-above-stick-meta":"","header-main-stick-meta":"","header-below-stick-meta":"","astra-migrate-meta-layouts":"set","ast-page-background-enabled":"default","ast-page-background-meta":{"desktop":{"background-color":"var(--ast-global-color-4)","background-image":"","background-repeat":"repeat","background-position":"center center","background-size":"auto","background-attachment":"scroll","background-type":"","background-media":"","overlay-type":"","overlay-color":"","overlay-opacity":"","overlay-gradient":""},"tablet":{"background-color":"","background-image":"","background-repeat":"repeat","background-position":"center center","background-size":"auto","background-attachment":"scroll","background-type":"","background-media":"","overlay-type":"","overlay-color":"","overlay-opacity":"","overlay-gradient":""},"mobile":{"background-color":"","background-image":"","background-repeat":"repeat","background-position":"center center","background-size":"auto","background-attachment":"scroll","background-type":"","background-media":"","overlay-type":"","overlay-color":"","overlay-opacity":"","overlay-gradient":""}},"ast-content-background-meta":{"desktop":{"background-color":"var(--ast-global-color-5)","background-image":"","background-repeat":"repeat","background-position":"center center","background-size":"auto","background-attachment":"scroll","background-type":"","background-media":"","overlay-type":"","overlay-color":"","overlay-opacity":"","overlay-gradient":""},"tablet":{"background-color":"var(--ast-global-color-5)","background-image":"","background-repeat":"repeat","background-position":"center center","background-size":"auto","background-attachment":"scroll","background-type":"","background-media":"","overlay-type":"","overlay-color":"","overlay-opacity":"","overlay-gradient":""},"mobile":{"background-color":"var(--ast-global-color-5)","background-image":"","background-repeat":"repeat","background-position":"center center","background-size":"auto","background-attachment":"scroll","background-type":"","background-media":"","overlay-type":"","overlay-color":"","overlay-opacity":"","overlay-gradient":""}},"footnotes":""},"class_list":["post-115","page","type-page","status-publish","has-post-thumbnail","hentry"],"_links":{"self":[{"href":"https:\/\/svcertification.com\/sk\/wp-json\/wp\/v2\/pages\/115","targetHints":{"allow":["GET"]}}],"collection":[{"href":"https:\/\/svcertification.com\/sk\/wp-json\/wp\/v2\/pages"}],"about":[{"href":"https:\/\/svcertification.com\/sk\/wp-json\/wp\/v2\/types\/page"}],"author":[{"embeddable":true,"href":"https:\/\/svcertification.com\/sk\/wp-json\/wp\/v2\/users\/4"}],"replies":[{"embeddable":true,"href":"https:\/\/svcertification.com\/sk\/wp-json\/wp\/v2\/comments?post=115"}],"version-history":[{"count":1,"href":"https:\/\/svcertification.com\/sk\/wp-json\/wp\/v2\/pages\/115\/revisions"}],"predecessor-version":[{"id":285,"href":"https:\/\/svcertification.com\/sk\/wp-json\/wp\/v2\/pages\/115\/revisions\/285"}],"wp:featuredmedia":[{"embeddable":true,"href":"https:\/\/svcertification.com\/sk\/wp-json\/wp\/v2\/media\/116"}],"wp:attachment":[{"href":"https:\/\/svcertification.com\/sk\/wp-json\/wp\/v2\/media?parent=115"}],"curies":[{"name":"wp","href":"https:\/\/api.w.org\/{rel}","templated":true}]}}