{"id":119,"date":"2023-06-12T17:20:50","date_gmt":"2023-06-12T15:20:50","guid":{"rendered":"https:\/\/svcertification.com\/sk\/?page_id=119"},"modified":"2026-04-09T10:23:46","modified_gmt":"2026-04-09T08:23:46","slug":"certifikacia-systemov-riadenia-informacnej-bezpecnosti","status":"publish","type":"page","link":"https:\/\/svcertification.com\/sk\/certifikacia-systemov-riadenia-informacnej-bezpecnosti\/","title":{"rendered":"Certifik\u00e1cia syst\u00e9mov riadenia informa\u010dnej bezpe\u010dnosti"},"content":{"rendered":"\n<h1 class=\"wp-block-heading\">Certifik\u00e1cia syst\u00e9mov riadenia informa\u010dnej bezpe\u010dnosti<\/h1>\n\n\n\n<h4 class=\"wp-block-heading has-ast-global-color-1-color has-text-color\"><strong>ISO 27001:2022<\/strong><\/h4>\n\n\n\n<p>Publikovan\u00e1 v roku 2013 bola prelo\u017een\u00e1 do talian\u010diny a konvertovan\u00e1 na normu UNI v marci 2014 ako ISO\/IEC 27001:2022 &#8211; Informa\u010dn\u00e9 technol\u00f3gie &#8211; Technick\u00e9 po\u017eiadavky na bezpe\u010dnos\u0165 &#8211; Syst\u00e9my riadenia bezpe\u010dnosti inform\u00e1ci\u00ed &#8211; Po\u017eiadavky.<\/p>\n\n\n\n<p><strong>\u0160tandardn\u00fd<\/strong><\/p>\n\n\n\n<p><strong>ISO\/IEC 27001:2022\/Amd 1:2024<\/strong><\/p>\n\n\n\n<p>Bezpe\u010dnos\u0165 inform\u00e1ci\u00ed, kybernetick\u00e1 bezpe\u010dnos\u0165 a ochrana s\u00fakromia \u2014 Syst\u00e9my riadenia bezpe\u010dnosti inform\u00e1ci\u00ed \u2014 Po\u017eiadavky<\/p>\n\n\n\n<p><strong>Pozme\u0148uj\u00faci n\u00e1vrh \u010d. 1: Zmeny t\u00fdkaj\u00face sa opatren\u00ed v oblasti kl\u00edmy<\/strong><\/p>\n\n\n\n<p>Je d\u00f4le\u017eit\u00e9 informova\u0165 (sami seba aj t\u00fdch, ktor\u00ed vyu\u017e\u00edvaj\u00fa slu\u017eby\/produkty poskytovan\u00e9 spolo\u010dnos\u0165ou) o tom, \u017ee inform\u00e1cie s\u00fa majetkom, ktor\u00fd je potrebn\u00e9 chr\u00e1ni\u0165; toto zabezpe\u010duje pr\u00e1vne a zmluvn\u00e9 z\u00e1klady a podporuje d\u00f4veru pri kontakte s klientmi, verejn\u00fdmi organiz\u00e1ciami a elektronick\u00fdm obchodom.<\/p>\n","protected":false},"excerpt":{"rendered":"<p>Certifik\u00e1cia syst\u00e9mov riadenia informa\u010dnej bezpe\u010dnosti ISO 27001:2022 Publikovan\u00e1 v roku 2013 bola prelo\u017een\u00e1 do talian\u010diny a konvertovan\u00e1 na normu UNI v marci 2014 ako ISO\/IEC 27001:2022 &#8211; Informa\u010dn\u00e9 technol\u00f3gie &#8211; Technick\u00e9 po\u017eiadavky na bezpe\u010dnos\u0165 &#8211; Syst\u00e9my riadenia bezpe\u010dnosti inform\u00e1ci\u00ed &#8211; Po\u017eiadavky. \u0160tandardn\u00fd ISO\/IEC 27001:2022\/Amd 1:2024 Bezpe\u010dnos\u0165 inform\u00e1ci\u00ed, kybernetick\u00e1 bezpe\u010dnos\u0165 a ochrana s\u00fakromia \u2014 Syst\u00e9my riadenia [&hellip;]<\/p>\n","protected":false},"author":4,"featured_media":120,"parent":0,"menu_order":0,"comment_status":"closed","ping_status":"closed","template":"","meta":{"site-sidebar-layout":"default","site-content-layout":"","ast-site-content-layout":"default","site-content-style":"default","site-sidebar-style":"default","ast-global-header-display":"","ast-banner-title-visibility":"","ast-main-header-display":"","ast-hfb-above-header-display":"","ast-hfb-below-header-display":"","ast-hfb-mobile-header-display":"","site-post-title":"disabled","ast-breadcrumbs-content":"","ast-featured-img":"","footer-sml-layout":"","ast-disable-related-posts":"","theme-transparent-header-meta":"","adv-header-id-meta":"","stick-header-meta":"","header-above-stick-meta":"","header-main-stick-meta":"","header-below-stick-meta":"","astra-migrate-meta-layouts":"set","ast-page-background-enabled":"default","ast-page-background-meta":{"desktop":{"background-color":"var(--ast-global-color-4)","background-image":"","background-repeat":"repeat","background-position":"center center","background-size":"auto","background-attachment":"scroll","background-type":"","background-media":"","overlay-type":"","overlay-color":"","overlay-opacity":"","overlay-gradient":""},"tablet":{"background-color":"","background-image":"","background-repeat":"repeat","background-position":"center center","background-size":"auto","background-attachment":"scroll","background-type":"","background-media":"","overlay-type":"","overlay-color":"","overlay-opacity":"","overlay-gradient":""},"mobile":{"background-color":"","background-image":"","background-repeat":"repeat","background-position":"center center","background-size":"auto","background-attachment":"scroll","background-type":"","background-media":"","overlay-type":"","overlay-color":"","overlay-opacity":"","overlay-gradient":""}},"ast-content-background-meta":{"desktop":{"background-color":"var(--ast-global-color-5)","background-image":"","background-repeat":"repeat","background-position":"center center","background-size":"auto","background-attachment":"scroll","background-type":"","background-media":"","overlay-type":"","overlay-color":"","overlay-opacity":"","overlay-gradient":""},"tablet":{"background-color":"var(--ast-global-color-5)","background-image":"","background-repeat":"repeat","background-position":"center center","background-size":"auto","background-attachment":"scroll","background-type":"","background-media":"","overlay-type":"","overlay-color":"","overlay-opacity":"","overlay-gradient":""},"mobile":{"background-color":"var(--ast-global-color-5)","background-image":"","background-repeat":"repeat","background-position":"center center","background-size":"auto","background-attachment":"scroll","background-type":"","background-media":"","overlay-type":"","overlay-color":"","overlay-opacity":"","overlay-gradient":""}},"footnotes":""},"class_list":["post-119","page","type-page","status-publish","has-post-thumbnail","hentry"],"_links":{"self":[{"href":"https:\/\/svcertification.com\/sk\/wp-json\/wp\/v2\/pages\/119","targetHints":{"allow":["GET"]}}],"collection":[{"href":"https:\/\/svcertification.com\/sk\/wp-json\/wp\/v2\/pages"}],"about":[{"href":"https:\/\/svcertification.com\/sk\/wp-json\/wp\/v2\/types\/page"}],"author":[{"embeddable":true,"href":"https:\/\/svcertification.com\/sk\/wp-json\/wp\/v2\/users\/4"}],"replies":[{"embeddable":true,"href":"https:\/\/svcertification.com\/sk\/wp-json\/wp\/v2\/comments?post=119"}],"version-history":[{"count":1,"href":"https:\/\/svcertification.com\/sk\/wp-json\/wp\/v2\/pages\/119\/revisions"}],"predecessor-version":[{"id":283,"href":"https:\/\/svcertification.com\/sk\/wp-json\/wp\/v2\/pages\/119\/revisions\/283"}],"wp:featuredmedia":[{"embeddable":true,"href":"https:\/\/svcertification.com\/sk\/wp-json\/wp\/v2\/media\/120"}],"wp:attachment":[{"href":"https:\/\/svcertification.com\/sk\/wp-json\/wp\/v2\/media?parent=119"}],"curies":[{"name":"wp","href":"https:\/\/api.w.org\/{rel}","templated":true}]}}