{"id":123,"date":"2023-06-12T17:24:43","date_gmt":"2023-06-12T15:24:43","guid":{"rendered":"https:\/\/svcertification.com\/sk\/?page_id=123"},"modified":"2023-06-13T10:15:41","modified_gmt":"2023-06-13T08:15:41","slug":"certifikacia-sa-8000","status":"publish","type":"page","link":"https:\/\/svcertification.com\/sk\/certifikacia-sa-8000\/","title":{"rendered":"Certifik\u00e1cia SA 8000"},"content":{"rendered":"\n<h1 class=\"wp-block-heading\">Certifik\u00e1cia SA 8000<\/h1>\n\n\n\n<p>Je u\u017eito\u010dn\u00e1 pre podniky, ktor\u00e9 p\u00f4sobia na glob\u00e1lnom trhu alebo v oblastiach, kde je d\u00f4le\u017eit\u00e9 zd\u00f4razni\u0165 z\u00e1v\u00e4zok vo\u010di soci\u00e1lne udr\u017eate\u013enej pr\u00e1ci a eticky zodpovedn\u00e9mu pr\u00edstupu vo\u010di zainteresovan\u00fdm stran\u00e1m (zainteresovan\u00e9 subjekty, ako napr\u00edklad neziskov\u00e9 organiz\u00e1cie, odbory, m\u00e9di\u00e1 at\u010f.).<\/p>\n","protected":false},"excerpt":{"rendered":"<p>Certifik\u00e1cia SA 8000 Je u\u017eito\u010dn\u00e1 pre podniky, ktor\u00e9 p\u00f4sobia na glob\u00e1lnom trhu alebo v oblastiach, kde je d\u00f4le\u017eit\u00e9 zd\u00f4razni\u0165 z\u00e1v\u00e4zok vo\u010di soci\u00e1lne udr\u017eate\u013enej pr\u00e1ci a eticky zodpovedn\u00e9mu pr\u00edstupu vo\u010di zainteresovan\u00fdm stran\u00e1m (zainteresovan\u00e9 subjekty, ako napr\u00edklad neziskov\u00e9 organiz\u00e1cie, odbory, m\u00e9di\u00e1 at\u010f.).<\/p>\n","protected":false},"author":4,"featured_media":124,"parent":0,"menu_order":0,"comment_status":"closed","ping_status":"closed","template":"","meta":{"site-sidebar-layout":"default","site-content-layout":"","ast-site-content-layout":"default","site-content-style":"default","site-sidebar-style":"default","ast-global-header-display":"","ast-banner-title-visibility":"","ast-main-header-display":"","ast-hfb-above-header-display":"","ast-hfb-below-header-display":"","ast-hfb-mobile-header-display":"","site-post-title":"disabled","ast-breadcrumbs-content":"","ast-featured-img":"","footer-sml-layout":"","ast-disable-related-posts":"","theme-transparent-header-meta":"","adv-header-id-meta":"","stick-header-meta":"","header-above-stick-meta":"","header-main-stick-meta":"","header-below-stick-meta":"","astra-migrate-meta-layouts":"default","ast-page-background-enabled":"default","ast-page-background-meta":{"desktop":{"background-color":"var(--ast-global-color-4)","background-image":"","background-repeat":"repeat","background-position":"center center","background-size":"auto","background-attachment":"scroll","background-type":"","background-media":"","overlay-type":"","overlay-color":"","overlay-opacity":"","overlay-gradient":""},"tablet":{"background-color":"","background-image":"","background-repeat":"repeat","background-position":"center center","background-size":"auto","background-attachment":"scroll","background-type":"","background-media":"","overlay-type":"","overlay-color":"","overlay-opacity":"","overlay-gradient":""},"mobile":{"background-color":"","background-image":"","background-repeat":"repeat","background-position":"center center","background-size":"auto","background-attachment":"scroll","background-type":"","background-media":"","overlay-type":"","overlay-color":"","overlay-opacity":"","overlay-gradient":""}},"ast-content-background-meta":{"desktop":{"background-color":"var(--ast-global-color-5)","background-image":"","background-repeat":"repeat","background-position":"center center","background-size":"auto","background-attachment":"scroll","background-type":"","background-media":"","overlay-type":"","overlay-color":"","overlay-opacity":"","overlay-gradient":""},"tablet":{"background-color":"var(--ast-global-color-5)","background-image":"","background-repeat":"repeat","background-position":"center center","background-size":"auto","background-attachment":"scroll","background-type":"","background-media":"","overlay-type":"","overlay-color":"","overlay-opacity":"","overlay-gradient":""},"mobile":{"background-color":"var(--ast-global-color-5)","background-image":"","background-repeat":"repeat","background-position":"center center","background-size":"auto","background-attachment":"scroll","background-type":"","background-media":"","overlay-type":"","overlay-color":"","overlay-opacity":"","overlay-gradient":""}},"footnotes":""},"class_list":["post-123","page","type-page","status-publish","has-post-thumbnail","hentry"],"_links":{"self":[{"href":"https:\/\/svcertification.com\/sk\/wp-json\/wp\/v2\/pages\/123","targetHints":{"allow":["GET"]}}],"collection":[{"href":"https:\/\/svcertification.com\/sk\/wp-json\/wp\/v2\/pages"}],"about":[{"href":"https:\/\/svcertification.com\/sk\/wp-json\/wp\/v2\/types\/page"}],"author":[{"embeddable":true,"href":"https:\/\/svcertification.com\/sk\/wp-json\/wp\/v2\/users\/4"}],"replies":[{"embeddable":true,"href":"https:\/\/svcertification.com\/sk\/wp-json\/wp\/v2\/comments?post=123"}],"version-history":[{"count":0,"href":"https:\/\/svcertification.com\/sk\/wp-json\/wp\/v2\/pages\/123\/revisions"}],"wp:featuredmedia":[{"embeddable":true,"href":"https:\/\/svcertification.com\/sk\/wp-json\/wp\/v2\/media\/124"}],"wp:attachment":[{"href":"https:\/\/svcertification.com\/sk\/wp-json\/wp\/v2\/media?parent=123"}],"curies":[{"name":"wp","href":"https:\/\/api.w.org\/{rel}","templated":true}]}}