{"id":134,"date":"2023-06-12T17:43:49","date_gmt":"2023-06-12T15:43:49","guid":{"rendered":"https:\/\/svcertification.com\/sk\/?page_id=134"},"modified":"2023-06-13T10:19:13","modified_gmt":"2023-06-13T08:19:13","slug":"uni-cei-11352-uni-cei-en-iso-500012011","status":"publish","type":"page","link":"https:\/\/svcertification.com\/sk\/uni-cei-11352-uni-cei-en-iso-500012011\/","title":{"rendered":"UNI CEI 11352 \u2013 UNI CEI EN ISO 50001:2011"},"content":{"rendered":"\n<h1 class=\"wp-block-heading\">UNI CEI 11352 \u2013 UNI CEI EN ISO 50001:2011<\/h1>\n\n\n\n<p>Je to taliansky \u0161tandard, ktor\u00fd stanovuje minim\u00e1lne po\u017eiadavky pre spolo\u010dnosti, ktor\u00e9 chc\u00fa zast\u00e1va\u0165 \u00falohu spolo\u010dnosti poskytuj\u00facej energetick\u00e9 slu\u017eby (ESCo). Norma 50001 namiesto toho ur\u010duje po\u017eiadavky na vytvorenie, spustenie, udr\u017eiavanie a zlep\u0161ovanie syst\u00e9mu riadenia energetickej \u00fa\u010dinnosti.<\/p>\n\n\n\n<p>Cie\u013eom tohto syst\u00e9mu je umo\u017eni\u0165 organiz\u00e1cii systematick\u00fdm pr\u00edstupom dosiahnu\u0165 neust\u00e1le zlep\u0161ovanie svojej energetickej v\u00fdkonnosti, \u010do zah\u0155\u0148a energetick\u00fa \u00fa\u010dinnos\u0165, spotrebu a vyu\u017eitie energie. Skupina SV spravuje tieto dve normy a integruje ich so syst\u00e9mom 14001:2004, pri\u010dom vyv\u00edja monitorovanie pomocou elektronick\u00fdch tabuliek.<\/p>\n","protected":false},"excerpt":{"rendered":"<p>UNI CEI 11352 \u2013 UNI CEI EN ISO 50001:2011 Je to taliansky \u0161tandard, ktor\u00fd stanovuje minim\u00e1lne po\u017eiadavky pre spolo\u010dnosti, ktor\u00e9 chc\u00fa zast\u00e1va\u0165 \u00falohu spolo\u010dnosti poskytuj\u00facej energetick\u00e9 slu\u017eby (ESCo). Norma 50001 namiesto toho ur\u010duje po\u017eiadavky na vytvorenie, spustenie, udr\u017eiavanie a zlep\u0161ovanie syst\u00e9mu riadenia energetickej \u00fa\u010dinnosti. Cie\u013eom tohto syst\u00e9mu je umo\u017eni\u0165 organiz\u00e1cii systematick\u00fdm pr\u00edstupom dosiahnu\u0165 neust\u00e1le zlep\u0161ovanie [&hellip;]<\/p>\n","protected":false},"author":4,"featured_media":0,"parent":0,"menu_order":0,"comment_status":"closed","ping_status":"closed","template":"","meta":{"site-sidebar-layout":"default","site-content-layout":"","ast-site-content-layout":"default","site-content-style":"default","site-sidebar-style":"default","ast-global-header-display":"","ast-banner-title-visibility":"","ast-main-header-display":"","ast-hfb-above-header-display":"","ast-hfb-below-header-display":"","ast-hfb-mobile-header-display":"","site-post-title":"disabled","ast-breadcrumbs-content":"","ast-featured-img":"","footer-sml-layout":"","ast-disable-related-posts":"","theme-transparent-header-meta":"","adv-header-id-meta":"","stick-header-meta":"","header-above-stick-meta":"","header-main-stick-meta":"","header-below-stick-meta":"","astra-migrate-meta-layouts":"default","ast-page-background-enabled":"default","ast-page-background-meta":{"desktop":{"background-color":"var(--ast-global-color-4)","background-image":"","background-repeat":"repeat","background-position":"center center","background-size":"auto","background-attachment":"scroll","background-type":"","background-media":"","overlay-type":"","overlay-color":"","overlay-opacity":"","overlay-gradient":""},"tablet":{"background-color":"","background-image":"","background-repeat":"repeat","background-position":"center center","background-size":"auto","background-attachment":"scroll","background-type":"","background-media":"","overlay-type":"","overlay-color":"","overlay-opacity":"","overlay-gradient":""},"mobile":{"background-color":"","background-image":"","background-repeat":"repeat","background-position":"center center","background-size":"auto","background-attachment":"scroll","background-type":"","background-media":"","overlay-type":"","overlay-color":"","overlay-opacity":"","overlay-gradient":""}},"ast-content-background-meta":{"desktop":{"background-color":"var(--ast-global-color-5)","background-image":"","background-repeat":"repeat","background-position":"center center","background-size":"auto","background-attachment":"scroll","background-type":"","background-media":"","overlay-type":"","overlay-color":"","overlay-opacity":"","overlay-gradient":""},"tablet":{"background-color":"var(--ast-global-color-5)","background-image":"","background-repeat":"repeat","background-position":"center center","background-size":"auto","background-attachment":"scroll","background-type":"","background-media":"","overlay-type":"","overlay-color":"","overlay-opacity":"","overlay-gradient":""},"mobile":{"background-color":"var(--ast-global-color-5)","background-image":"","background-repeat":"repeat","background-position":"center center","background-size":"auto","background-attachment":"scroll","background-type":"","background-media":"","overlay-type":"","overlay-color":"","overlay-opacity":"","overlay-gradient":""}},"footnotes":""},"class_list":["post-134","page","type-page","status-publish","hentry"],"_links":{"self":[{"href":"https:\/\/svcertification.com\/sk\/wp-json\/wp\/v2\/pages\/134","targetHints":{"allow":["GET"]}}],"collection":[{"href":"https:\/\/svcertification.com\/sk\/wp-json\/wp\/v2\/pages"}],"about":[{"href":"https:\/\/svcertification.com\/sk\/wp-json\/wp\/v2\/types\/page"}],"author":[{"embeddable":true,"href":"https:\/\/svcertification.com\/sk\/wp-json\/wp\/v2\/users\/4"}],"replies":[{"embeddable":true,"href":"https:\/\/svcertification.com\/sk\/wp-json\/wp\/v2\/comments?post=134"}],"version-history":[{"count":0,"href":"https:\/\/svcertification.com\/sk\/wp-json\/wp\/v2\/pages\/134\/revisions"}],"wp:attachment":[{"href":"https:\/\/svcertification.com\/sk\/wp-json\/wp\/v2\/media?parent=134"}],"curies":[{"name":"wp","href":"https:\/\/api.w.org\/{rel}","templated":true}]}}