{"id":137,"date":"2023-06-12T17:50:22","date_gmt":"2023-06-12T15:50:22","guid":{"rendered":"https:\/\/svcertification.com\/sk\/?page_id=137"},"modified":"2023-06-13T10:21:08","modified_gmt":"2023-06-13T08:21:08","slug":"smernica-o-strojoch-2006-42-es","status":"publish","type":"page","link":"https:\/\/svcertification.com\/sk\/smernica-o-strojoch-2006-42-es\/","title":{"rendered":"Smernica o strojoch 2006\/42\/ES"},"content":{"rendered":"\n<h1 class=\"wp-block-heading\">Smernica o strojoch 2006\/42\/ES<\/h1>\n\n\n\n<p>Vo v\u0161eobecnosti je potrebn\u00e9, aby v\u00fdrobok mohol by\u0165 vo\u013ene uv\u00e1dzan\u00fd na trh, aby spl\u0148oval bezpe\u010dnostn\u00e9 po\u017eiadavky stanoven\u00e9 smernicami E\u00da a po\u017eadovan\u00e9 konkr\u00e9tnymi predpismi. Smernice E\u00da stanovuj\u00fa, \u017ee pre ur\u010dit\u00e9 typy v\u00fdrobkov mus\u00ed v\u00fdrobca z\u00edska\u0165 \u0161pecifick\u00e9 certifik\u00e1ty produktu predt\u00fdm, ne\u017e m\u00f4\u017ee pokra\u010dova\u0165 v predaji a uv\u00e1dzan\u00ed na trh.<\/p>\n\n\n\n<p>Na z\u00edskanie takejto certifik\u00e1cie je mo\u017en\u00e9 sa obr\u00e1ti\u0165 na Notifikovan\u00fd org\u00e1n a takto sa vyda\u0165 cestou POVINNEJ CERTIFIK\u00c1CIE.<\/p>\n\n\n\n<p>In\u00e9 typy v\u00fdrobkov v\u0161ak nevy\u017eaduj\u00fa povinn\u00fa certifik\u00e1ciu. V tomto pr\u00edpade v\u00fdrobca uv\u00e1dza v\u00fdrobok na trh na svoju vlastn\u00fa zodpovednos\u0165 a zaru\u010duje splnenie v\u0161etk\u00fdch legislat\u00edvnych po\u017eiadaviek.<\/p>\n\n\n\n<p>Smernica 2006\/42\/ES z 17. m\u00e1ja 2006 bola prelo\u017een\u00e1 a uplat\u0148ovan\u00e1 v Taliansku prostredn\u00edctvom legislat\u00edvneho dekr\u00e9tu \u010d. 17 z 27. janu\u00e1ra 2010 a v celej Eur\u00f3pe nadobudla \u00fa\u010dinnos\u0165 29. decembra 2009.<br>T\u00e1to smernica stanovuje po\u017eiadavky na bezpe\u010dnos\u0165 a ochranu zdravia, ktor\u00fdm musia stroje vyhovova\u0165 predt\u00fdm, ne\u017e s\u00fa uveden\u00e9 na trh, a uplat\u0148uje sa na nasleduj\u00face produkty:<\/p>\n\n\n\n<ul class=\"wp-block-list\">\n<li>Stroje;<\/li>\n\n\n\n<li>Vymenite\u013en\u00e9 zariadenia;<\/li>\n\n\n\n<li>Bezpe\u010dnostn\u00e9 komponenty;<\/li>\n\n\n\n<li>Pr\u00edslu\u0161enstvo na zdv\u00edhanie;<\/li>\n\n\n\n<li>Re\u0165aze, lanky a popruhy navrhnut\u00e9 a vyroben\u00e9 na zdv\u00edhanie ako s\u00fa\u010das\u0165 zdv\u00edhac\u00edch strojov alebo zdv\u00edhac\u00edch pr\u00edslu\u0161enstiev;<\/li>\n\n\n\n<li>Demontovate\u013en\u00e9 zariadenia pre mechanick\u00fd prenos;<\/li>\n\n\n\n<li>Polotovary.<\/li>\n<\/ul>\n\n\n\n<p>Konkr\u00e9tne sa stroje overuj\u00fa v s\u00falade s postupmi op\u00edsan\u00fdmi v \u010dl\u00e1nku 12 nasleduj\u00facich a konkr\u00e9tne:<\/p>\n\n\n\n<ul class=\"wp-block-list\">\n<li>Ak stroj spad\u00e1 do zoznamu pr\u00edloh IV smernice, v\u00fdrobca sa mus\u00ed obr\u00e1ti\u0165 na oznamovate\u013esk\u00fd org\u00e1n a po\u017eiada\u0165 o udelenie certifik\u00e1cie CE pre stroj.<br>V tomto pr\u00edpade Vericert, ako autorizovan\u00e1 certifika\u010dn\u00e1 organiz\u00e1cia, vyd\u00e1 jedno z nasleduj\u00facich osved\u010den\u00ed:\n<ul class=\"wp-block-list\">\n<li>Certifik\u00e1cia CE pod\u013ea Pr\u00edlohy IX &#8211; Certifik\u00e1cia typu alebo jedine\u010dnej vzorky<\/li>\n\n\n\n<li>Certifik\u00e1cia CE pod\u013ea Pr\u00edlohy X &#8211; Celkov\u00e1 z\u00e1ruka kvality<\/li>\n<\/ul>\n<\/li>\n\n\n\n<li>Ak stroj nespad\u00e1 do zoznamu pr\u00edlohy IV smernice, v\u00fdrobca postupuje pod\u013ea hodnotiaceho postupu op\u00edsan\u00e9ho v pr\u00edlohe VIII: V\u00fdrobca vypracuje Technick\u00fd spis stroja (pr\u00edloha VII, \u010das\u0165 A) a zabezpe\u010duje jeho zhodu s po\u017eiadavkami smernice. V tomto pr\u00edpade sa v\u00fdrobca m\u00f4\u017ee dobrovo\u013ene obr\u00e1ti\u0165 na Notifikovan\u00e9ho org\u00e1nu a po\u017eiada\u0165 o Dobrovo\u013en\u00e9 vyhl\u00e1senie zhody svojho v\u00fdrobku.<\/li>\n<\/ul>\n\n\n\n<p>Pr\u00edloha IV &#8211; Zoznam strojov, pre ktor\u00e9 sa uplat\u0148uje postup certifik\u00e1cie a pre ktor\u00e9 je Vericert kvalifikovan\u00e1.<\/p>\n\n\n\n<ul class=\"wp-block-list\">\n<li>Kruhov\u00e9 p\u00edly (jedno\u010depce a viac\u010depce) pre spracovanie dreva a podobn\u00fdch materi\u00e1lov s fyzik\u00e1lnymi vlastnos\u0165ami, alebo pre spracovanie m\u00e4sa a podobn\u00fdch materi\u00e1lov s fyzik\u00e1lnymi vlastnos\u0165ami, nasledovn\u00fdch typov:\n<ul class=\"wp-block-list\">\n<li>P\u00edly s pevnou polohou \u010depele(y) po\u010das rezania, s pevn\u00fdm stolom alebo podperou dielu, s manu\u00e1lnym pos\u00favan\u00edm dielu alebo so zariaden\u00edm na pohyb dielu.<\/li>\n\n\n\n<li>P\u00edly s pevnou polohou \u010depele(y) po\u010das rezania, so stolom, stojanom alebo voz\u00edkom s pohybom vo forme alternat\u00edvy a manu\u00e1lnym pos\u00favan\u00edm.<\/li>\n\n\n\n<li>P\u00edly s pevnou polohou \u010depele(y) po\u010das rezania, s integrovan\u00fdm zariaden\u00edm na posun materi\u00e1lu na rezanie a\/alebo ru\u010dn\u00fdm nakladan\u00edm a vykladan\u00edm.<\/li>\n\n\n\n<li>P\u00edly s pohybliv\u00fdmi \u010depe\u013eami po\u010das rezania, s integrovan\u00fdm zariaden\u00edm na posun materi\u00e1lu na rezanie a\/alebo ru\u010dn\u00fdm nakladan\u00edm a vykladan\u00edm.<\/li>\n<\/ul>\n<\/li>\n\n\n\n<li>Stroje na rovnostrejnovanie s ru\u010dn\u00fdm posunom pre spracovanie dreva.<\/li>\n\n\n\n<li>Pl\u00e1novacie stroje na jednu stranu s integrovan\u00fdm posunom, s ru\u010dn\u00fdm nakladan\u00edm a\/alebo vykladan\u00edm dreva.<\/li>\n\n\n\n<li>P\u00e1sov\u00e9 p\u00edly s ru\u010dn\u00fdm nakladan\u00edm a\/alebo vykladan\u00edm dreva pre spracovanie dreva a materi\u00e1lov s podobn\u00fdmi fyzik\u00e1lnymi vlastnos\u0165ami alebo pre spracovanie m\u00e4sa a materi\u00e1lov s podobn\u00fdmi fyzik\u00e1lnymi vlastnos\u0165ami, nasledovn\u00fdch typov:\n<ul class=\"wp-block-list\">\n<li>P\u00e1sov\u00e9 p\u00edly s nehybn\u00fdmi lami\u010dkami po\u010das rezania, s fixn\u00fdm stolom alebo podporou dielca alebo s pohybliv\u00fdm stolom;<\/li>\n\n\n\n<li>P\u00edly s pevn\u00fdmi lami\u010dkami umiestnen\u00fdmi na pohyblivom voz\u00edku.<\/li>\n<\/ul>\n<\/li>\n\n\n\n<li>Kombinovan\u00e9 stroje typov uveden\u00fdch v bodech 1 a\u017e 4 a v bode 7 pre spracovanie dreva a podobn\u00fdch materi\u00e1lov.<\/li>\n\n\n\n<li>Stroje na obr\u00e1banie dreva s viacn\u00e1sobn\u00fdmi vretenami a ru\u010dn\u00fdm posunom.<\/li>\n\n\n\n<li>Fr\u00e9zky s vertik\u00e1lnou osou, &#8222;toupies&#8220; s ru\u010dn\u00fdm posunom pre spracovanie dreva a podobn\u00fdch materi\u00e1lov\u00fdch vlastnost\u00ed.<\/li>\n\n\n\n<li>Prenosn\u00e9 re\u0165azov\u00e9 p\u00edly na drevo.<\/li>\n\n\n\n<li>Lisy, vr\u00e1tane oh\u00fdba\u010diek, na studen\u00fa spracovanie kovov, s manu\u00e1lnym nakladan\u00edm a\/alebo vykladan\u00edm, kde pohybliv\u00e9 pracovn\u00e9 \u010dasti m\u00f4\u017eu ma\u0165 zdvih vy\u0161\u0161\u00ed ako 6 mm a r\u00fdchlos\u0165 vy\u0161\u0161iu ako 30 mm\/s.<\/li>\n\n\n\n<li>Formovacie stroje pre vstrekovanie alebo lisovanie plastov, s manu\u00e1lnym nakladan\u00edm alebo vykladan\u00edm surov\u00edn.<\/li>\n\n\n\n<li>Formovacie stroje na vstrekovanie alebo lisovanie gumy, s manu\u00e1lnym nakladan\u00edm alebo vykladan\u00edm surov\u00edn.<\/li>\n\n\n\n<li>Stroje na podzemn\u00e9 pr\u00e1ce nasledovn\u00fdch typov:\n<ul class=\"wp-block-list\">\n<li>lokomot\u00edvy a brzdn\u00e9 kyvadlov\u00e9 koryt\u00e1;<\/li>\n\n\n\n<li>hydraulick\u00e1 samo\u010dinn\u00e1 v\u00fdztu\u017e.<\/li>\n<\/ul>\n<\/li>\n\n\n\n<li>Zbieracie kontajnery na dom\u00e1ce odpady s ru\u010dn\u00fdm nakladan\u00edm vybaven\u00e9 zariaden\u00edm na stl\u00e1\u010danie.<\/li>\n\n\n\n<li>Odop\u00ednate\u013en\u00e9 mechanick\u00e9 prevodovky vr\u00e1tane ich ochrann\u00fdch krytov.<\/li>\n\n\n\n<li>Ochrann\u00e9 kryty pre odop\u00ednate\u013en\u00e9 mechanick\u00e9 prevodovky.<\/li>\n\n\n\n<li>Zdv\u00edhacie plo\u0161iny pre vozidl\u00e1.<\/li>\n\n\n\n<li>Zariadenia na zdv\u00edhanie os\u00f4b alebo os\u00f4b a tovaru s rizikom vertik\u00e1lneho p\u00e1du vy\u0161\u0161\u00edm ako 3 metre.<\/li>\n\n\n\n<li>Prepravite\u013en\u00e9 zariadenia s v\u00fdbu\u0161nou n\u00e1lo\u017eou na upev\u0148ovanie alebo in\u00e9 zariadenia so z\u00e1\u0165a\u017eov\u00fdm \u00faderom.<\/li>\n\n\n\n<li>Zariadenia na ochranu ur\u010den\u00e9 na detekciu os\u00f4b.<\/li>\n\n\n\n<li>Automaticky pohybliv\u00e9 z\u00e1mky interlockovan\u00fdch krytov navrhnut\u00e9 na pou\u017eitie ako ochrann\u00e9 prostriedky na strojoch uveden\u00fdch v bodoch 9, 10 a 11.<\/li>\n\n\n\n<li>Logick\u00e9 bloky pre bezpe\u010dnostn\u00e9 funkcie.<\/li>\n\n\n\n<li>Kon\u0161trukcie na ochranu pred prevr\u00e1ten\u00edm (ROPS).<\/li>\n\n\n\n<li>Kon\u0161trukcie na ochranu pred p\u00e1dom objektov (FOPS).<\/li>\n<\/ul>\n","protected":false},"excerpt":{"rendered":"<p>Smernica o strojoch 2006\/42\/ES Vo v\u0161eobecnosti je potrebn\u00e9, aby v\u00fdrobok mohol by\u0165 vo\u013ene uv\u00e1dzan\u00fd na trh, aby spl\u0148oval bezpe\u010dnostn\u00e9 po\u017eiadavky stanoven\u00e9 smernicami E\u00da a po\u017eadovan\u00e9 konkr\u00e9tnymi predpismi. Smernice E\u00da stanovuj\u00fa, \u017ee pre ur\u010dit\u00e9 typy v\u00fdrobkov mus\u00ed v\u00fdrobca z\u00edska\u0165 \u0161pecifick\u00e9 certifik\u00e1ty produktu predt\u00fdm, ne\u017e m\u00f4\u017ee pokra\u010dova\u0165 v predaji a uv\u00e1dzan\u00ed na trh. Na z\u00edskanie takejto certifik\u00e1cie [&hellip;]<\/p>\n","protected":false},"author":4,"featured_media":138,"parent":0,"menu_order":0,"comment_status":"closed","ping_status":"closed","template":"","meta":{"site-sidebar-layout":"default","site-content-layout":"","ast-site-content-layout":"default","site-content-style":"default","site-sidebar-style":"default","ast-global-header-display":"","ast-banner-title-visibility":"","ast-main-header-display":"","ast-hfb-above-header-display":"","ast-hfb-below-header-display":"","ast-hfb-mobile-header-display":"","site-post-title":"disabled","ast-breadcrumbs-content":"","ast-featured-img":"","footer-sml-layout":"","ast-disable-related-posts":"","theme-transparent-header-meta":"","adv-header-id-meta":"","stick-header-meta":"","header-above-stick-meta":"","header-main-stick-meta":"","header-below-stick-meta":"","astra-migrate-meta-layouts":"default","ast-page-background-enabled":"default","ast-page-background-meta":{"desktop":{"background-color":"var(--ast-global-color-4)","background-image":"","background-repeat":"repeat","background-position":"center center","background-size":"auto","background-attachment":"scroll","background-type":"","background-media":"","overlay-type":"","overlay-color":"","overlay-opacity":"","overlay-gradient":""},"tablet":{"background-color":"","background-image":"","background-repeat":"repeat","background-position":"center center","background-size":"auto","background-attachment":"scroll","background-type":"","background-media":"","overlay-type":"","overlay-color":"","overlay-opacity":"","overlay-gradient":""},"mobile":{"background-color":"","background-image":"","background-repeat":"repeat","background-position":"center center","background-size":"auto","background-attachment":"scroll","background-type":"","background-media":"","overlay-type":"","overlay-color":"","overlay-opacity":"","overlay-gradient":""}},"ast-content-background-meta":{"desktop":{"background-color":"var(--ast-global-color-5)","background-image":"","background-repeat":"repeat","background-position":"center center","background-size":"auto","background-attachment":"scroll","background-type":"","background-media":"","overlay-type":"","overlay-color":"","overlay-opacity":"","overlay-gradient":""},"tablet":{"background-color":"var(--ast-global-color-5)","background-image":"","background-repeat":"repeat","background-position":"center center","background-size":"auto","background-attachment":"scroll","background-type":"","background-media":"","overlay-type":"","overlay-color":"","overlay-opacity":"","overlay-gradient":""},"mobile":{"background-color":"var(--ast-global-color-5)","background-image":"","background-repeat":"repeat","background-position":"center center","background-size":"auto","background-attachment":"scroll","background-type":"","background-media":"","overlay-type":"","overlay-color":"","overlay-opacity":"","overlay-gradient":""}},"footnotes":""},"class_list":["post-137","page","type-page","status-publish","has-post-thumbnail","hentry"],"_links":{"self":[{"href":"https:\/\/svcertification.com\/sk\/wp-json\/wp\/v2\/pages\/137","targetHints":{"allow":["GET"]}}],"collection":[{"href":"https:\/\/svcertification.com\/sk\/wp-json\/wp\/v2\/pages"}],"about":[{"href":"https:\/\/svcertification.com\/sk\/wp-json\/wp\/v2\/types\/page"}],"author":[{"embeddable":true,"href":"https:\/\/svcertification.com\/sk\/wp-json\/wp\/v2\/users\/4"}],"replies":[{"embeddable":true,"href":"https:\/\/svcertification.com\/sk\/wp-json\/wp\/v2\/comments?post=137"}],"version-history":[{"count":0,"href":"https:\/\/svcertification.com\/sk\/wp-json\/wp\/v2\/pages\/137\/revisions"}],"wp:featuredmedia":[{"embeddable":true,"href":"https:\/\/svcertification.com\/sk\/wp-json\/wp\/v2\/media\/138"}],"wp:attachment":[{"href":"https:\/\/svcertification.com\/sk\/wp-json\/wp\/v2\/media?parent=137"}],"curies":[{"name":"wp","href":"https:\/\/api.w.org\/{rel}","templated":true}]}}