{"id":149,"date":"2023-06-12T18:21:33","date_gmt":"2023-06-12T16:21:33","guid":{"rendered":"https:\/\/svcertification.com\/sk\/?page_id=149"},"modified":"2023-06-13T10:21:50","modified_gmt":"2023-06-13T08:21:50","slug":"smernica-2014-33-eu-o-vytahoch-a-bezpecnostnych-komponentoch-vytahov","status":"publish","type":"page","link":"https:\/\/svcertification.com\/sk\/smernica-2014-33-eu-o-vytahoch-a-bezpecnostnych-komponentoch-vytahov\/","title":{"rendered":"Smernica 2014\/33\/E\u00da o v\u00fd\u0165ahoch a bezpe\u010dnostn\u00fdch komponentoch v\u00fd\u0165ahov"},"content":{"rendered":"\n<h1 class=\"wp-block-heading\">Smernica 2014\/33\/E\u00da o v\u00fd\u0165ahoch a bezpe\u010dnostn\u00fdch komponentoch v\u00fd\u0165ahov<\/h1>\n\n\n\n<p>Vo v\u0161eobecnosti plat\u00ed, \u017ee na to, aby mohol by\u0165 v\u00fdrobok vo\u013ene uveden\u00fd na trh, mus\u00ed sp\u013a\u0148a\u0165 bezpe\u010dnostn\u00e9 po\u017eiadavky stanoven\u00e9 smernicami E\u00da a vy\u017eadovan\u00e9 osobitn\u00fdmi predpismi. V smerniciach E\u00da sa stanovuje, \u017ee v pr\u00edpade ur\u010dit\u00fdch typov v\u00fdrobkov potrebuje v\u00fdrobca pred ich predajom a uveden\u00edm na trh osobitn\u00fa certifik\u00e1ciu samotn\u00e9ho v\u00fdrobku.<br>Na z\u00edskanie tejto certifik\u00e1cie je mo\u017en\u00e9 obr\u00e1ti\u0165 sa na notifikovan\u00fd org\u00e1n, a tak vyu\u017ei\u0165 cestu COGENTNEJ CERTIFIK\u00c1CIE.<br>In\u00e9 typy v\u00fdrobkov v\u0161ak povinn\u00fa certifik\u00e1ciu nevy\u017eaduj\u00fa. V tomto pr\u00edpade v\u00fdrobca uv\u00e1dza v\u00fdrobok na trh na vlastn\u00fa zodpovednos\u0165, pri\u010dom zaru\u010duje s\u00falad so v\u0161etk\u00fdmi stabiln\u00fdmi legislat\u00edvnymi po\u017eiadavkami.<\/p>\n\n\n\n<p>Smernica 2014\/33\/E\u00da z 26. febru\u00e1ra 2014 o harmoniz\u00e1cii pr\u00e1vnych predpisov \u010dlensk\u00fdch \u0161t\u00e1tov t\u00fdkaj\u00facich sa v\u00fd\u0165ahov a bezpe\u010dnostn\u00fdch komponentov do v\u00fd\u0165ahov ofici\u00e1lne nadobudla \u00fa\u010dinnos\u0165 20. apr\u00edla 2016 a s kone\u010dnou platnos\u0165ou nahradila smernicu Eur\u00f3pskeho parlamentu a Rady 95\/16\/ES z 29. j\u00fana 1995.<br>T\u00e1to smernica sa vz\u0165ahuje na v\u00fd\u0165ahy v trvalej prev\u00e1dzke v budov\u00e1ch a stavb\u00e1ch ur\u010den\u00fdch na prepravu os\u00f4b:<\/p>\n\n\n\n<ol class=\"wp-block-list\">\n<li>\u013eudia;<\/li>\n\n\n\n<li>\u013eud\u00ed a vec\u00ed;<\/li>\n\n\n\n<li>len tovaru, ak je nosi\u010d pr\u00edstupn\u00fd, t. j. osoba do neho m\u00f4\u017ee bez \u0165a\u017ekost\u00ed vst\u00fapi\u0165, a m\u00e1 ovl\u00e1dacie prvky umiestnen\u00e9 vo vn\u00fatri nosi\u010da alebo v dosahu osoby vo vn\u00fatri nosi\u010da.<\/li>\n<\/ol>\n\n\n\n<p>Vz\u0165ahuje sa aj na bezpe\u010dnostn\u00e9 komponenty do v\u00fd\u0165ahov uveden\u00e9 v pr\u00edlohe III, ktor\u00e9 sa pou\u017e\u00edvaj\u00fa vo v\u00fd\u0165ahoch uveden\u00fdch v prvom odseku.<br>Vo v\u0161eobecnosti:<\/p>\n\n\n\n<ul class=\"wp-block-list\">\n<li>v\u00fd\u0165ah sa m\u00f4\u017ee uvies\u0165 na trh a do prev\u00e1dzky len vtedy, ak je spr\u00e1vne nain\u0161talovan\u00fd, riadne udr\u017eiavan\u00fd a pou\u017e\u00edvan\u00fd v s\u00falade s jeho ur\u010den\u00fdm \u00fa\u010delom a sp\u013a\u0148a po\u017eiadavky tejto smernice;<\/li>\n\n\n\n<li>bezpe\u010dnostn\u00e9 komponenty do v\u00fd\u0165ahov sa m\u00f4\u017eu spr\u00edstupni\u0165 na trhu a uvies\u0165 do prev\u00e1dzky len vtedy, ak s\u00fa spr\u00e1vne zmontovan\u00e9, riadne udr\u017eiavan\u00e9 a pou\u017e\u00edvan\u00e9 v s\u00falade s ich ur\u010den\u00fdm \u00fa\u010delom a ak sp\u013a\u0148aj\u00fa po\u017eiadavky tejto smernice.<\/li>\n<\/ul>\n\n\n\n<p>Pri uv\u00e1dzan\u00ed v\u00fd\u0165ahu na trh in\u0161talat\u00e9ri zabezpe\u010dia, aby bol v\u00fd\u0165ah navrhnut\u00fd, vyroben\u00fd, nain\u0161talovan\u00fd a odsk\u00fa\u0161an\u00fd v s\u00falade so z\u00e1kladn\u00fdmi zdravotn\u00fdmi a bezpe\u010dnostn\u00fdmi po\u017eiadavkami stanoven\u00fdmi v pr\u00edlohe I.<br>V\u00fdrobcovia pri uv\u00e1dzan\u00ed svojich bezpe\u010dnostn\u00fdch komponentov do v\u00fd\u0165ahov na trh zabezpe\u010dia, aby boli navrhnut\u00e9 a vyroben\u00e9 v s\u00falade s \u010dl\u00e1nkom 5 ods. 2.<br>V tejto s\u00favislosti sa m\u00f4\u017eete obr\u00e1ti\u0165 na spolo\u010dnos\u0165 Vericert v s\u00favislosti s nasleduj\u00facimi typmi osved\u010den\u00ed ES pre v\u00fd\u0165ahy pod\u013ea prezidentsk\u00e9ho dekr\u00e9tu 162\/99 a prezidentsk\u00e9ho dekr\u00e9tu 214\/2010:<\/p>\n\n\n\n<ul class=\"wp-block-list\">\n<li>Certifik\u00e1cia ES pod\u013ea pr\u00edlohy V<br><em>Z\u00e1vere\u010dn\u00e1 kontrola v\u00fd\u0165ahov<\/em><\/li>\n\n\n\n<li>Certifik\u00e1cia ES pod\u013ea pr\u00edlohy VIII<br><em>Modul G &#8211; Overovanie jednotky na z\u00e1klade zhody na v\u00fd\u0165ahoch<\/em><\/li>\n\n\n\n<li>Osved\u010denie vydan\u00e9 pod\u013ea odseku 1 p\u00edsm. a) prezidentsk\u00e9ho dekr\u00e9tu 8\/2015<br><em>Odch\u00fdlkov\u00e9 zariadenia<\/em><\/li>\n<\/ul>\n","protected":false},"excerpt":{"rendered":"<p>Smernica 2014\/33\/E\u00da o v\u00fd\u0165ahoch a bezpe\u010dnostn\u00fdch komponentoch v\u00fd\u0165ahov Vo v\u0161eobecnosti plat\u00ed, \u017ee na to, aby mohol by\u0165 v\u00fdrobok vo\u013ene uveden\u00fd na trh, mus\u00ed sp\u013a\u0148a\u0165 bezpe\u010dnostn\u00e9 po\u017eiadavky stanoven\u00e9 smernicami E\u00da a vy\u017eadovan\u00e9 osobitn\u00fdmi predpismi. V smerniciach E\u00da sa stanovuje, \u017ee v pr\u00edpade ur\u010dit\u00fdch typov v\u00fdrobkov potrebuje v\u00fdrobca pred ich predajom a uveden\u00edm na trh osobitn\u00fa certifik\u00e1ciu [&hellip;]<\/p>\n","protected":false},"author":4,"featured_media":150,"parent":0,"menu_order":0,"comment_status":"closed","ping_status":"closed","template":"","meta":{"site-sidebar-layout":"default","site-content-layout":"","ast-site-content-layout":"default","site-content-style":"default","site-sidebar-style":"default","ast-global-header-display":"","ast-banner-title-visibility":"","ast-main-header-display":"","ast-hfb-above-header-display":"","ast-hfb-below-header-display":"","ast-hfb-mobile-header-display":"","site-post-title":"disabled","ast-breadcrumbs-content":"","ast-featured-img":"","footer-sml-layout":"","ast-disable-related-posts":"","theme-transparent-header-meta":"","adv-header-id-meta":"","stick-header-meta":"","header-above-stick-meta":"","header-main-stick-meta":"","header-below-stick-meta":"","astra-migrate-meta-layouts":"default","ast-page-background-enabled":"default","ast-page-background-meta":{"desktop":{"background-color":"var(--ast-global-color-4)","background-image":"","background-repeat":"repeat","background-position":"center center","background-size":"auto","background-attachment":"scroll","background-type":"","background-media":"","overlay-type":"","overlay-color":"","overlay-opacity":"","overlay-gradient":""},"tablet":{"background-color":"","background-image":"","background-repeat":"repeat","background-position":"center center","background-size":"auto","background-attachment":"scroll","background-type":"","background-media":"","overlay-type":"","overlay-color":"","overlay-opacity":"","overlay-gradient":""},"mobile":{"background-color":"","background-image":"","background-repeat":"repeat","background-position":"center center","background-size":"auto","background-attachment":"scroll","background-type":"","background-media":"","overlay-type":"","overlay-color":"","overlay-opacity":"","overlay-gradient":""}},"ast-content-background-meta":{"desktop":{"background-color":"var(--ast-global-color-5)","background-image":"","background-repeat":"repeat","background-position":"center center","background-size":"auto","background-attachment":"scroll","background-type":"","background-media":"","overlay-type":"","overlay-color":"","overlay-opacity":"","overlay-gradient":""},"tablet":{"background-color":"var(--ast-global-color-5)","background-image":"","background-repeat":"repeat","background-position":"center center","background-size":"auto","background-attachment":"scroll","background-type":"","background-media":"","overlay-type":"","overlay-color":"","overlay-opacity":"","overlay-gradient":""},"mobile":{"background-color":"var(--ast-global-color-5)","background-image":"","background-repeat":"repeat","background-position":"center center","background-size":"auto","background-attachment":"scroll","background-type":"","background-media":"","overlay-type":"","overlay-color":"","overlay-opacity":"","overlay-gradient":""}},"footnotes":""},"class_list":["post-149","page","type-page","status-publish","has-post-thumbnail","hentry"],"_links":{"self":[{"href":"https:\/\/svcertification.com\/sk\/wp-json\/wp\/v2\/pages\/149","targetHints":{"allow":["GET"]}}],"collection":[{"href":"https:\/\/svcertification.com\/sk\/wp-json\/wp\/v2\/pages"}],"about":[{"href":"https:\/\/svcertification.com\/sk\/wp-json\/wp\/v2\/types\/page"}],"author":[{"embeddable":true,"href":"https:\/\/svcertification.com\/sk\/wp-json\/wp\/v2\/users\/4"}],"replies":[{"embeddable":true,"href":"https:\/\/svcertification.com\/sk\/wp-json\/wp\/v2\/comments?post=149"}],"version-history":[{"count":0,"href":"https:\/\/svcertification.com\/sk\/wp-json\/wp\/v2\/pages\/149\/revisions"}],"wp:featuredmedia":[{"embeddable":true,"href":"https:\/\/svcertification.com\/sk\/wp-json\/wp\/v2\/media\/150"}],"wp:attachment":[{"href":"https:\/\/svcertification.com\/sk\/wp-json\/wp\/v2\/media?parent=149"}],"curies":[{"name":"wp","href":"https:\/\/api.w.org\/{rel}","templated":true}]}}