{"id":15,"date":"2023-06-12T09:45:57","date_gmt":"2023-06-12T07:45:57","guid":{"rendered":"https:\/\/svcertification.com\/sk\/?page_id=15"},"modified":"2026-04-09T19:05:55","modified_gmt":"2026-04-09T17:05:55","slug":"domov","status":"publish","type":"page","link":"https:\/\/svcertification.com\/sk\/","title":{"rendered":"Domov"},"content":{"rendered":"\n\n\n\n<div class=\"wp-block-columns alignfull is-layout-flex wp-container-core-columns-is-layout-c003311e wp-block-columns-is-layout-flex\" style=\"margin-top:var(--wp--preset--spacing--60);padding-top:0;padding-right:0;padding-bottom:0;padding-left:0\">\n<div class=\"wp-block-column is-vertically-aligned-center col-padding is-layout-flow wp-block-column-is-layout-flow\">\n<h1 class=\"wp-block-heading\">Kto sme<\/h1>\n\n\n\n<div style=\"height:20px\" aria-hidden=\"true\" class=\"wp-block-spacer\"><\/div>\n\n\n\n<h4 class=\"wp-block-heading has-text-align-left has-ast-global-color-1-color has-text-color\">\u201cSme nez\u00e1visl\u00e1 skupina s viac ako p\u00e4tn\u00e1s\u0165ro\u010dnou sk\u00fasenos\u0165ou v h\u013eadan\u00ed rie\u0161en\u00ed v oblasti auditov\u201d.<\/h4>\n\n\n\n<div style=\"height:20px\" aria-hidden=\"true\" class=\"wp-block-spacer\"><\/div>\n\n\n\n<p>SV Certification Sagl, \u0161vaj\u010diarska spolo\u010dnos\u0165 zalo\u017een\u00e1 v roku 2014, m\u00e1 viac ako p\u00e4tn\u00e1s\u0165ro\u010dn\u00fa sk\u00fasenos\u0165 v h\u013eadan\u00ed rie\u0161en\u00ed v oblasti auditov. Skupina SV poskytuje audity druhej a tretej strany v oblasti kvality, \u017eivotn\u00e9ho prostredia, energie a bezpe\u010dnosti.<\/p>\n\n\n\n<div class=\"wp-block-buttons is-layout-flex wp-block-buttons-is-layout-flex\">\n<div class=\"wp-block-button\"><a class=\"wp-block-button__link wp-element-button\" href=\"https:\/\/www.svcertification.com\/sk\/skupina\/\">Zistite Viac<\/a><\/div>\n<\/div>\n<\/div>\n\n\n\n<div class=\"wp-block-column img-right-border is-layout-flow wp-block-column-is-layout-flow\">\n<figure class=\"wp-block-image size-full has-custom-border img-right-border\"><img loading=\"lazy\" decoding=\"async\" width=\"1240\" height=\"828\" src=\"https:\/\/svcertification.com\/sk\/wp-content\/uploads\/sites\/5\/2023\/06\/Chi-siamo.webp\" alt=\"\" class=\"wp-image-17\" style=\"border-top-left-radius:40px;border-bottom-left-radius:40px\" srcset=\"https:\/\/svcertification.com\/sk\/wp-content\/uploads\/sites\/5\/2023\/06\/Chi-siamo.webp 1240w, https:\/\/svcertification.com\/sk\/wp-content\/uploads\/sites\/5\/2023\/06\/Chi-siamo-300x200.webp 300w, https:\/\/svcertification.com\/sk\/wp-content\/uploads\/sites\/5\/2023\/06\/Chi-siamo-1024x684.webp 1024w, https:\/\/svcertification.com\/sk\/wp-content\/uploads\/sites\/5\/2023\/06\/Chi-siamo-768x513.webp 768w\" sizes=\"auto, (max-width: 1240px) 100vw, 1240px\" \/><\/figure>\n<\/div>\n<\/div>\n\n\n\n<div style=\"height:3vw\" aria-hidden=\"true\" class=\"wp-block-spacer\"><\/div>\n\n\n\n<div class=\"wp-block-columns alignfull reverse is-layout-flex wp-container-core-columns-is-layout-c003311e wp-block-columns-is-layout-flex\" style=\"margin-top:var(--wp--preset--spacing--60);padding-top:0;padding-right:0;padding-bottom:0;padding-left:0\">\n<div class=\"wp-block-column is-layout-flow wp-block-column-is-layout-flow\">\n<figure class=\"wp-block-image size-full has-custom-border img-left-border\"><img loading=\"lazy\" decoding=\"async\" width=\"1240\" height=\"827\" src=\"https:\/\/svcertification.com\/sk\/wp-content\/uploads\/sites\/5\/2023\/06\/Mission.webp\" alt=\"\" class=\"wp-image-18\" style=\"border-top-right-radius:40px;border-bottom-right-radius:40px\" srcset=\"https:\/\/svcertification.com\/sk\/wp-content\/uploads\/sites\/5\/2023\/06\/Mission.webp 1240w, https:\/\/svcertification.com\/sk\/wp-content\/uploads\/sites\/5\/2023\/06\/Mission-300x200.webp 300w, https:\/\/svcertification.com\/sk\/wp-content\/uploads\/sites\/5\/2023\/06\/Mission-1024x683.webp 1024w, https:\/\/svcertification.com\/sk\/wp-content\/uploads\/sites\/5\/2023\/06\/Mission-768x512.webp 768w\" sizes=\"auto, (max-width: 1240px) 100vw, 1240px\" \/><\/figure>\n<\/div>\n\n\n\n<div class=\"wp-block-column is-vertically-aligned-center col-padding is-layout-flow wp-block-column-is-layout-flow\">\n<h1 class=\"wp-block-heading\">Misia<\/h1>\n\n\n\n<h4 class=\"wp-block-heading has-text-align-left has-ast-global-color-1-color has-text-color\">N\u00e1\u0161 motto je &#8222;Audit so zv\u00fd\u0161enou hodnotou&#8220;, \u010do znamen\u00e1:<\/h4>\n\n\n\n<ul class=\"wp-block-list\">\n<li>Poskytova\u0165 pridan\u00fa hodnotu pre z\u00e1kazn\u00edka po\u010das auditov v oblastiach ako kvalita, \u017eivotn\u00e9 prostredie, bezpe\u010dnos\u0165 alebo in\u00e9 \u0161pecifick\u00e9 odvetvov\u00e9 normy;<\/li>\n\n\n\n<li>Posudzova\u0165 spr\u00e1vne a nez\u00e1visl\u00e9 kompetencie vo\u010di procesom, ktor\u00e9 maj\u00fa by\u0165 overovan\u00e9;<\/li>\n\n\n\n<li>Zaznamen\u00e1va\u0165 a reportova\u0165 re\u00e1lne d\u00e1ta o stavoch zhody s dobrovo\u013en\u00fdmi a povinn\u00fdmi normami a z\u00e1rove\u0148 zachov\u00e1va\u0165 d\u00f4vernos\u0165 citliv\u00fdch inform\u00e1ci\u00ed;<\/li>\n\n\n\n<li>Overova\u0165 mieru zhody dod\u00e1vate\u013eov s politikou objedn\u00e1vate\u013ea, zostavova\u0165 a podpisova\u0165 spr\u00e1vu s cie\u013eom zlep\u0161enia v\u00fdkonu a zv\u00fd\u0161enia \u00farovne transparentnosti.<\/li>\n<\/ul>\n\n\n\n<p>V\u010faka \u00faspe\u0161nej spolupr\u00e1ci a partnerstv\u00e1m sme schopn\u00ed pon\u00faknu\u0165 najlep\u0161ie rie\u0161enia v oblasti certifik\u00e1ci\u00ed.<\/p>\n\n\n\n<p>Spolo\u010dnos\u0165 SV Certification si posilnila svoju \u010dinnos\u0165 aj v\u010faka marketingovej strat\u00e9gii, ktor\u00e1 sa zameriava na ved\u00facich predstavite\u013eov trhu a nadn\u00e1rodn\u00e9 spolo\u010dnosti v oblasti nehnute\u013enost\u00ed a informa\u010dn\u00fdch technol\u00f3gi\u00ed (odvetvia, ktor\u00e9 sa v\u00fdrazne rozv\u00edjaj\u00fa od roku 2013) s cie\u013eom posilni\u0165 svoju zna\u010dku vo \u0160vaj\u010diarsku a v nemecky hovoriacich krajin\u00e1ch kontinent\u00e1lnej Eur\u00f3py (Lichten\u0161tajnsko, Nemecko a Rak\u00fasko).<\/p>\n\n\n\n<p><strong>\u201cD\u00f4vernos\u0165 \u2013 Nez\u00e1vislos\u0165 \u2013 Kompetencia\u201d.<\/strong><\/p>\n\n\n\n<div class=\"wp-block-buttons is-layout-flex wp-block-buttons-is-layout-flex\">\n<div class=\"wp-block-button\"><a class=\"wp-block-button__link has-ast-global-color-3-background-color has-background has-border-color has-ast-global-color-3-border-color wp-element-button\" href=\"https:\/\/www.svcertification.com\/sk\/ziadost-o-cenovu-ponuku\/\">Po\u017eiadajte o cenov\u00fa ponuku<\/a><\/div>\n<\/div>\n<\/div>\n<\/div>\n\n\n\n<div class=\"wp-block-columns alignfull uag-hide-desktop uag-hide-tab uag-hide-mob is-layout-flex wp-container-core-columns-is-layout-28f84493 wp-block-columns-is-layout-flex\">\n<div class=\"wp-block-column is-vertically-aligned-center is-layout-flow wp-block-column-is-layout-flow\">\n<figure class=\"wp-block-image aligncenter size-large hide-on-desktop\"><img decoding=\"async\" src=\"https:\/\/svcertification.com\/peru\/wp-content\/uploads\/sites\/4\/2023\/03\/Sicurezza_sul_lavoro-1024x669.webp\" alt=\"Sicurezza_sul_lavoro\" class=\"wp-image-35\"\/><\/figure>\n<\/div>\n<\/div>\n\n\n\n<div style=\"height:50px\" aria-hidden=\"true\" class=\"wp-block-spacer\"><\/div>\n\n\n\n<h1 class=\"wp-block-heading has-text-align-center has-ast-global-color-5-background-color has-background\">Organiz\u00e1cia<\/h1>\n\n\n\n<div class=\"wp-block-columns has-ast-global-color-5-background-color has-background is-layout-flex wp-container-core-columns-is-layout-28f84493 wp-block-columns-is-layout-flex\">\n<div class=\"wp-block-column is-layout-flow wp-block-column-is-layout-flow\" style=\"flex-basis:20%\"><\/div>\n\n\n\n<div class=\"wp-block-column is-layout-flow wp-block-column-is-layout-flow\" style=\"flex-basis:60%\">\n<p>Od roku 2001 je SV Group v popred\u00ed vo vyh\u013ead\u00e1van\u00ed najlep\u0161\u00edch rie\u0161en\u00ed v oblasti auditov. S partnermi a spolupracovn\u00edkmi v Eur\u00f3pe a Taliansku je dnes schopn\u00e1 rozv\u00edja\u0165 rastov\u00e9 synergick\u00e9 efekty medzi spolo\u010dnos\u0165ami a certifika\u010dn\u00fdmi org\u00e1nmi, ktor\u00e9 zastupuje.<\/p>\n\n\n\n<p><br><\/p>\n\n\n\n<p>SV AUDIT, SV CERTIFICATION s\u00fa eur\u00f3pske spolo\u010dnosti skupiny SV Group, ktor\u00e9 poskytuj\u00fa audity druhej a tretej strany v oblastiach Kvalita, \u017divotn\u00e9 prostredie a Energia, Bezpe\u010dnos\u0165 a Bezpe\u010dnostn\u00fd mana\u017ement. Okrem poskytovania certifika\u010dn\u00fdch auditov s prest\u00ed\u017enymi zna\u010dkami m\u00e1 skupina tie\u017e dlhoro\u010dn\u00e9 sk\u00fasenosti v oblasti \u0161kolen\u00ed v oblasti Bezpe\u010dnosti, Kvality a Bezpe\u010dnosti.<\/p>\n\n\n\n<p><br><\/p>\n\n\n\n<p>Poskytuje akreditovan\u00e9 kurzy v spolupr\u00e1ci s uzn\u00e1van\u00fdmi \u0161koliacimi organiz\u00e1ciami pre kvalifik\u00e1ciu auditorov prvej, druhej a tretej strany. SV je priamym \u0161koliacim centrom ANFOS a EBPMI pre poskytovanie \u0161kolen\u00ed v oblasti zdravia a bezpe\u010dnosti pri pr\u00e1ci v Taliansku.<\/p>\n\n\n\n<figure class=\"wp-block-gallery has-nested-images columns-default wp-block-gallery-1 is-layout-flex wp-block-gallery-is-layout-flex\">\n<figure class=\"wp-block-image size-full\"><img loading=\"lazy\" decoding=\"async\" width=\"1024\" height=\"768\" data-id=\"19\" src=\"https:\/\/svcertification.com\/sk\/wp-content\/uploads\/sites\/5\/2023\/06\/1.webp\" alt=\"\" class=\"wp-image-19\" srcset=\"https:\/\/svcertification.com\/sk\/wp-content\/uploads\/sites\/5\/2023\/06\/1.webp 1024w, https:\/\/svcertification.com\/sk\/wp-content\/uploads\/sites\/5\/2023\/06\/1-300x225.webp 300w, https:\/\/svcertification.com\/sk\/wp-content\/uploads\/sites\/5\/2023\/06\/1-768x576.webp 768w\" sizes=\"auto, (max-width: 1024px) 100vw, 1024px\" \/><\/figure>\n\n\n\n<figure class=\"wp-block-image size-full\"><img loading=\"lazy\" decoding=\"async\" width=\"1024\" height=\"768\" data-id=\"20\" src=\"https:\/\/svcertification.com\/sk\/wp-content\/uploads\/sites\/5\/2023\/06\/2.webp\" alt=\"\" class=\"wp-image-20\" srcset=\"https:\/\/svcertification.com\/sk\/wp-content\/uploads\/sites\/5\/2023\/06\/2.webp 1024w, https:\/\/svcertification.com\/sk\/wp-content\/uploads\/sites\/5\/2023\/06\/2-300x225.webp 300w, https:\/\/svcertification.com\/sk\/wp-content\/uploads\/sites\/5\/2023\/06\/2-768x576.webp 768w\" sizes=\"auto, (max-width: 1024px) 100vw, 1024px\" \/><\/figure>\n\n\n\n<figure class=\"wp-block-image size-full\"><img loading=\"lazy\" decoding=\"async\" width=\"1024\" height=\"768\" data-id=\"21\" src=\"https:\/\/svcertification.com\/sk\/wp-content\/uploads\/sites\/5\/2023\/06\/3.webp\" alt=\"\" class=\"wp-image-21\" srcset=\"https:\/\/svcertification.com\/sk\/wp-content\/uploads\/sites\/5\/2023\/06\/3.webp 1024w, https:\/\/svcertification.com\/sk\/wp-content\/uploads\/sites\/5\/2023\/06\/3-300x225.webp 300w, https:\/\/svcertification.com\/sk\/wp-content\/uploads\/sites\/5\/2023\/06\/3-768x576.webp 768w\" sizes=\"auto, (max-width: 1024px) 100vw, 1024px\" \/><\/figure>\n<\/figure>\n\n\n\n<h3 class=\"wp-block-heading\">Akredit\u00e1cie<\/h3>\n\n\n\n<p>SV CERTIFICATION sro je akreditovan\u00fd certifika\u010dn\u00fd org\u00e1n pod\u013ea nasledovn\u00e9ho sch\u00e9my:<\/p>\n\n\n\n<ul class=\"wp-block-list\">\n<li>ISO 9001: 1, 2, 3, 16, 17, 18, 19, 24, 28, 29, 30, 31, 33, 34, 35, 37, 38*, 39<\/li>\n\n\n\n<li>ISO 14001: 1, 2, 3, 16, 17, 18, 19, 24, 28, 29, 30, 31, 33, 34, 35, 37, 38*, 39<\/li>\n\n\n\n<li>ISO 45001: 1, 2, 3, 16, 17, 18, 19, 24, 28, 29, 30, 31, 33, 34, 35, 37, 38*, 39<\/li>\n\n\n\n<li>ISMS ISO IEC 27001<\/li>\n<\/ul>\n<\/div>\n\n\n\n<div class=\"wp-block-column is-layout-flow wp-block-column-is-layout-flow\" style=\"flex-basis:20%\"><\/div>\n<\/div>\n","protected":false},"excerpt":{"rendered":"<p>Kto sme \u201cSme nez\u00e1visl\u00e1 skupina s viac ako p\u00e4tn\u00e1s\u0165ro\u010dnou sk\u00fasenos\u0165ou v h\u013eadan\u00ed rie\u0161en\u00ed v oblasti auditov\u201d. SV Certification Sagl, \u0161vaj\u010diarska spolo\u010dnos\u0165 zalo\u017een\u00e1 v roku 2014, m\u00e1 viac ako p\u00e4tn\u00e1s\u0165ro\u010dn\u00fa sk\u00fasenos\u0165 v h\u013eadan\u00ed rie\u0161en\u00ed v oblasti auditov. Skupina SV poskytuje audity druhej a tretej strany v oblasti kvality, \u017eivotn\u00e9ho prostredia, energie a bezpe\u010dnosti. Misia N\u00e1\u0161 motto [&hellip;]<\/p>\n","protected":false},"author":4,"featured_media":0,"parent":0,"menu_order":0,"comment_status":"closed","ping_status":"closed","template":"","meta":{"site-sidebar-layout":"no-sidebar","site-content-layout":"page-builder","ast-site-content-layout":"full-width-container","site-content-style":"unboxed","site-sidebar-style":"unboxed","ast-global-header-display":"","ast-banner-title-visibility":"","ast-main-header-display":"","ast-hfb-above-header-display":"","ast-hfb-below-header-display":"","ast-hfb-mobile-header-display":"","site-post-title":"disabled","ast-breadcrumbs-content":"","ast-featured-img":"","footer-sml-layout":"","ast-disable-related-posts":"","theme-transparent-header-meta":"","adv-header-id-meta":"","stick-header-meta":"","header-above-stick-meta":"","header-main-stick-meta":"","header-below-stick-meta":"","astra-migrate-meta-layouts":"set","ast-page-background-enabled":"default","ast-page-background-meta":{"desktop":{"background-color":"var(--ast-global-color-4)","background-image":"","background-repeat":"repeat","background-position":"center center","background-size":"auto","background-attachment":"scroll","background-type":"","background-media":"","overlay-type":"","overlay-color":"","overlay-opacity":"","overlay-gradient":""},"tablet":{"background-color":"","background-image":"","background-repeat":"repeat","background-position":"center center","background-size":"auto","background-attachment":"scroll","background-type":"","background-media":"","overlay-type":"","overlay-color":"","overlay-opacity":"","overlay-gradient":""},"mobile":{"background-color":"","background-image":"","background-repeat":"repeat","background-position":"center center","background-size":"auto","background-attachment":"scroll","background-type":"","background-media":"","overlay-type":"","overlay-color":"","overlay-opacity":"","overlay-gradient":""}},"ast-content-background-meta":{"desktop":{"background-color":"var(--ast-global-color-5)","background-image":"","background-repeat":"repeat","background-position":"center center","background-size":"auto","background-attachment":"scroll","background-type":"","background-media":"","overlay-type":"","overlay-color":"","overlay-opacity":"","overlay-gradient":""},"tablet":{"background-color":"var(--ast-global-color-5)","background-image":"","background-repeat":"repeat","background-position":"center center","background-size":"auto","background-attachment":"scroll","background-type":"","background-media":"","overlay-type":"","overlay-color":"","overlay-opacity":"","overlay-gradient":""},"mobile":{"background-color":"var(--ast-global-color-5)","background-image":"","background-repeat":"repeat","background-position":"center center","background-size":"auto","background-attachment":"scroll","background-type":"","background-media":"","overlay-type":"","overlay-color":"","overlay-opacity":"","overlay-gradient":""}},"footnotes":""},"class_list":["post-15","page","type-page","status-publish","hentry"],"_links":{"self":[{"href":"https:\/\/svcertification.com\/sk\/wp-json\/wp\/v2\/pages\/15","targetHints":{"allow":["GET"]}}],"collection":[{"href":"https:\/\/svcertification.com\/sk\/wp-json\/wp\/v2\/pages"}],"about":[{"href":"https:\/\/svcertification.com\/sk\/wp-json\/wp\/v2\/types\/page"}],"author":[{"embeddable":true,"href":"https:\/\/svcertification.com\/sk\/wp-json\/wp\/v2\/users\/4"}],"replies":[{"embeddable":true,"href":"https:\/\/svcertification.com\/sk\/wp-json\/wp\/v2\/comments?post=15"}],"version-history":[{"count":5,"href":"https:\/\/svcertification.com\/sk\/wp-json\/wp\/v2\/pages\/15\/revisions"}],"predecessor-version":[{"id":300,"href":"https:\/\/svcertification.com\/sk\/wp-json\/wp\/v2\/pages\/15\/revisions\/300"}],"wp:attachment":[{"href":"https:\/\/svcertification.com\/sk\/wp-json\/wp\/v2\/media?parent=15"}],"curies":[{"name":"wp","href":"https:\/\/api.w.org\/{rel}","templated":true}]}}