{"id":153,"date":"2023-06-12T18:26:00","date_gmt":"2023-06-12T16:26:00","guid":{"rendered":"https:\/\/svcertification.com\/sk\/?page_id=153"},"modified":"2023-06-13T10:22:23","modified_gmt":"2023-06-13T08:22:23","slug":"en-1090-1-oznacenie-ce-pre-ocelove-alebo-hlinikove-konstrukcne-prvky","status":"publish","type":"page","link":"https:\/\/svcertification.com\/sk\/en-1090-1-oznacenie-ce-pre-ocelove-alebo-hlinikove-konstrukcne-prvky\/","title":{"rendered":"EN 1090-1 &#8211; Ozna\u010denie CE pre oce\u013eov\u00e9 alebo hlin\u00edkov\u00e9 kon\u0161truk\u010dn\u00e9 prvky"},"content":{"rendered":"\n<h1 class=\"wp-block-heading\"><strong>EN 1090-1 &#8211; Ozna\u010denie CE pre oce\u013eov\u00e9 alebo hlin\u00edkov\u00e9 kon\u0161truk\u010dn\u00e9 prvky<\/strong><\/h1>\n\n\n\n<p>Ozna\u010denie CE pod\u013ea normy EN 1090-1: 2009\/ES 1-2011 je ur\u010den\u00e9 pre v\u00fdrobcov oce\u013eov\u00fdch alebo hlin\u00edkov\u00fdch kon\u0161truk\u010dn\u00fdch prvkov.<\/p>\n\n\n\n<p><strong>\u010co je norma EN 1090?<\/strong><\/p>\n\n\n\n<p>V harmonizovanej norme EN 1090-1:2009\/ES 1-2011 &#8222;Vyhotovovanie oce\u013eov\u00fdch a hlin\u00edkov\u00fdch kon\u0161trukci\u00ed &#8211; \u010das\u0165 1: Po\u017eiadavky na posudzovanie zhody kon\u0161truk\u010dn\u00fdch prvkov&#8220; sa opisuj\u00fa po\u017eiadavky a postupy na umiestnenie ozna\u010denia CE v s\u00falade s eur\u00f3pskym nariaden\u00edm (E\u00da) \u010d. 305\/2011. V\u0161etci v\u00fdrobcovia oce\u013eov\u00fdch a hlin\u00edkov\u00fdch kon\u0161trukci\u00ed, ktor\u00ed s\u00fa u\u017e povinn\u00ed dodr\u017eiava\u0165 \u0161pecifick\u00e9 po\u017eiadavky pre sektor oce\u013eov\u00fdch kon\u0161trukci\u00ed (\u00a7 11.3.4.10 ministerskej vyhl\u00e1\u0161ky 14.01.2008), musia zabezpe\u010di\u0165 aj zavedenie ozna\u010denia CE pod\u013ea EN 1090-1 pre svoje v\u00fdrobky a v\u00fdrobn\u00e9 zariadenia. T\u00e1to implement\u00e1cia, ktor\u00e1 bola od 1. decembra 2010 dobrovo\u013en\u00e1, sa stala povinnou od 1. j\u00fala 2014. V\u00fdrobca mus\u00ed svoje v\u00fdrobky najprv kvalifikova\u0165 prostredn\u00edctvom po\u010diato\u010dn\u00fdch typov\u00fdch sk\u00fa\u0161ok alebo v\u00fdpo\u010dtov a certifikova\u0165 ich FPC (Factory Production Control) prostredn\u00edctvom autorizovan\u00e9ho notifikovan\u00e9ho org\u00e1nu.<\/p>\n\n\n\n<p>Pripojen\u00e9 ozna\u010denie CE mus\u00ed tie\u017e uv\u00e1dza\u0165 zhodu s ur\u010den\u00fdm pou\u017eit\u00edm, ako je \u0161pecifikovan\u00e9 v r\u00f4znych mo\u017enostiach samotnej normy.<\/p>\n\n\n\n<p>Pod\u013ea normy EN 1090 musia organiz\u00e1cie, ktor\u00e9 realizuj\u00fa zv\u00e1ran\u00e9 kon\u0161trukcie alebo ich \u010dasti z ocele alebo hlin\u00edka, vykon\u00e1va\u0165 tieto \u010dinnosti v s\u00falade s pr\u00edslu\u0161n\u00fdmi \u010das\u0165ami s\u00e9rie noriem EN ISO 3834. Vz\u0165ah medzi v\u00fdkonnostn\u00fdmi triedami kon\u0161trukci\u00ed a pr\u00edslu\u0161n\u00fdmi normami EN ISO 3834 je obsiahnut\u00fd v norme EN 1090-1.<\/p>\n\n\n\n<p>Okrem toho sa norma EN 1090 odvol\u00e1va aj na \u010fal\u0161ie normy t\u00fdkaj\u00face sa zv\u00e1rac\u00edch procesov a kvalifik\u00e1cie oper\u00e1torov, ako s\u00fa ISO 14731, ISO 9606-1 a EN ISO 15614.<\/p>\n\n\n\n<p>V\u00fdrobky, na ktor\u00e9 sa norma vz\u0165ahuje, patria k najd\u00f4le\u017eitej\u0161\u00edm v sektore stavebn\u00edctva, ako s\u00fa kovov\u00e9 kon\u0161trukcie a ich rozmanit\u00e9 pou\u017eitie v stavebn\u00fdch pr\u00e1cach, ako s\u00fa budovy, \u0161koly, kancel\u00e1rie, cestn\u00e1 infra\u0161trukt\u00fara.<\/p>\n\n\n\n<p>Norma UNI EN 1090-1 neobsahuje priamo normy upravuj\u00face navrhovanie a v\u00fdpo\u010dty kon\u0161trukci\u00ed, ale odkazuje na ne bodovo. Normy pre navrhovanie a v\u00fdpo\u010dty s\u00fa stanoven\u00e9 v pr\u00edslu\u0161n\u00fdch \u010dastiach s\u00e9rie 3 a s\u00e9rie 9 eurok\u00f3dov.<\/p>\n\n\n\n<p><strong>Po\u017eiadavky normy EN 1090<\/strong><\/p>\n\n\n\n<p>Pokia\u013e ide o po\u017eiadavky na kon\u0161trukciu, odkazuj\u00fa sa na normu EN 1090-2 pre oce\u013eov\u00e9 kon\u0161trukcie a normu EN 1090-3 pre hlin\u00edkov\u00e9 kon\u0161trukcie.<\/p>\n\n\n\n<p>Po\u017eiadavky na posudzovanie zhody pre v\u0161etky typy kon\u0161trukci\u00ed s\u00fa definovan\u00e9 pod\u013ea jednej normy, \u010di u\u017e ide o jednoduch\u00fd pr\u00edstre\u0161ok ve\u013ekej budovy alebo mostn\u00fd nosn\u00edk.<\/p>\n\n\n\n<p>Pozn\u00e1mka: Uznanie CPR &#8211; eur\u00f3pske nariadenie (E\u00da) \u010d. 305\/2011 je uverejnen\u00e9 v informa\u010dnom syst\u00e9me Nando <a href=\"https:\/\/ec.europa.eu\/growth\/tools-databases\/nando\/index.cfm?fuseaction=directive.nb&amp;refe_cd=EPOS_43818\" target=\"_blank\" rel=\"noreferrer noopener\">(notifikovan\u00e9 a ur\u010den\u00e9 organiz\u00e1cie nov\u00e9ho pr\u00edstupu).<\/a><\/p>\n","protected":false},"excerpt":{"rendered":"<p>EN 1090-1 &#8211; Ozna\u010denie CE pre oce\u013eov\u00e9 alebo hlin\u00edkov\u00e9 kon\u0161truk\u010dn\u00e9 prvky Ozna\u010denie CE pod\u013ea normy EN 1090-1: 2009\/ES 1-2011 je ur\u010den\u00e9 pre v\u00fdrobcov oce\u013eov\u00fdch alebo hlin\u00edkov\u00fdch kon\u0161truk\u010dn\u00fdch prvkov. \u010co je norma EN 1090? V harmonizovanej norme EN 1090-1:2009\/ES 1-2011 &#8222;Vyhotovovanie oce\u013eov\u00fdch a hlin\u00edkov\u00fdch kon\u0161trukci\u00ed &#8211; \u010das\u0165 1: Po\u017eiadavky na posudzovanie zhody kon\u0161truk\u010dn\u00fdch prvkov&#8220; sa opisuj\u00fa [&hellip;]<\/p>\n","protected":false},"author":4,"featured_media":0,"parent":0,"menu_order":0,"comment_status":"closed","ping_status":"closed","template":"","meta":{"site-sidebar-layout":"default","site-content-layout":"","ast-site-content-layout":"default","site-content-style":"default","site-sidebar-style":"default","ast-global-header-display":"","ast-banner-title-visibility":"","ast-main-header-display":"","ast-hfb-above-header-display":"","ast-hfb-below-header-display":"","ast-hfb-mobile-header-display":"","site-post-title":"disabled","ast-breadcrumbs-content":"","ast-featured-img":"","footer-sml-layout":"","ast-disable-related-posts":"","theme-transparent-header-meta":"","adv-header-id-meta":"","stick-header-meta":"","header-above-stick-meta":"","header-main-stick-meta":"","header-below-stick-meta":"","astra-migrate-meta-layouts":"default","ast-page-background-enabled":"default","ast-page-background-meta":{"desktop":{"background-color":"var(--ast-global-color-4)","background-image":"","background-repeat":"repeat","background-position":"center center","background-size":"auto","background-attachment":"scroll","background-type":"","background-media":"","overlay-type":"","overlay-color":"","overlay-opacity":"","overlay-gradient":""},"tablet":{"background-color":"","background-image":"","background-repeat":"repeat","background-position":"center center","background-size":"auto","background-attachment":"scroll","background-type":"","background-media":"","overlay-type":"","overlay-color":"","overlay-opacity":"","overlay-gradient":""},"mobile":{"background-color":"","background-image":"","background-repeat":"repeat","background-position":"center center","background-size":"auto","background-attachment":"scroll","background-type":"","background-media":"","overlay-type":"","overlay-color":"","overlay-opacity":"","overlay-gradient":""}},"ast-content-background-meta":{"desktop":{"background-color":"var(--ast-global-color-5)","background-image":"","background-repeat":"repeat","background-position":"center center","background-size":"auto","background-attachment":"scroll","background-type":"","background-media":"","overlay-type":"","overlay-color":"","overlay-opacity":"","overlay-gradient":""},"tablet":{"background-color":"var(--ast-global-color-5)","background-image":"","background-repeat":"repeat","background-position":"center center","background-size":"auto","background-attachment":"scroll","background-type":"","background-media":"","overlay-type":"","overlay-color":"","overlay-opacity":"","overlay-gradient":""},"mobile":{"background-color":"var(--ast-global-color-5)","background-image":"","background-repeat":"repeat","background-position":"center center","background-size":"auto","background-attachment":"scroll","background-type":"","background-media":"","overlay-type":"","overlay-color":"","overlay-opacity":"","overlay-gradient":""}},"footnotes":""},"class_list":["post-153","page","type-page","status-publish","hentry"],"_links":{"self":[{"href":"https:\/\/svcertification.com\/sk\/wp-json\/wp\/v2\/pages\/153","targetHints":{"allow":["GET"]}}],"collection":[{"href":"https:\/\/svcertification.com\/sk\/wp-json\/wp\/v2\/pages"}],"about":[{"href":"https:\/\/svcertification.com\/sk\/wp-json\/wp\/v2\/types\/page"}],"author":[{"embeddable":true,"href":"https:\/\/svcertification.com\/sk\/wp-json\/wp\/v2\/users\/4"}],"replies":[{"embeddable":true,"href":"https:\/\/svcertification.com\/sk\/wp-json\/wp\/v2\/comments?post=153"}],"version-history":[{"count":0,"href":"https:\/\/svcertification.com\/sk\/wp-json\/wp\/v2\/pages\/153\/revisions"}],"wp:attachment":[{"href":"https:\/\/svcertification.com\/sk\/wp-json\/wp\/v2\/media?parent=153"}],"curies":[{"name":"wp","href":"https:\/\/api.w.org\/{rel}","templated":true}]}}