{"id":76,"date":"2023-06-12T12:05:05","date_gmt":"2023-06-12T10:05:05","guid":{"rendered":"https:\/\/svcertification.com\/sk\/?page_id=76"},"modified":"2026-04-09T18:20:21","modified_gmt":"2026-04-09T16:20:21","slug":"stante-sa-fransizantom","status":"publish","type":"page","link":"https:\/\/svcertification.com\/sk\/stante-sa-fransizantom\/","title":{"rendered":"Sta\u0148te sa fran\u0161\u00edzantom"},"content":{"rendered":"\n<h1 class=\"wp-block-heading has-text-align-center\">Sta\u0148te sa fran\u0161\u00edzantom<\/h1>\n\n\n\n<p class=\"has-text-align-center\">Spolo\u010dnos\u0165 uzatv\u00e1ra franchisingov\u00e9 zmluvy so zariadeniami na celom svete na vykon\u00e1vanie aud\u00edtorsk\u00fdch \u010dinnost\u00ed pod na\u0161ou zna\u010dkou pre odvetvia a normy, pre ktor\u00e9 je na\u0161a organiz\u00e1cia akreditovan\u00e1.<\/p>\n\n\n\n<p class=\"has-text-align-center\">Ak chcete z\u00edska\u0165 inform\u00e1cie a by\u0165 kontaktovan\u00ed, vypl\u0148te ni\u017e\u0161ie uveden\u00fd formul\u00e1r &#8222;\u017diados\u0165 o inform\u00e1cie pre fran\u0161\u00edzanta&#8220;. N\u00e1\u0161 t\u00edm v\u00e1s bude \u010do najsk\u00f4r kontaktova\u0165.<\/p>\n\n\n\n<div class=\"wp-block-columns alignwide is-layout-flex wp-container-core-columns-is-layout-28f84493 wp-block-columns-is-layout-flex\">\n<div class=\"wp-block-column is-layout-flow wp-block-column-is-layout-flow\" style=\"flex-basis:10%\"><\/div>\n\n\n\n<div class=\"wp-block-column is-layout-flow wp-block-column-is-layout-flow\" style=\"flex-basis:80%\"><div class='fluentform ff-default fluentform_wrapper_3  ff_guten_block ff_guten_block-3 ffs_default_wrap'><form data-form_id=\"3\" id=\"fluentform_3\" class=\"frm-fluent-form fluent_form_3 ff-el-form-top ff_form_instance_3_1 ff-form-loading ff_has_v3_recptcha ffs_default\" data-form_instance=\"ff_form_instance_3_1\" method=\"POST\" data-recptcha_key=\"6LdOuNEhAAAAAJPwI6wD6WXuVZAqC_XZJWhqLqrF\" ><fieldset  style=\"border: none!important;margin: 0!important;padding: 0!important;background-color: transparent!important;box-shadow: none!important;outline: none!important; min-inline-size: 100%;\">\n                    <legend class=\"ff_screen_reader_title\" style=\"display: block; margin: 0!important;padding: 0!important;height: 0!important;text-indent: -999999px;width: 0!important;overflow:hidden;\">Diventa Franchisee<\/legend><input type='hidden' name='__fluent_form_embded_post_id' value='76' \/><input type=\"hidden\" id=\"_fluentform_3_fluentformnonce\" name=\"_fluentform_3_fluentformnonce\" value=\"4b60825d3f\" \/><input type=\"hidden\" name=\"_wp_http_referer\" value=\"\/sk\/wp-json\/wp\/v2\/pages\/76\" \/><div data-name=\"ff_cn_id_1\"  class='ff-t-container ff-column-container ff_columns_total_2 '><div class='ff-t-cell ff-t-column-1' style='flex-basis: 50%;'><div data-type=\"name-element\" data-name=\"nome\" class=\" ff-field_container ff-name-field-wrapper\" ><div class='ff-t-container'><div class='ff-t-cell '><div class='ff-el-group ff-el-form-top'><div class=\"ff-el-input--label ff-el-is-required asterisk-right\"><label for='ff_3_nome_first_name_' id='label_ff_3_nome_first_name_' >Meno a Priezvisko<\/label><\/div><div class='ff-el-input--content'><input type=\"text\" name=\"nome[first_name]\" id=\"ff_3_nome_first_name_\" class=\"ff-el-form-control\" aria-invalid=\"false\" aria-required=true><\/div><\/div><\/div><\/div><\/div><\/div><div class='ff-t-cell ff-t-column-2' style='flex-basis: 50%;'><div class='ff-el-group'><div class=\"ff-el-input--label ff-el-is-required asterisk-right\"><label for='ff_3_azienda_ragione_sociale' id='label_ff_3_azienda_ragione_sociale' aria-label=\"N\u00e1zov spolo\u010dnosti a firmy\">N\u00e1zov spolo\u010dnosti a firmy<\/label><\/div><div class='ff-el-input--content'><input type=\"text\" name=\"azienda_ragione_sociale\" class=\"ff-el-form-control\" data-name=\"azienda_ragione_sociale\" id=\"ff_3_azienda_ragione_sociale\"  aria-invalid=\"false\" aria-required=true><\/div><\/div><\/div><\/div><div data-name=\"ff_cn_id_2\"  class='ff-t-container ff-column-container ff_columns_total_2 '><div class='ff-t-cell ff-t-column-1' style='flex-basis: 50%;'><div class='ff-el-group'><div class=\"ff-el-input--label ff-el-is-required asterisk-right\"><label for='ff_3_p_iva' id='label_ff_3_p_iva' aria-label=\"\u010c\u00edslo DPH\">\u010c\u00edslo DPH<\/label><\/div><div class='ff-el-input--content'><input type=\"text\" name=\"p_iva\" class=\"ff-el-form-control\" data-name=\"p_iva\" id=\"ff_3_p_iva\"  aria-invalid=\"false\" aria-required=true><\/div><\/div><\/div><div class='ff-t-cell ff-t-column-2' style='flex-basis: 50%;'><div class='ff-el-group'><div class=\"ff-el-input--label ff-el-is-required asterisk-right\"><label for='ff_3_indirizzo' id='label_ff_3_indirizzo' aria-label=\"Adresa\">Adresa<\/label><\/div><div class='ff-el-input--content'><input type=\"text\" name=\"indirizzo\" class=\"ff-el-form-control\" data-name=\"indirizzo\" id=\"ff_3_indirizzo\"  aria-invalid=\"false\" aria-required=true><\/div><\/div><\/div><\/div><div data-name=\"ff_cn_id_3\"  class='ff-t-container ff-column-container ff_columns_total_2 '><div class='ff-t-cell ff-t-column-1' style='flex-basis: 50%;'><div class='ff-el-group'><div class=\"ff-el-input--label ff-el-is-required asterisk-right\"><label for='ff_3_telefono' id='label_ff_3_telefono' aria-label=\"Telef\u00f3n\">Telef\u00f3n<\/label><\/div><div class='ff-el-input--content'><input type=\"text\" name=\"telefono\" class=\"ff-el-form-control\" data-name=\"telefono\" id=\"ff_3_telefono\"  aria-invalid=\"false\" aria-required=true><\/div><\/div><\/div><div class='ff-t-cell ff-t-column-2' style='flex-basis: 50%;'><div class='ff-el-group'><div class=\"ff-el-input--label ff-el-is-required asterisk-right\"><label for='ff_3_email' id='label_ff_3_email' aria-label=\"E-mail\">E-mail<\/label><\/div><div class='ff-el-input--content'><input type=\"email\" name=\"email\" id=\"ff_3_email\" class=\"ff-el-form-control\" data-name=\"email\"  aria-invalid=\"false\" aria-required=true><\/div><\/div><\/div><\/div><div class='ff-el-group'><div class=\"ff-el-input--label ff-el-is-required asterisk-right\"><label   aria-label=\"Kateg\u00f3ria\">Kateg\u00f3ria<\/label><\/div><div class='ff-el-input--content'><div class='ff-el-form-check ff-el-form-check-'><label class='ff-el-form-check-label' for='categoria_907348d3f1bfa89f71458847a484fef2'><input  type=\"radio\" name=\"categoria\" data-name=\"categoria\" class=\"ff-el-form-check-input ff-el-form-check-radio\" value=\"Certifik\u00e1cia syst\u00e9mu\"  id='categoria_907348d3f1bfa89f71458847a484fef2' aria-label='Certifik\u00e1cia syst\u00e9mu' aria-invalid='false' aria-required=true> <span>Certifik\u00e1cia syst\u00e9mu<\/span><\/label><\/div><div class='ff-el-form-check ff-el-form-check-'><label class='ff-el-form-check-label' for='categoria_7cad3c9262fca1c83fa37abe0e7a8210'><input  type=\"radio\" name=\"categoria\" data-name=\"categoria\" class=\"ff-el-form-check-input ff-el-form-check-radio\" value=\"Certifik\u00e1cia produktu\"  id='categoria_7cad3c9262fca1c83fa37abe0e7a8210' aria-label='Certifik\u00e1cia produktu' aria-invalid='false' aria-required=true> <span>Certifik\u00e1cia produktu<\/span><\/label><\/div><div class='ff-el-form-check ff-el-form-check-'><label class='ff-el-form-check-label' for='categoria_402b52048608e8838d6491174720f308'><input  type=\"radio\" name=\"categoria\" data-name=\"categoria\" class=\"ff-el-form-check-input ff-el-form-check-radio\" value=\"Ozna\u010denie CE\"  id='categoria_402b52048608e8838d6491174720f308' aria-label='Ozna\u010denie CE' aria-invalid='false' aria-required=true> <span>Ozna\u010denie CE<\/span><\/label><\/div><div class='ff-el-form-check ff-el-form-check-'><label class='ff-el-form-check-label' for='categoria_d1cfc0c55b746c07fae6096c7e90777f'><input  type=\"radio\" name=\"categoria\" data-name=\"categoria\" class=\"ff-el-form-check-input ff-el-form-check-radio\" value=\"Finan\u010dn\u00fd audit a bezpe\u010dnos\u0165 IT\"  id='categoria_d1cfc0c55b746c07fae6096c7e90777f' aria-label='Finan\u010dn\u00fd audit a bezpe\u010dnos\u0165 IT' aria-invalid='false' aria-required=true> <span>Finan\u010dn\u00fd audit a bezpe\u010dnos\u0165 IT<\/span><\/label><\/div><\/div><\/div><div class='ff-el-group'><div class=\"ff-el-input--label asterisk-right\"><label for='ff_3_altre_info' id='label_ff_3_altre_info' aria-label=\"\u010eal\u0161ie inform\u00e1cie\">\u010eal\u0161ie inform\u00e1cie<\/label><\/div><div class='ff-el-input--content'><textarea aria-required=\"false\" aria-labelledby=\"label_ff_3_altre_info\" name=\"altre_info\" id=\"ff_3_altre_info\" class=\"ff-el-form-control\" rows=\"3\" cols=\"2\" data-name=\"altre_info\" ><\/textarea><\/div><\/div><div class='ff-el-group    ff-el-input--content'><div class='ff-el-form-check ff-el-tc'><label aria-label='Podmienky: S\u00fahlas\u00edm so spracovan\u00edm osobn\u00fdch \u00fadajov v s\u00falade s Z\u00e1sadami ochrany osobn\u00fdch \u00fadajov a Pou\u017e\u00edvan\u00edm s\u00faborov cookie tohto webu. Obsahuje 1 odkaz. Na presk\u00famanie pou\u017eite navig\u00e1ciu pomocou karty.' class='ff-el-form-check-label ff_tc_label' for=terms-n-condition_1ae8ce230de7053a9493335a60e24419><span class='ff_tc_checkbox'><input type=\"checkbox\" name=\"terms-n-condition\" class=\"ff-el-form-check-input\" data-name=\"terms-n-condition\" id=\"terms-n-condition_1ae8ce230de7053a9493335a60e24419\"  value='on' aria-invalid='false' aria-required=true><\/span> <div class='ff_t_c'><p>S\u00fahlas\u00edm so spracovan\u00edm osobn\u00fdch \u00fadajov v s\u00falade s <a href=\"https:\/\/svcertification.com\/sk\/zasady-ochrany-osobnych-udajov-a-subory-cookie\/\">Z\u00e1sadami ochrany osobn\u00fdch \u00fadajov a Pou\u017e\u00edvan\u00edm s\u00faborov cookie<\/a> tohto webu.<\/p><\/div><\/label><\/div><\/div><div class='ff-el-group ff-text-left ff_submit_btn_wrapper'><button type=\"submit\" class=\"ff-btn ff-btn-submit ff-btn-md ff_btn_style wpf_has_custom_css\"  aria-label=\"Odosla\u0165 \u017eiados\u0165\">Odosla\u0165 \u017eiados\u0165<\/button><\/div><\/fieldset><\/form><div id='fluentform_3_errors' class='ff-errors-in-stack ff_form_instance_3_1 ff-form-loading_errors ff_form_instance_3_1_errors'><\/div><\/div>            <script type=\"text\/javascript\">\n                window.fluent_form_ff_form_instance_3_1 = {\"id\":\"3\",\"ajaxUrl\":\"https:\\\/\\\/svcertification.com\\\/sk\\\/wp-admin\\\/admin-ajax.php\",\"settings\":{\"layout\":{\"labelPlacement\":\"top\",\"asteriskPlacement\":\"asterisk-right\",\"helpMessagePlacement\":\"with_label\",\"errorMessagePlacement\":\"inline\",\"cssClassName\":\"\"},\"restrictions\":{\"denyEmptySubmission\":{\"enabled\":false}}},\"form_instance\":\"ff_form_instance_3_1\",\"form_id_selector\":\"fluentform_3\",\"rules\":{\"nome[first_name]\":{\"required\":{\"value\":true,\"message\":\"Questo campo \\u00e8 obbligatorio\",\"global_message\":\"Questo campo \\u00e8 obbligatorio\",\"global\":true}},\"nome[middle_name]\":{\"required\":{\"value\":false,\"message\":\"Questo campo \\u00e8 obbligatorio\",\"global_message\":\"Questo campo \\u00e8 obbligatorio\",\"global\":true}},\"nome[last_name]\":{\"required\":{\"value\":false,\"message\":\"Questo campo \\u00e8 obbligatorio\",\"global_message\":\"Questo campo \\u00e8 obbligatorio\",\"global\":true}},\"azienda_ragione_sociale\":{\"required\":{\"value\":true,\"message\":\"Questo campo \\u00e8 obbligatorio\",\"global_message\":\"Questo campo \\u00e8 obbligatorio\",\"global\":true}},\"p_iva\":{\"required\":{\"value\":true,\"message\":\"Questo campo \\u00e8 obbligatorio\",\"global_message\":\"Questo campo \\u00e8 obbligatorio\",\"global\":true}},\"indirizzo\":{\"required\":{\"value\":true,\"message\":\"Questo campo \\u00e8 obbligatorio\",\"global_message\":\"Questo campo \\u00e8 obbligatorio\",\"global\":true}},\"telefono\":{\"required\":{\"value\":true,\"message\":\"Questo campo \\u00e8 obbligatorio\",\"global_message\":\"Questo campo \\u00e8 obbligatorio\",\"global\":true}},\"email\":{\"required\":{\"value\":true,\"message\":\"Questo campo \\u00e8 obbligatorio\",\"global_message\":\"Questo campo \\u00e8 obbligatorio\",\"global\":true},\"email\":{\"value\":true,\"message\":\"Questo campo deve contenere un indirizzo email valido\",\"global_message\":\"Questo campo deve contenere un indirizzo email valido\",\"global\":true}},\"categoria\":{\"required\":{\"value\":true,\"message\":\"Questo campo \\u00e8 obbligatorio\",\"global_message\":\"Questo campo \\u00e8 obbligatorio\",\"global\":true}},\"altre_info\":{\"required\":{\"value\":false,\"message\":\"Questo campo \\u00e8 obbligatorio\",\"global_message\":\"Questo campo \\u00e8 obbligatorio\",\"global\":true}},\"terms-n-condition\":{\"required\":{\"value\":true,\"message\":\"Questo campo \\u00e8 obbligatorio\",\"global_message\":\"Questo campo \\u00e8 obbligatorio\",\"global\":true}},\"g-recaptcha-response\":[]},\"debounce_time\":300};\n                            <\/script>\n            <\/div>\n\n\n\n<div class=\"wp-block-column is-layout-flow wp-block-column-is-layout-flow\" style=\"flex-basis:10%\"><\/div>\n<\/div>\n","protected":false},"excerpt":{"rendered":"<p>Sta\u0148te sa fran\u0161\u00edzantom Spolo\u010dnos\u0165 uzatv\u00e1ra franchisingov\u00e9 zmluvy so zariadeniami na celom svete na vykon\u00e1vanie aud\u00edtorsk\u00fdch \u010dinnost\u00ed pod na\u0161ou zna\u010dkou pre odvetvia a normy, pre ktor\u00e9 je na\u0161a organiz\u00e1cia akreditovan\u00e1. Ak chcete z\u00edska\u0165 inform\u00e1cie a by\u0165 kontaktovan\u00ed, vypl\u0148te ni\u017e\u0161ie uveden\u00fd formul\u00e1r &#8222;\u017diados\u0165 o inform\u00e1cie pre fran\u0161\u00edzanta&#8220;. N\u00e1\u0161 t\u00edm v\u00e1s bude \u010do najsk\u00f4r kontaktova\u0165.<\/p>\n","protected":false},"author":4,"featured_media":0,"parent":0,"menu_order":0,"comment_status":"closed","ping_status":"closed","template":"","meta":{"site-sidebar-layout":"no-sidebar","site-content-layout":"","ast-site-content-layout":"default","site-content-style":"default","site-sidebar-style":"default","ast-global-header-display":"","ast-banner-title-visibility":"","ast-main-header-display":"","ast-hfb-above-header-display":"","ast-hfb-below-header-display":"","ast-hfb-mobile-header-display":"","site-post-title":"disabled","ast-breadcrumbs-content":"","ast-featured-img":"","footer-sml-layout":"","ast-disable-related-posts":"","theme-transparent-header-meta":"","adv-header-id-meta":"","stick-header-meta":"","header-above-stick-meta":"","header-main-stick-meta":"","header-below-stick-meta":"","astra-migrate-meta-layouts":"set","ast-page-background-enabled":"default","ast-page-background-meta":{"desktop":{"background-color":"var(--ast-global-color-4)","background-image":"","background-repeat":"repeat","background-position":"center center","background-size":"auto","background-attachment":"scroll","background-type":"","background-media":"","overlay-type":"","overlay-color":"","overlay-opacity":"","overlay-gradient":""},"tablet":{"background-color":"","background-image":"","background-repeat":"repeat","background-position":"center center","background-size":"auto","background-attachment":"scroll","background-type":"","background-media":"","overlay-type":"","overlay-color":"","overlay-opacity":"","overlay-gradient":""},"mobile":{"background-color":"","background-image":"","background-repeat":"repeat","background-position":"center center","background-size":"auto","background-attachment":"scroll","background-type":"","background-media":"","overlay-type":"","overlay-color":"","overlay-opacity":"","overlay-gradient":""}},"ast-content-background-meta":{"desktop":{"background-color":"var(--ast-global-color-5)","background-image":"","background-repeat":"repeat","background-position":"center center","background-size":"auto","background-attachment":"scroll","background-type":"","background-media":"","overlay-type":"","overlay-color":"","overlay-opacity":"","overlay-gradient":""},"tablet":{"background-color":"var(--ast-global-color-5)","background-image":"","background-repeat":"repeat","background-position":"center center","background-size":"auto","background-attachment":"scroll","background-type":"","background-media":"","overlay-type":"","overlay-color":"","overlay-opacity":"","overlay-gradient":""},"mobile":{"background-color":"var(--ast-global-color-5)","background-image":"","background-repeat":"repeat","background-position":"center center","background-size":"auto","background-attachment":"scroll","background-type":"","background-media":"","overlay-type":"","overlay-color":"","overlay-opacity":"","overlay-gradient":""}},"footnotes":""},"class_list":["post-76","page","type-page","status-publish","hentry"],"_links":{"self":[{"href":"https:\/\/svcertification.com\/sk\/wp-json\/wp\/v2\/pages\/76","targetHints":{"allow":["GET"]}}],"collection":[{"href":"https:\/\/svcertification.com\/sk\/wp-json\/wp\/v2\/pages"}],"about":[{"href":"https:\/\/svcertification.com\/sk\/wp-json\/wp\/v2\/types\/page"}],"author":[{"embeddable":true,"href":"https:\/\/svcertification.com\/sk\/wp-json\/wp\/v2\/users\/4"}],"replies":[{"embeddable":true,"href":"https:\/\/svcertification.com\/sk\/wp-json\/wp\/v2\/comments?post=76"}],"version-history":[{"count":1,"href":"https:\/\/svcertification.com\/sk\/wp-json\/wp\/v2\/pages\/76\/revisions"}],"predecessor-version":[{"id":296,"href":"https:\/\/svcertification.com\/sk\/wp-json\/wp\/v2\/pages\/76\/revisions\/296"}],"wp:attachment":[{"href":"https:\/\/svcertification.com\/sk\/wp-json\/wp\/v2\/media?parent=76"}],"curies":[{"name":"wp","href":"https:\/\/api.w.org\/{rel}","templated":true}]}}