{"id":93,"date":"2023-06-12T13:11:59","date_gmt":"2023-06-12T11:11:59","guid":{"rendered":"https:\/\/svcertification.com\/sk\/?page_id=93"},"modified":"2026-04-09T11:59:08","modified_gmt":"2026-04-09T09:59:08","slug":"vzdelavanie","status":"publish","type":"page","link":"https:\/\/svcertification.com\/sk\/vzdelavanie\/","title":{"rendered":"Vzdel\u00e1vanie"},"content":{"rendered":"\n<h1 class=\"wp-block-heading\">Vzdel\u00e1vanie<\/h1>\n\n\n\n<div class=\"wp-block-columns is-layout-flex wp-container-core-columns-is-layout-28f84493 wp-block-columns-is-layout-flex\">\n<div class=\"wp-block-column is-layout-flow wp-block-column-is-layout-flow\">\n<div class=\"wp-block-cover is-light\"><img loading=\"lazy\" decoding=\"async\" width=\"1240\" height=\"810\" class=\"wp-block-cover__image-background wp-image-94\" alt=\"\" src=\"https:\/\/svcertification.com\/sk\/wp-content\/uploads\/sites\/5\/2023\/06\/Sicurezza_sul_lavoro.webp\" data-object-fit=\"cover\" srcset=\"https:\/\/svcertification.com\/sk\/wp-content\/uploads\/sites\/5\/2023\/06\/Sicurezza_sul_lavoro.webp 1240w, https:\/\/svcertification.com\/sk\/wp-content\/uploads\/sites\/5\/2023\/06\/Sicurezza_sul_lavoro-300x196.webp 300w, https:\/\/svcertification.com\/sk\/wp-content\/uploads\/sites\/5\/2023\/06\/Sicurezza_sul_lavoro-1024x669.webp 1024w, https:\/\/svcertification.com\/sk\/wp-content\/uploads\/sites\/5\/2023\/06\/Sicurezza_sul_lavoro-768x502.webp 768w\" sizes=\"auto, (max-width: 1240px) 100vw, 1240px\" \/><span aria-hidden=\"true\" class=\"wp-block-cover__background has-background-dim\"><\/span><div class=\"wp-block-cover__inner-container is-layout-flow wp-block-cover-is-layout-flow\">\n<p class=\"has-text-align-center has-ast-global-color-5-color has-text-color has-large-font-size\">Bezpe\u010dnos\u0165 pri pr\u00e1ci<\/p>\n<\/div><\/div>\n<\/div>\n\n\n\n<div class=\"wp-block-column is-layout-flow wp-block-column-is-layout-flow\">\n<div class=\"wp-block-cover\"><img loading=\"lazy\" decoding=\"async\" width=\"1240\" height=\"810\" class=\"wp-block-cover__image-background wp-image-95\" alt=\"\" src=\"https:\/\/svcertification.com\/sk\/wp-content\/uploads\/sites\/5\/2023\/06\/Security.webp\" data-object-fit=\"cover\" srcset=\"https:\/\/svcertification.com\/sk\/wp-content\/uploads\/sites\/5\/2023\/06\/Security.webp 1240w, https:\/\/svcertification.com\/sk\/wp-content\/uploads\/sites\/5\/2023\/06\/Security-300x196.webp 300w, https:\/\/svcertification.com\/sk\/wp-content\/uploads\/sites\/5\/2023\/06\/Security-1024x669.webp 1024w, https:\/\/svcertification.com\/sk\/wp-content\/uploads\/sites\/5\/2023\/06\/Security-768x502.webp 768w\" sizes=\"auto, (max-width: 1240px) 100vw, 1240px\" \/><span aria-hidden=\"true\" class=\"wp-block-cover__background has-background-dim\"><\/span><div class=\"wp-block-cover__inner-container is-layout-flow wp-block-cover-is-layout-flow\">\n<p class=\"has-text-align-center has-ast-global-color-5-color has-text-color has-large-font-size\">Bezpe\u010dnos\u0165<\/p>\n<\/div><\/div>\n<\/div>\n\n\n\n<div class=\"wp-block-column is-layout-flow wp-block-column-is-layout-flow\">\n<div class=\"wp-block-cover is-light\"><img loading=\"lazy\" decoding=\"async\" width=\"1240\" height=\"810\" class=\"wp-block-cover__image-background wp-image-96\" alt=\"\" src=\"https:\/\/svcertification.com\/sk\/wp-content\/uploads\/sites\/5\/2023\/06\/Energia.webp\" data-object-fit=\"cover\" srcset=\"https:\/\/svcertification.com\/sk\/wp-content\/uploads\/sites\/5\/2023\/06\/Energia.webp 1240w, https:\/\/svcertification.com\/sk\/wp-content\/uploads\/sites\/5\/2023\/06\/Energia-300x196.webp 300w, https:\/\/svcertification.com\/sk\/wp-content\/uploads\/sites\/5\/2023\/06\/Energia-1024x669.webp 1024w, https:\/\/svcertification.com\/sk\/wp-content\/uploads\/sites\/5\/2023\/06\/Energia-768x502.webp 768w\" sizes=\"auto, (max-width: 1240px) 100vw, 1240px\" \/><span aria-hidden=\"true\" class=\"wp-block-cover__background has-background-dim\"><\/span><div class=\"wp-block-cover__inner-container is-layout-flow wp-block-cover-is-layout-flow\">\n<p class=\"has-text-align-center has-ast-global-color-5-color has-text-color has-large-font-size\">Energia<\/p>\n<\/div><\/div>\n<\/div>\n<\/div>\n\n\n\n<h3 class=\"wp-block-heading\">Kurzy<\/h3>\n\n\n\n<p><a href=\"https:\/\/svcertification.com\/sk\/certifikacia-systemov-riadenia-kvality-iso-90012015\/kurz-auditora-lead-auditor-iso-90012015\/\"><strong>Kurz aud\u00edtora Lead Auditor ISO 9001:2015<\/strong><br><\/a>Kurz je ur\u010den\u00fd pre konzultantov a auditorov, ktor\u00ed chc\u00fa vykon\u00e1va\u0165 audit druhej a tretej strany v podnikoch na hodnotenie ich po\u017eiadaviek vo\u010di ich syst\u00e9mu riadenia a kvality.<\/p>\n\n\n\n<p><a href=\"https:\/\/svcertification.com\/sk\/certifikacia-systemov-environmentalneho-riadenia-iso-140012015\/kurz-auditora-lead-auditor-iso-140012015\/\"><strong>Kurz aud\u00edtora Lead Auditor ISO 14001:2015<\/strong><br><\/a>Kurz je ur\u010den\u00fd pre konzultantov a auditorov, ktor\u00ed chc\u00fa vykon\u00e1va\u0165 audit druhej a tretej strany v podnikoch na hodnotenie ich po\u017eiadaviek vo\u010di ich syst\u00e9mu environment\u00e1lneho riadenia.<\/p>\n\n\n\n<p><a href=\"https:\/\/svcertification.com\/sk\/certifikacia-bezpecnosti-prace-a-ochrany-zdravia\/kurz-auditora-lead-auditor-iso-450012018\/\"><strong>Kurz aud\u00edtora Lead Auditor ISO 45001:2018<\/strong><br><\/a>Kurz je ur\u010den\u00fd pre konzultantov a auditorov, ktor\u00ed chc\u00fa vykon\u00e1va\u0165 audit druhej a tretej strany v podnikoch na hodnotenie ich po\u017eiadaviek vo\u010di ich syst\u00e9mu bezpe\u010dnosti pr\u00e1ce.<\/p>\n\n\n\n<p><a href=\"https:\/\/svcertification.com\/sk\/certifikacia-systemov-riadenia-informacnej-bezpecnosti\/kurz-auditora-lead-auditor-iso-iec-270012022\/\"><strong>Kurz aud\u00edtora Lead Auditor ISO\/IEC 27001:2022<\/strong><br><\/a>Kurz je ur\u010den\u00fd pre konzultantov a auditorov, ktor\u00ed chc\u00fa vykon\u00e1va\u0165 audit druhej a tretej strany v podnikoch na hodnotenie ich po\u017eiadaviek vo\u010di ich syst\u00e9mu bezpe\u010dnosti inform\u00e1ci\u00ed.<\/p>\n\n\n\n<ul class=\"wp-block-list\">\n<li>Kurzy pre vzdel\u00e1vanie aud\u00edtorov a ved\u00facich auditorov: ISO 9001:2015, 14001:2015, 45001:2018, ISO IEC 27001:2022<\/li>\n\n\n\n<li>Kurz EGE<\/li>\n\n\n\n<li>Kurzy EX DLGS 81\/2008<\/li>\n\n\n\n<li>Kurz pre \u010dlenov org\u00e1nu doh\u013eadu pod\u013ea z\u00e1kona DLGS 231\/2001<\/li>\n\n\n\n<li>Kurz pre zodpovedn\u00fa osobu spracovania \u00fadajov a pre DPO (zodpovedn\u00fa osobu za ochranu \u00fadajov), na z\u00e1klade nariadenia 679\/2016.<\/li>\n<\/ul>\n\n\n\n<p>I kurzy bud\u00fa organizovan\u00e9 a propagovan\u00e9 prostredn\u00edctvom e-mailu. Pre \u010fal\u0161ie inform\u00e1cie n\u00e1s nev\u00e1hajte kontaktova\u0165.<\/p>\n","protected":false},"excerpt":{"rendered":"<p>Vzdel\u00e1vanie Kurzy Kurz aud\u00edtora Lead Auditor ISO 9001:2015Kurz je ur\u010den\u00fd pre konzultantov a auditorov, ktor\u00ed chc\u00fa vykon\u00e1va\u0165 audit druhej a tretej strany v podnikoch na hodnotenie ich po\u017eiadaviek vo\u010di ich syst\u00e9mu riadenia a kvality. Kurz aud\u00edtora Lead Auditor ISO 14001:2015Kurz je ur\u010den\u00fd pre konzultantov a auditorov, ktor\u00ed chc\u00fa vykon\u00e1va\u0165 audit druhej a tretej strany v [&hellip;]<\/p>\n","protected":false},"author":4,"featured_media":0,"parent":0,"menu_order":0,"comment_status":"closed","ping_status":"closed","template":"","meta":{"site-sidebar-layout":"no-sidebar","site-content-layout":"","ast-site-content-layout":"default","site-content-style":"default","site-sidebar-style":"default","ast-global-header-display":"","ast-banner-title-visibility":"","ast-main-header-display":"","ast-hfb-above-header-display":"","ast-hfb-below-header-display":"","ast-hfb-mobile-header-display":"","site-post-title":"disabled","ast-breadcrumbs-content":"","ast-featured-img":"","footer-sml-layout":"","ast-disable-related-posts":"","theme-transparent-header-meta":"","adv-header-id-meta":"","stick-header-meta":"","header-above-stick-meta":"","header-main-stick-meta":"","header-below-stick-meta":"","astra-migrate-meta-layouts":"set","ast-page-background-enabled":"default","ast-page-background-meta":{"desktop":{"background-color":"var(--ast-global-color-4)","background-image":"","background-repeat":"repeat","background-position":"center center","background-size":"auto","background-attachment":"scroll","background-type":"","background-media":"","overlay-type":"","overlay-color":"","overlay-opacity":"","overlay-gradient":""},"tablet":{"background-color":"","background-image":"","background-repeat":"repeat","background-position":"center center","background-size":"auto","background-attachment":"scroll","background-type":"","background-media":"","overlay-type":"","overlay-color":"","overlay-opacity":"","overlay-gradient":""},"mobile":{"background-color":"","background-image":"","background-repeat":"repeat","background-position":"center center","background-size":"auto","background-attachment":"scroll","background-type":"","background-media":"","overlay-type":"","overlay-color":"","overlay-opacity":"","overlay-gradient":""}},"ast-content-background-meta":{"desktop":{"background-color":"var(--ast-global-color-5)","background-image":"","background-repeat":"repeat","background-position":"center center","background-size":"auto","background-attachment":"scroll","background-type":"","background-media":"","overlay-type":"","overlay-color":"","overlay-opacity":"","overlay-gradient":""},"tablet":{"background-color":"var(--ast-global-color-5)","background-image":"","background-repeat":"repeat","background-position":"center center","background-size":"auto","background-attachment":"scroll","background-type":"","background-media":"","overlay-type":"","overlay-color":"","overlay-opacity":"","overlay-gradient":""},"mobile":{"background-color":"var(--ast-global-color-5)","background-image":"","background-repeat":"repeat","background-position":"center center","background-size":"auto","background-attachment":"scroll","background-type":"","background-media":"","overlay-type":"","overlay-color":"","overlay-opacity":"","overlay-gradient":""}},"footnotes":""},"class_list":["post-93","page","type-page","status-publish","hentry"],"_links":{"self":[{"href":"https:\/\/svcertification.com\/sk\/wp-json\/wp\/v2\/pages\/93","targetHints":{"allow":["GET"]}}],"collection":[{"href":"https:\/\/svcertification.com\/sk\/wp-json\/wp\/v2\/pages"}],"about":[{"href":"https:\/\/svcertification.com\/sk\/wp-json\/wp\/v2\/types\/page"}],"author":[{"embeddable":true,"href":"https:\/\/svcertification.com\/sk\/wp-json\/wp\/v2\/users\/4"}],"replies":[{"embeddable":true,"href":"https:\/\/svcertification.com\/sk\/wp-json\/wp\/v2\/comments?post=93"}],"version-history":[{"count":2,"href":"https:\/\/svcertification.com\/sk\/wp-json\/wp\/v2\/pages\/93\/revisions"}],"predecessor-version":[{"id":290,"href":"https:\/\/svcertification.com\/sk\/wp-json\/wp\/v2\/pages\/93\/revisions\/290"}],"wp:attachment":[{"href":"https:\/\/svcertification.com\/sk\/wp-json\/wp\/v2\/media?parent=93"}],"curies":[{"name":"wp","href":"https:\/\/api.w.org\/{rel}","templated":true}]}}